{"id":4351,"date":"2023-01-17T05:01:28","date_gmt":"2023-01-17T05:01:28","guid":{"rendered":"https:\/\/npmin.org\/?post_type=product&#038;p=4351"},"modified":"2026-04-13T22:12:42","modified_gmt":"2026-04-13T16:12:42","slug":"plant-based-for-life-starter-kit","status":"publish","type":"product","link":"https:\/\/npmin.org\/fr\/produit\/plant-based-for-life-starter-kit\/","title":{"rendered":"Kit de d\u00e9marrage \u00e0 base de plantes pour la vie"},"content":{"rendered":"<p>Le Kit de d\u00e9marrage \u00ab\u00a0V\u00e9g\u00e9talien pour la vie\u00a0\u00bb est exactement ce que son nom sugg\u00e8re. Ce livre est sp\u00e9cialement con\u00e7u pour ceux qui envisagent de passer \u00e0 une alimentation v\u00e9g\u00e9tale et qui ne savent pas comment s&#039;y prendre, ni pourquoi. Ce livre r\u00e9pond \u00e0 des questions courantes telles que\u00a0: \u00ab\u00a0O\u00f9 trouverai-je mes prot\u00e9ines\u00a0?\u00a0\u00bb \u00ab\u00a0Comment remplacer les produits laitiers\u00a0?\u00a0\u00bb \u00ab\u00a0Et le calcium\u00a0?\u00a0\u00bb et bien plus encore. Il propose \u00e9galement un programme de repas sur deux semaines avec toutes les recettes et les instructions de pr\u00e9paration. Il est destin\u00e9 aux personnes occup\u00e9es qui n&#039;ont le temps de cuisiner que le week-end et le soir.<\/p>","protected":false},"excerpt":{"rendered":"<p>Le Kit de d\u00e9marrage \u00ab\u00a0V\u00e9g\u00e9talien pour la vie\u00a0\u00bb est exactement ce que son nom sugg\u00e8re. Ce livre est sp\u00e9cialement con\u00e7u pour ceux qui envisagent de passer \u00e0 une alimentation v\u00e9g\u00e9tale et qui ne savent pas comment s&#039;y prendre, ni pourquoi. Ce livre r\u00e9pond \u00e0 des questions courantes telles que\u00a0: \u00ab\u00a0O\u00f9 trouverai-je mes prot\u00e9ines\u00a0?\u00a0\u00bb \u00ab\u00a0Comment remplacer les produits laitiers\u00a0?\u00a0\u00bb \u00ab\u00a0Et le calcium\u00a0?\u00a0\u00bb et bien plus encore. Il propose \u00e9galement un programme de repas sur deux semaines avec toutes les recettes et les instructions de pr\u00e9paration. Il est destin\u00e9 aux personnes occup\u00e9es qui n&#039;ont le temps de cuisiner que le week-end et le soir.<\/p>","protected":false},"featured_media":4352,"template":"","meta":{"_acf_changed":false},"product_brand":[],"product_cat":[38],"product_tag":[],"class_list":{"0":"post-4351","1":"product","2":"type-product","3":"status-publish","4":"has-post-thumbnail","6":"product_cat-books","8":"first","9":"outofstock","10":"purchasable","11":"product-type-simple"},"acf":[],"_links":{"self":[{"href":"https:\/\/npmin.org\/fr\/wp-json\/wp\/v2\/product\/4351","targetHints":{"allow":["GET"]}}],"collection":[{"href":"https:\/\/npmin.org\/fr\/wp-json\/wp\/v2\/product"}],"about":[{"href":"https:\/\/npmin.org\/fr\/wp-json\/wp\/v2\/types\/product"}],"wp:featuredmedia":[{"embeddable":true,"href":"https:\/\/npmin.org\/fr\/wp-json\/wp\/v2\/media\/4352"}],"wp:attachment":[{"href":"https:\/\/npmin.org\/fr\/wp-json\/wp\/v2\/media?parent=4351"}],"wp:term":[{"taxonomy":"product_brand","embeddable":true,"href":"https:\/\/npmin.org\/fr\/wp-json\/wp\/v2\/product_brand?post=4351"},{"taxonomy":"product_cat","embeddable":true,"href":"https:\/\/npmin.org\/fr\/wp-json\/wp\/v2\/product_cat?post=4351"},{"taxonomy":"product_tag","embeddable":true,"href":"https:\/\/npmin.org\/fr\/wp-json\/wp\/v2\/product_tag?post=4351"}],"curies":[{"name":"wp","href":"https:\/\/api.w.org\/{rel}","templated":true}]}}