{"id":55,"date":"2024-07-02T13:42:21","date_gmt":"2024-07-02T13:42:21","guid":{"rendered":"https:\/\/npmin.org\/?page_id=55"},"modified":"2024-08-14T18:10:04","modified_gmt":"2024-08-14T18:10:04","slug":"services","status":"publish","type":"page","link":"https:\/\/npmin.org\/fr\/services\/","title":{"rendered":"Services"},"content":{"rendered":"<div data-elementor-type=\"wp-page\" data-elementor-id=\"55\" class=\"elementor elementor-55\" data-elementor-post-type=\"page\">\n\t\t\t\t<div class=\"elementor-element elementor-element-4cb3339 np--main-section e-flex e-con-boxed e-con e-parent\" data-id=\"4cb3339\" data-element_type=\"container\" data-e-type=\"container\" data-settings=\"{&quot;background_background&quot;:&quot;classic&quot;}\">\n\t\t\t\t\t<div class=\"e-con-inner\">\n\t\t<div class=\"elementor-element elementor-element-5f3dec2 e-con-full np--inner-section e-flex e-con e-child\" data-id=\"5f3dec2\" data-element_type=\"container\" data-e-type=\"container\">\n\t\t<div class=\"elementor-element elementor-element-b17edd4 e-con-full e-flex e-con e-child\" data-id=\"b17edd4\" data-element_type=\"container\" data-e-type=\"container\">\n\t\t\t\t<div class=\"elementor-element elementor-element-de559e6 elementor-invisible elementor-widget elementor-widget-heading\" data-id=\"de559e6\" data-element_type=\"widget\" data-e-type=\"widget\" data-settings=\"{&quot;_animation&quot;:&quot;fadeInDown&quot;}\" data-widget_type=\"heading.default\">\n\t\t\t\t<div class=\"elementor-widget-container\">\n\t\t\t\t\t<h1 class=\"elementor-heading-title elementor-size-default\">Services<\/h1>\t\t\t\t<\/div>\n\t\t\t\t<\/div>\n\t\t\t\t<div class=\"elementor-element elementor-element-a327359 elementor-widget__width-initial elementor-widget-mobile__width-inherit elementor-invisible elementor-widget elementor-widget-text-editor\" data-id=\"a327359\" data-element_type=\"widget\" data-e-type=\"widget\" data-settings=\"{&quot;_animation&quot;:&quot;fadeInUp&quot;}\" data-widget_type=\"text-editor.default\">\n\t\t\t\t<div class=\"elementor-widget-container\">\n\t\t\t\t\t\t\t\t\t<p>Il existe de nombreuses fa\u00e7ons de vous b\u00e9nir, vous et vos proches. D\u00e9couvrez-en quelques-unes ici.<\/p>\t\t\t\t\t\t\t\t<\/div>\n\t\t\t\t<\/div>\n\t\t\t\t<\/div>\n\t\t\t\t<\/div>\n\t\t\t\t\t<\/div>\n\t\t\t\t<\/div>\n\t\t<div class=\"elementor-element elementor-element-9260316 np--main-section e-flex e-con-boxed e-con e-parent\" data-id=\"9260316\" data-element_type=\"container\" data-e-type=\"container\" data-settings=\"{&quot;background_background&quot;:&quot;gradient&quot;}\">\n\t\t\t\t\t<div class=\"e-con-inner\">\n\t\t<div class=\"elementor-element elementor-element-d2065c2 np--inner-section e-flex e-con-boxed e-con e-child\" data-id=\"d2065c2\" data-element_type=\"container\" data-e-type=\"container\">\n\t\t\t\t\t<div class=\"e-con-inner\">\n\t\t<div class=\"elementor-element elementor-element-07083e8 e-flex e-con-boxed e-con e-child\" data-id=\"07083e8\" data-element_type=\"container\" data-e-type=\"container\">\n\t\t\t\t\t<div class=\"e-con-inner\">\n\t\t\t\t<div class=\"elementor-element elementor-element-aa64fcf elementor-invisible elementor-widget elementor-widget-heading\" data-id=\"aa64fcf\" data-element_type=\"widget\" data-e-type=\"widget\" data-settings=\"{&quot;_animation&quot;:&quot;fadeInDown&quot;}\" data-widget_type=\"heading.default\">\n\t\t\t\t<div class=\"elementor-widget-container\">\n\t\t\t\t\t<h3 class=\"elementor-heading-title elementor-size-default\">Notre <b>Philosophie et approche<\/b> <\/h3>\t\t\t\t<\/div>\n\t\t\t\t<\/div>\n\t\t\t\t<div class=\"elementor-element elementor-element-c84f88c elementor-invisible elementor-widget elementor-widget-text-editor\" data-id=\"c84f88c\" data-element_type=\"widget\" data-e-type=\"widget\" data-settings=\"{&quot;_animation&quot;:&quot;fadeInUp&quot;}\" data-widget_type=\"text-editor.default\">\n\t\t\t\t<div class=\"elementor-widget-container\">\n\t\t\t\t\t\t\t\t\t<p>Comment trouver la solution \u00e0 nos probl\u00e8mes\u00a0? C&#039;est gr\u00e2ce \u00e0 la Loi de la Vie, loi fondamentale de toute nature. Cette loi repose sur deux principes fondamentaux. Le premier est que rien dans la nature n&#039;existe ni ne fonctionne par lui-m\u00eame. Cela signifie que tout dans la nature a des besoins (mati\u00e8re, \u00e9nergie, ressources, etc.) qui doivent \u00eatre satisfaits pour exister ou fonctionner. Le second est que rien dans la nature n&#039;existe ni ne fonctionne par lui-m\u00eame. Cela signifie que tout dans la nature utilise ce dont il a besoin pour faire quelque chose, et ce qu&#039;il fait profite \u00e0 autrui. En termes simples, tout dans la nature prend pour donner, ce qui est la Loi de la Vie. Tout fonctionne comme un canal, un tuyau, pr\u00e9levant ce dont il a besoin \u00e0 l&#039;ext\u00e9rieur de lui-m\u00eame, puis l&#039;utilisant pour donner aux autres.<\/p><p>M\u00eame si cela peut para\u00eetre imperceptible \u00e0 premi\u00e8re vue, cette loi fondamentale a des implications consid\u00e9rables pour votre sant\u00e9 spirituelle, sociale, mentale et physique. Elle vous fournit le cadre n\u00e9cessaire pour comprendre votre probl\u00e8me et la solution \u00e0 apporter. C&#039;est une nouvelle fa\u00e7on de penser\u00a0: un changement de paradigme qui transforme votre vie et vous lib\u00e8re. Mais cela ne vous lib\u00e8re pas sans l&#039;\u00c9vangile et la gr\u00e2ce de J\u00e9sus-Christ. Elle est indissociable de l&#039;\u00c9vangile et repose sur la gr\u00e2ce de Dieu pour votre libert\u00e9. Elle vous conduit \u00e0 J\u00e9sus comme votre Seigneur et Sauveur.<br \/>\u00a0<\/p>\t\t\t\t\t\t\t\t<\/div>\n\t\t\t\t<\/div>\n\t\t\t\t<div class=\"elementor-element elementor-element-0da0bf8 btn--dark-blue  elementor-align-center elementor-widget__width-inherit elementor-invisible elementor-widget elementor-widget-button\" data-id=\"0da0bf8\" data-element_type=\"widget\" data-e-type=\"widget\" data-settings=\"{&quot;_animation&quot;:&quot;fadeInUp&quot;}\" data-widget_type=\"button.default\">\n\t\t\t\t<div class=\"elementor-widget-container\">\n\t\t\t\t\t\t\t\t\t<div class=\"elementor-button-wrapper\">\n\t\t\t\t\t<a class=\"elementor-button elementor-button-link elementor-size-sm\" href=\"https:\/\/npmin.org\/fr\/about\/\">\n\t\t\t\t\t\t<span class=\"elementor-button-content-wrapper\">\n\t\t\t\t\t\t\t\t\t<span class=\"elementor-button-text\">Apprendre encore plus<\/span>\n\t\t\t\t\t<\/span>\n\t\t\t\t\t<\/a>\n\t\t\t\t<\/div>\n\t\t\t\t\t\t\t\t<\/div>\n\t\t\t\t<\/div>\n\t\t\t\t\t<\/div>\n\t\t\t\t<\/div>\n\t\t\t\t\t<\/div>\n\t\t\t\t<\/div>\n\t\t\t\t\t<\/div>\n\t\t\t\t<\/div>\n\t\t<div class=\"elementor-element elementor-element-acf12ac np--main-section e-flex e-con-boxed e-con e-parent\" data-id=\"acf12ac\" data-element_type=\"container\" data-e-type=\"container\" data-settings=\"{&quot;background_background&quot;:&quot;classic&quot;}\">\n\t\t\t\t\t<div class=\"e-con-inner\">\n\t\t\t\t<div class=\"elementor-element elementor-element-ae24cb0 elementor-invisible elementor-widget elementor-widget-heading\" data-id=\"ae24cb0\" data-element_type=\"widget\" data-e-type=\"widget\" data-settings=\"{&quot;_animation&quot;:&quot;fadeInDown&quot;}\" data-widget_type=\"heading.default\">\n\t\t\t\t<div class=\"elementor-widget-container\">\n\t\t\t\t\t<h2 class=\"elementor-heading-title elementor-size-default\">SERVICES<\/h2>\t\t\t\t<\/div>\n\t\t\t\t<\/div>\n\t\t<div class=\"elementor-element elementor-element-c39e8ad np--inner-section np--space-m e-con-full e-flex elementor-invisible e-con e-child\" data-id=\"c39e8ad\" data-element_type=\"container\" data-e-type=\"container\" data-settings=\"{&quot;animation&quot;:&quot;fadeInUp&quot;}\">\n\t\t<div class=\"elementor-element elementor-element-b68c8c9 e-con-full e-flex e-con e-child\" data-id=\"b68c8c9\" data-element_type=\"container\" data-e-type=\"container\">\n\t\t\t\t<div class=\"elementor-element elementor-element-a661dfa elementor-widget elementor-widget-image\" data-id=\"a661dfa\" data-element_type=\"widget\" data-e-type=\"widget\" data-widget_type=\"image.default\">\n\t\t\t\t<div class=\"elementor-widget-container\">\n\t\t\t\t\t\t\t\t\t\t\t\t\t\t\t<img fetchpriority=\"high\" decoding=\"async\" width=\"387\" height=\"511\" src=\"https:\/\/npmin.org\/wp-content\/uploads\/2024\/07\/div.framer-1gaof2b-6.png\" class=\"attachment-full size-full wp-image-602\" alt=\"\" srcset=\"https:\/\/npmin.org\/wp-content\/uploads\/2024\/07\/div.framer-1gaof2b-6.png 387w, https:\/\/npmin.org\/wp-content\/uploads\/2024\/07\/div.framer-1gaof2b-6-227x300.png 227w\" sizes=\"(max-width: 387px) 100vw, 387px\" \/>\t\t\t\t\t\t\t\t\t\t\t\t\t\t\t<\/div>\n\t\t\t\t<\/div>\n\t\t\t\t<\/div>\n\t\t<div class=\"elementor-element elementor-element-f6586fc e-con-full e-flex e-con e-child\" data-id=\"f6586fc\" data-element_type=\"container\" data-e-type=\"container\">\n\t\t\t\t<div class=\"elementor-element elementor-element-271fd0e elementor-widget elementor-widget-heading\" data-id=\"271fd0e\" data-element_type=\"widget\" data-e-type=\"widget\" data-widget_type=\"heading.default\">\n\t\t\t\t<div class=\"elementor-widget-container\">\n\t\t\t\t\t<h5 class=\"elementor-heading-title elementor-size-default\">Sant\u00e9 physique<\/h5>\t\t\t\t<\/div>\n\t\t\t\t<\/div>\n\t\t\t\t<div class=\"elementor-element elementor-element-3accf3d elementor-widget elementor-widget-text-editor\" data-id=\"3accf3d\" data-element_type=\"widget\" data-e-type=\"widget\" data-widget_type=\"text-editor.default\">\n\t\t\t\t<div class=\"elementor-widget-container\">\n\t\t\t\t\t\t\t\t\t<p>Chez New Paradigm Ministries, nos consultations de sant\u00e9 physique visent \u00e0 traiter les maladies li\u00e9es au mode de vie et \u00e0 am\u00e9liorer le bien-\u00eatre g\u00e9n\u00e9ral gr\u00e2ce \u00e0 des rem\u00e8des naturels et des interventions sur le mode de vie. En alliant principes bibliques et expertise m\u00e9dicale, nous proposons des conseils personnalis\u00e9s et des outils pratiques pour g\u00e9rer et potentiellement inverser les probl\u00e8mes de sant\u00e9. Notre approche holistique garantit que la sant\u00e9 physique est prise en compte conjointement avec les facteurs mentaux, spirituels et sociaux, visant une gu\u00e9rison et une vitalit\u00e9 globales.<\/p>\t\t\t\t\t\t\t\t<\/div>\n\t\t\t\t<\/div>\n\t\t<div class=\"elementor-element elementor-element-7d3f68c e-con-full e-flex e-con e-child\" data-id=\"7d3f68c\" data-element_type=\"container\" data-e-type=\"container\">\n\t\t\t\t<div class=\"elementor-element elementor-element-d2eb696 btn--mid-blue elementor-align-center elementor-widget elementor-widget-button\" data-id=\"d2eb696\" data-element_type=\"widget\" data-e-type=\"widget\" data-widget_type=\"button.default\">\n\t\t\t\t<div class=\"elementor-widget-container\">\n\t\t\t\t\t\t\t\t\t<div class=\"elementor-button-wrapper\">\n\t\t\t\t\t<a class=\"elementor-button elementor-button-link elementor-size-sm\" href=\"https:\/\/npmin.org\/fr\/consultation\/\">\n\t\t\t\t\t\t<span class=\"elementor-button-content-wrapper\">\n\t\t\t\t\t\t\t\t\t<span class=\"elementor-button-text\">Choisissez un fournisseur<\/span>\n\t\t\t\t\t<\/span>\n\t\t\t\t\t<\/a>\n\t\t\t\t<\/div>\n\t\t\t\t\t\t\t\t<\/div>\n\t\t\t\t<\/div>\n\t\t\t\t<\/div>\n\t\t\t\t<\/div>\n\t\t\t\t<\/div>\n\t\t<div class=\"elementor-element elementor-element-ddb7aaa e-con-full np--inner-section np--space-m e-flex elementor-invisible e-con e-child\" data-id=\"ddb7aaa\" data-element_type=\"container\" data-e-type=\"container\" data-settings=\"{&quot;animation&quot;:&quot;fadeInUp&quot;}\">\n\t\t<div class=\"elementor-element elementor-element-bd93587 e-con-full e-flex e-con e-child\" data-id=\"bd93587\" data-element_type=\"container\" data-e-type=\"container\">\n\t\t\t\t<div class=\"elementor-element elementor-element-16d83f4 elementor-widget elementor-widget-heading\" data-id=\"16d83f4\" data-element_type=\"widget\" data-e-type=\"widget\" data-widget_type=\"heading.default\">\n\t\t\t\t<div class=\"elementor-widget-container\">\n\t\t\t\t\t<h5 class=\"elementor-heading-title elementor-size-default\">Sant\u00e9 mentale et sociale<\/h5>\t\t\t\t<\/div>\n\t\t\t\t<\/div>\n\t\t\t\t<div class=\"elementor-element elementor-element-1078c37 elementor-widget elementor-widget-text-editor\" data-id=\"1078c37\" data-element_type=\"widget\" data-e-type=\"widget\" data-widget_type=\"text-editor.default\">\n\t\t\t\t<div class=\"elementor-widget-container\">\n\t\t\t\t\t\t\t\t\t<p>Nos s\u00e9ances de conseil en sant\u00e9 mentale et sociale sont con\u00e7ues pour aider les individus \u00e0 surmonter des difficult\u00e9s \u00e9motionnelles et relationnelles complexes. Nous explorons les croyances, les pens\u00e9es et les relations afin de comprendre leur impact sur le bien-\u00eatre mental. Ancr\u00e9s dans les principes bibliques, nos conseillers offrent soutien et accompagnement pour favoriser la r\u00e9silience mentale, am\u00e9liorer les relations et cultiver un sentiment d&#039;appartenance et de connexion. L&#039;objectif est d&#039;apporter une compr\u00e9hension globale et des solutions qui m\u00e8nent \u00e0 une paix et une joie durables.<\/p>\t\t\t\t\t\t\t\t<\/div>\n\t\t\t\t<\/div>\n\t\t<div class=\"elementor-element elementor-element-551db2a e-con-full e-flex e-con e-child\" data-id=\"551db2a\" data-element_type=\"container\" data-e-type=\"container\">\n\t\t\t\t<div class=\"elementor-element elementor-element-17e5822 btn--mid-blue elementor-align-center elementor-widget elementor-widget-button\" data-id=\"17e5822\" data-element_type=\"widget\" data-e-type=\"widget\" data-widget_type=\"button.default\">\n\t\t\t\t<div class=\"elementor-widget-container\">\n\t\t\t\t\t\t\t\t\t<div class=\"elementor-button-wrapper\">\n\t\t\t\t\t<a class=\"elementor-button elementor-button-link elementor-size-sm\" href=\"https:\/\/npmin.org\/fr\/consultation\/\">\n\t\t\t\t\t\t<span class=\"elementor-button-content-wrapper\">\n\t\t\t\t\t\t\t\t\t<span class=\"elementor-button-text\">Choisissez un fournisseur<\/span>\n\t\t\t\t\t<\/span>\n\t\t\t\t\t<\/a>\n\t\t\t\t<\/div>\n\t\t\t\t\t\t\t\t<\/div>\n\t\t\t\t<\/div>\n\t\t\t\t<\/div>\n\t\t\t\t<\/div>\n\t\t<div class=\"elementor-element elementor-element-897134c e-con-full e-flex e-con e-child\" data-id=\"897134c\" data-element_type=\"container\" data-e-type=\"container\">\n\t\t\t\t<div class=\"elementor-element elementor-element-0a3f00b elementor-widget elementor-widget-image\" data-id=\"0a3f00b\" data-element_type=\"widget\" data-e-type=\"widget\" data-widget_type=\"image.default\">\n\t\t\t\t<div class=\"elementor-widget-container\">\n\t\t\t\t\t\t\t\t\t\t\t\t\t\t\t<img decoding=\"async\" width=\"387\" height=\"511\" src=\"https:\/\/npmin.org\/wp-content\/uploads\/2024\/07\/div.framer-1gaof2b-7.png\" class=\"attachment-full size-full wp-image-609\" alt=\"\" srcset=\"https:\/\/npmin.org\/wp-content\/uploads\/2024\/07\/div.framer-1gaof2b-7.png 387w, https:\/\/npmin.org\/wp-content\/uploads\/2024\/07\/div.framer-1gaof2b-7-227x300.png 227w\" sizes=\"(max-width: 387px) 100vw, 387px\" \/>\t\t\t\t\t\t\t\t\t\t\t\t\t\t\t<\/div>\n\t\t\t\t<\/div>\n\t\t\t\t<\/div>\n\t\t\t\t<\/div>\n\t\t<div class=\"elementor-element elementor-element-80d2665 e-con-full np--inner-section np--space-m e-flex elementor-invisible e-con e-child\" data-id=\"80d2665\" data-element_type=\"container\" data-e-type=\"container\" data-settings=\"{&quot;animation&quot;:&quot;fadeInUp&quot;}\">\n\t\t<div class=\"elementor-element elementor-element-5882e1c e-con-full e-flex e-con e-child\" data-id=\"5882e1c\" data-element_type=\"container\" data-e-type=\"container\">\n\t\t\t\t<div class=\"elementor-element elementor-element-0b5ba73 elementor-widget elementor-widget-image\" data-id=\"0b5ba73\" data-element_type=\"widget\" data-e-type=\"widget\" data-widget_type=\"image.default\">\n\t\t\t\t<div class=\"elementor-widget-container\">\n\t\t\t\t\t\t\t\t\t\t\t\t\t\t\t<img decoding=\"async\" width=\"387\" height=\"511\" src=\"https:\/\/npmin.org\/wp-content\/uploads\/2024\/07\/div.framer-1gaof2b.jpg\" class=\"attachment-full size-full wp-image-257\" alt=\"\" srcset=\"https:\/\/npmin.org\/wp-content\/uploads\/2024\/07\/div.framer-1gaof2b.jpg 387w, https:\/\/npmin.org\/wp-content\/uploads\/2024\/07\/div.framer-1gaof2b-227x300.jpg 227w\" sizes=\"(max-width: 387px) 100vw, 387px\" \/>\t\t\t\t\t\t\t\t\t\t\t\t\t\t\t<\/div>\n\t\t\t\t<\/div>\n\t\t\t\t<\/div>\n\t\t<div class=\"elementor-element elementor-element-cf9f071 e-con-full e-flex e-con e-child\" data-id=\"cf9f071\" data-element_type=\"container\" data-e-type=\"container\">\n\t\t\t\t<div class=\"elementor-element elementor-element-f599577 elementor-widget elementor-widget-heading\" data-id=\"f599577\" data-element_type=\"widget\" data-e-type=\"widget\" data-widget_type=\"heading.default\">\n\t\t\t\t<div class=\"elementor-widget-container\">\n\t\t\t\t\t<h5 class=\"elementor-heading-title elementor-size-default\">Sant\u00e9 spirituelle<\/h5>\t\t\t\t<\/div>\n\t\t\t\t<\/div>\n\t\t\t\t<div class=\"elementor-element elementor-element-2df04c2 elementor-widget elementor-widget-text-editor\" data-id=\"2df04c2\" data-element_type=\"widget\" data-e-type=\"widget\" data-widget_type=\"text-editor.default\">\n\t\t\t\t<div class=\"elementor-widget-container\">\n\t\t\t\t\t\t\t\t\t<p>New Paradigm Ministries se consacre \u00e0 la sant\u00e9 spirituelle par le biais de conseils bibliques et d&#039;accompagnement de disciples. Nos services visent \u00e0 aider les individus \u00e0 approfondir leur foi et \u00e0 trouver la libert\u00e9 en Christ. Nous r\u00e9pondons aux difficult\u00e9s spirituelles en int\u00e9grant l&#039;\u00c9vangile et la gr\u00e2ce de J\u00e9sus-Christ dans tous les aspects de la vie. Notre approche vise \u00e0 apporter un changement de paradigme qui transforme la vie, favorisant la croissance spirituelle, la paix int\u00e9rieure et une profonde connexion avec Dieu.<\/p>\t\t\t\t\t\t\t\t<\/div>\n\t\t\t\t<\/div>\n\t\t<div class=\"elementor-element elementor-element-72efb75 e-con-full e-flex e-con e-child\" data-id=\"72efb75\" data-element_type=\"container\" data-e-type=\"container\">\n\t\t\t\t<div class=\"elementor-element elementor-element-51aa10b btn--mid-blue elementor-align-center elementor-widget elementor-widget-button\" data-id=\"51aa10b\" data-element_type=\"widget\" data-e-type=\"widget\" data-widget_type=\"button.default\">\n\t\t\t\t<div class=\"elementor-widget-container\">\n\t\t\t\t\t\t\t\t\t<div class=\"elementor-button-wrapper\">\n\t\t\t\t\t<a class=\"elementor-button elementor-button-link elementor-size-sm\" href=\"https:\/\/npmin.org\/fr\/consultation\/\">\n\t\t\t\t\t\t<span class=\"elementor-button-content-wrapper\">\n\t\t\t\t\t\t\t\t\t<span class=\"elementor-button-text\">Choisissez un fournisseur<\/span>\n\t\t\t\t\t<\/span>\n\t\t\t\t\t<\/a>\n\t\t\t\t<\/div>\n\t\t\t\t\t\t\t\t<\/div>\n\t\t\t\t<\/div>\n\t\t\t\t<\/div>\n\t\t\t\t<\/div>\n\t\t\t\t<\/div>\n\t\t\t\t\t<\/div>\n\t\t\t\t<\/div>\n\t\t\t\t<\/div>","protected":false},"excerpt":{"rendered":"<p>There are a number of ways we can bless you and your loved ones. Check out some of those ways here. Our Philosophy and Approach How do we come to understand the solution to our problems? It is through the Law of Life, which is the fundamental law of all nature. This law has two [&hellip;]<\/p>\n","protected":false},"author":1,"featured_media":0,"parent":0,"menu_order":0,"comment_status":"closed","ping_status":"closed","template":"","meta":{"_acf_changed":false,"footnotes":""},"class_list":["post-55","page","type-page","status-publish","hentry"],"acf":[],"_links":{"self":[{"href":"https:\/\/npmin.org\/fr\/wp-json\/wp\/v2\/pages\/55","targetHints":{"allow":["GET"]}}],"collection":[{"href":"https:\/\/npmin.org\/fr\/wp-json\/wp\/v2\/pages"}],"about":[{"href":"https:\/\/npmin.org\/fr\/wp-json\/wp\/v2\/types\/page"}],"author":[{"embeddable":true,"href":"https:\/\/npmin.org\/fr\/wp-json\/wp\/v2\/users\/1"}],"replies":[{"embeddable":true,"href":"https:\/\/npmin.org\/fr\/wp-json\/wp\/v2\/comments?post=55"}],"version-history":[{"count":25,"href":"https:\/\/npmin.org\/fr\/wp-json\/wp\/v2\/pages\/55\/revisions"}],"predecessor-version":[{"id":7336,"href":"https:\/\/npmin.org\/fr\/wp-json\/wp\/v2\/pages\/55\/revisions\/7336"}],"wp:attachment":[{"href":"https:\/\/npmin.org\/fr\/wp-json\/wp\/v2\/media?parent=55"}],"curies":[{"name":"wp","href":"https:\/\/api.w.org\/{rel}","templated":true}]}}