{"id":1216,"date":"2024-07-23T13:24:29","date_gmt":"2024-07-23T13:24:29","guid":{"rendered":"https:\/\/npmin.org\/?page_id=1216"},"modified":"2025-06-28T02:33:38","modified_gmt":"2025-06-27T20:33:38","slug":"camp-meeting","status":"publish","type":"page","link":"https:\/\/npmin.org\/fr\/camp-meeting\/","title":{"rendered":"Camp-meeting"},"content":{"rendered":"<div data-elementor-type=\"wp-page\" data-elementor-id=\"1216\" class=\"elementor elementor-1216\" data-elementor-post-type=\"page\">\n\t\t\t\t<div class=\"elementor-element elementor-element-38b226f np--main-section e-flex e-con-boxed e-con e-parent\" data-id=\"38b226f\" data-element_type=\"container\" data-e-type=\"container\" data-settings=\"{&quot;background_background&quot;:&quot;classic&quot;}\">\n\t\t\t\t\t<div class=\"e-con-inner\">\n\t\t<div class=\"elementor-element elementor-element-733bc06 e-con-full np--inner-section e-flex e-con e-child\" data-id=\"733bc06\" data-element_type=\"container\" data-e-type=\"container\">\n\t\t<div class=\"elementor-element elementor-element-4821b00 e-con-full e-flex e-con e-child\" data-id=\"4821b00\" data-element_type=\"container\" data-e-type=\"container\">\n\t\t\t\t<div class=\"elementor-element elementor-element-91d4875 elementor-invisible elementor-widget elementor-widget-heading\" data-id=\"91d4875\" data-element_type=\"widget\" data-e-type=\"widget\" data-settings=\"{&quot;_animation&quot;:&quot;fadeInDown&quot;}\" data-widget_type=\"heading.default\">\n\t\t\t\t<div class=\"elementor-widget-container\">\n\t\t\t\t\t<h1 class=\"elementor-heading-title elementor-size-default\">Camp-meeting<\/h1>\t\t\t\t<\/div>\n\t\t\t\t<\/div>\n\t\t\t\t<div class=\"elementor-element elementor-element-1a34718 elementor-widget__width-initial elementor-widget-tablet__width-inherit elementor-invisible elementor-widget elementor-widget-text-editor\" data-id=\"1a34718\" data-element_type=\"widget\" data-e-type=\"widget\" data-settings=\"{&quot;_animation&quot;:&quot;fadeInDown&quot;}\" data-widget_type=\"text-editor.default\">\n\t\t\t\t<div class=\"elementor-widget-container\">\n\t\t\t\t\t\t\t\t\t<p>Notre prochain camp-meeting aura lieu du 17 au 21 septembre 2025. Le th\u00e8me est \u00ab\u00a0La bonne pr\u00e9paration\u00a0\u00bb. Ce camp-meeting abordera ce que signifie se pr\u00e9parer correctement au retour prochain de J\u00e9sus. Nous \u00e9tudierons la pr\u00e9paration du c\u0153ur n\u00e9cessaire pour \u00eatre pr\u00eat au retour prochain de J\u00e9sus, et comment cela se refl\u00e8te dans notre minist\u00e8re aupr\u00e8s des autres, notre lieu de r\u00e9sidence, notre gestion financi\u00e8re, et bien plus encore. \u00a0<\/p>\t\t\t\t\t\t\t\t<\/div>\n\t\t\t\t<\/div>\n\t\t\t\t<\/div>\n\t\t\t\t<\/div>\n\t\t\t\t\t<\/div>\n\t\t\t\t<\/div>\n\t\t<div class=\"elementor-element elementor-element-6c1e9f8 np--main-section e-flex e-con-boxed e-con e-parent\" data-id=\"6c1e9f8\" data-element_type=\"container\" data-e-type=\"container\" data-settings=\"{&quot;background_background&quot;:&quot;classic&quot;}\">\n\t\t\t\t\t<div class=\"e-con-inner\">\n\t\t<div class=\"elementor-element elementor-element-0def7c6 e-con-full np--inner-section np--space-m e-flex e-con e-child\" data-id=\"0def7c6\" data-element_type=\"container\" data-e-type=\"container\">\n\t\t<div class=\"elementor-element elementor-element-9356ad8 e-con-full e-flex elementor-invisible e-con e-child\" data-id=\"9356ad8\" data-element_type=\"container\" data-e-type=\"container\" data-settings=\"{&quot;animation&quot;:&quot;fadeInLeft&quot;}\">\n\t\t\t\t<div class=\"elementor-element elementor-element-6858ae5 elementor-widget elementor-widget-text-editor\" data-id=\"6858ae5\" data-element_type=\"widget\" data-e-type=\"widget\" data-widget_type=\"text-editor.default\">\n\t\t\t\t<div class=\"elementor-widget-container\">\n\t\t\t\t\t\t\t\t\t<p>New Paradigm Ministries est heureux de vous inviter \u00e0 The Right Preparation, notre camp meeting qui se tiendra du 17 au 21 septembre 2025 sur notre campus de Cabool, Missouri.<\/p><p>Nous avons ressenti le besoin de ce sujet pour deux raisons. Premi\u00e8rement, nous croyons sinc\u00e8rement au retour prochain de J\u00e9sus et nous devons nous y pr\u00e9parer d\u00e8s maintenant. Deuxi\u00e8mement, la plupart des conseils sur la pr\u00e9paration \u00e0 son retour sont mal orient\u00e9s. Alors, si vous croyez au retour prochain de J\u00e9sus et pensez qu&#039;il est n\u00e9cessaire de mieux comprendre comment s&#039;y pr\u00e9parer, venez nous rejoindre du 17 au 21 septembre 2025 sur notre campus de Cabool, dans le Missouri.<\/p><p>Michala Faber nous rejoindra depuis le Danemark pour partager des v\u00e9rit\u00e9s pratiques sur la fa\u00e7on de coop\u00e9rer avec Dieu afin que l&#039;esprit du Christ soit restaur\u00e9 en vous et que vous puissiez faire partie des 144\u00a0000. Le Dr Eric Barton explorera la proximit\u00e9 du retour du Christ et d\u00e9cryptera une partie de la mentalit\u00e9 survivaliste qui s&#039;est d\u00e9velopp\u00e9e au sein de l&#039;\u00c9glise. Scott Griswold, de Reach the World Next Door, animera des m\u00e9ditations matinales, nous encourageant \u00e0 grandir en Christ par la pri\u00e8re. Le Dr Sandoval se concentrera sur la justification par la foi dans le message du troisi\u00e8me ange et le grand cri, ainsi que sur son r\u00f4le aupr\u00e8s des 144\u00a0000. Nous proposerons \u00e9galement des r\u00e9unions pour les enfants, un repas d\u00e9licieux, des ateliers en petits groupes anim\u00e9s par Jonathan et Angela Peoples, et bien plus encore.<\/p>\t\t\t\t\t\t\t\t<\/div>\n\t\t\t\t<\/div>\n\t\t\t\t<\/div>\n\t\t<div class=\"elementor-element elementor-element-a405847 e-con-full e-flex e-con e-child\" data-id=\"a405847\" data-element_type=\"container\" data-e-type=\"container\">\n\t\t\t\t<div class=\"elementor-element elementor-element-fe47fcb elementor-invisible elementor-widget elementor-widget-image\" data-id=\"fe47fcb\" data-element_type=\"widget\" data-e-type=\"widget\" data-settings=\"{&quot;_animation&quot;:&quot;fadeInRight&quot;}\" data-widget_type=\"image.default\">\n\t\t\t\t<div class=\"elementor-widget-container\">\n\t\t\t\t\t\t\t\t\t\t\t\t\t\t\t<img fetchpriority=\"high\" decoding=\"async\" width=\"1600\" height=\"1054\" src=\"https:\/\/npmin.org\/wp-content\/uploads\/2025\/06\/2nd-Coming-Image.jpg\" class=\"attachment-full size-full wp-image-9211\" alt=\"\" srcset=\"https:\/\/npmin.org\/wp-content\/uploads\/2025\/06\/2nd-Coming-Image.jpg 1600w, https:\/\/npmin.org\/wp-content\/uploads\/2025\/06\/2nd-Coming-Image-300x198.jpg 300w, https:\/\/npmin.org\/wp-content\/uploads\/2025\/06\/2nd-Coming-Image-1024x675.jpg 1024w, https:\/\/npmin.org\/wp-content\/uploads\/2025\/06\/2nd-Coming-Image-768x506.jpg 768w, https:\/\/npmin.org\/wp-content\/uploads\/2025\/06\/2nd-Coming-Image-1536x1012.jpg 1536w, https:\/\/npmin.org\/wp-content\/uploads\/2025\/06\/2nd-Coming-Image-600x395.jpg 600w\" sizes=\"(max-width: 1600px) 100vw, 1600px\" \/>\t\t\t\t\t\t\t\t\t\t\t\t\t\t\t<\/div>\n\t\t\t\t<\/div>\n\t\t\t\t<\/div>\n\t\t\t\t<\/div>\n\t\t\t\t\t<\/div>\n\t\t\t\t<\/div>\n\t\t<div class=\"elementor-element elementor-element-faf03c5 e-flex e-con-boxed e-con e-parent\" data-id=\"faf03c5\" data-element_type=\"container\" data-e-type=\"container\" data-settings=\"{&quot;background_background&quot;:&quot;classic&quot;}\">\n\t\t\t\t\t<div class=\"e-con-inner\">\n\t\t\t\t\t<\/div>\n\t\t\t\t<\/div>\n\t\t<div class=\"elementor-element elementor-element-42a13ac np--main-section e-flex e-con-boxed e-con e-parent\" data-id=\"42a13ac\" data-element_type=\"container\" data-e-type=\"container\" data-settings=\"{&quot;background_background&quot;:&quot;classic&quot;}\">\n\t\t\t\t\t<div class=\"e-con-inner\">\n\t\t<div class=\"elementor-element elementor-element-5d04183 e-con-full np--inner-section np--space-m e-flex e-con e-child\" data-id=\"5d04183\" data-element_type=\"container\" data-e-type=\"container\">\n\t\t<div class=\"elementor-element elementor-element-032f884 e-con-full e-flex e-con e-child\" data-id=\"032f884\" data-element_type=\"container\" data-e-type=\"container\">\n\t\t\t\t<div class=\"elementor-element elementor-element-79d35e1 elementor-invisible elementor-widget elementor-widget-image\" data-id=\"79d35e1\" data-element_type=\"widget\" data-e-type=\"widget\" data-settings=\"{&quot;_animation&quot;:&quot;fadeInLeft&quot;}\" data-widget_type=\"image.default\">\n\t\t\t\t<div class=\"elementor-widget-container\">\n\t\t\t\t\t\t\t\t\t\t\t\t\t\t\t\t<a href=\"https:\/\/npmin.org\/wp-content\/uploads\/2025\/06\/Fall-Camp-Meeting-2025-Flyer-scaled.jpg\" data-elementor-open-lightbox=\"yes\" data-elementor-lightbox-title=\"Fall Camp Meeting 2025 Flyer\" data-e-action-hash=\"#elementor-action%3Aaction%3Dlightbox%26settings%3DeyJpZCI6OTIxMiwidXJsIjoiaHR0cHM6XC9cL25wbWluLm9yZ1wvd3AtY29udGVudFwvdXBsb2Fkc1wvMjAyNVwvMDZcL0ZhbGwtQ2FtcC1NZWV0aW5nLTIwMjUtRmx5ZXItc2NhbGVkLmpwZyJ9\">\n\t\t\t\t\t\t\t<img decoding=\"async\" width=\"1656\" height=\"2560\" src=\"https:\/\/npmin.org\/wp-content\/uploads\/2025\/06\/Fall-Camp-Meeting-2025-Flyer-scaled.jpg\" class=\"attachment-full size-full wp-image-9212\" alt=\"\" srcset=\"https:\/\/npmin.org\/wp-content\/uploads\/2025\/06\/Fall-Camp-Meeting-2025-Flyer-scaled.jpg 1656w, https:\/\/npmin.org\/wp-content\/uploads\/2025\/06\/Fall-Camp-Meeting-2025-Flyer-194x300.jpg 194w, https:\/\/npmin.org\/wp-content\/uploads\/2025\/06\/Fall-Camp-Meeting-2025-Flyer-663x1024.jpg 663w, https:\/\/npmin.org\/wp-content\/uploads\/2025\/06\/Fall-Camp-Meeting-2025-Flyer-768x1187.jpg 768w, https:\/\/npmin.org\/wp-content\/uploads\/2025\/06\/Fall-Camp-Meeting-2025-Flyer-994x1536.jpg 994w, https:\/\/npmin.org\/wp-content\/uploads\/2025\/06\/Fall-Camp-Meeting-2025-Flyer-1325x2048.jpg 1325w, https:\/\/npmin.org\/wp-content\/uploads\/2025\/06\/Fall-Camp-Meeting-2025-Flyer-600x927.jpg 600w\" sizes=\"(max-width: 1656px) 100vw, 1656px\" \/>\t\t\t\t\t\t\t\t<\/a>\n\t\t\t\t\t\t\t\t\t\t\t\t\t\t\t<\/div>\n\t\t\t\t<\/div>\n\t\t\t\t<\/div>\n\t\t<div class=\"elementor-element elementor-element-4fa31ea e-con-full e-flex e-con e-child\" data-id=\"4fa31ea\" data-element_type=\"container\" data-e-type=\"container\">\n\t\t\t\t<div class=\"elementor-element elementor-element-536815f elementor-invisible elementor-widget elementor-widget-text-editor\" data-id=\"536815f\" data-element_type=\"widget\" data-e-type=\"widget\" data-settings=\"{&quot;_animation&quot;:&quot;fadeInRight&quot;}\" data-widget_type=\"text-editor.default\">\n\t\t\t\t<div class=\"elementor-widget-container\">\n\t\t\t\t\t\t\t\t\t<p><strong>D\u00e9tails suppl\u00e9mentaires sur le camp meeting<\/strong><\/p><p><strong>Le camp meeting aura lieu sur notre propri\u00e9t\u00e9 \u00e0 cette adresse :<\/strong><br \/>14527 Berry Rd<br \/>Cabool, MO 65689<\/p><p><strong>A\u00e9roports<\/strong><br \/>L&#039;a\u00e9roport le plus proche est l&#039;a\u00e9roport national de Springfield-Branson (\u00e0 90 minutes). L&#039;a\u00e9roport international de Saint-Louis-Lambert (\u00e0 3 heures) est le deuxi\u00e8me plus proche. Il n&#039;y a pas de transports en commun dans notre r\u00e9gion\u00a0; vous devrez donc louer une voiture pour vous rendre au camp meeting et en revenir.<\/p><p><strong>Logement hors campus<\/strong><br \/>Les Airbnb et les VRBO sont limit\u00e9s dans notre r\u00e9gion. Les h\u00f4tels les plus proches sont<br \/>Comfort Inn and Suites \u2013 https:\/\/www.choicehotels.com\/missouri\/mountain-grove\/comfort-inn-hotels\/mo478 (\u00e0 environ 25 minutes)<br \/>Highland Inn &amp; Suites \u2013 https:\/\/www.highlandinnandsuites.com (\u00e0 environ 10 minutes)<br \/>Royal Inn \u2013 https:\/\/royalinnmo.com (\u00e0 environ 25 minutes)<\/p><p><strong>Logement sur le campus<\/strong><\/p><p>Si vous avez r\u00e9serv\u00e9 un emplacement pour camping-car, celui-ci sera \u00e9quip\u00e9 d&#039;un branchement \u00e9lectrique (30 ou 50 amp\u00e8res) et d&#039;un point d&#039;eau. Il n&#039;y a pas de fosse septique sur votre emplacement, mais une station de vidange est \u00e0 votre disposition \u00e0 proximit\u00e9.<\/p><p>Si vous campez sous tente sur la propri\u00e9t\u00e9, sachez que le terrain du Missouri est tr\u00e8s rocailleux\u00a0; ne vous attendez donc pas \u00e0 un tapis d&#039;herbe moelleux. Pr\u00e9voyez un matelas pour dormir dans votre tente. Les emplacements seront attribu\u00e9s selon le principe du premier arriv\u00e9, premier servi. Nous n&#039;avons pas d&#039;emplacements balis\u00e9s, mais \u00e0 votre arriv\u00e9e, nous vous indiquerons les zones o\u00f9 vous pourrez installer votre tente. Certains emplacements sont suffisamment proches pour avoir l&#039;\u00e9lectricit\u00e9 avec une rallonge de 15 ou 30\u00a0m\u00e8tres, mais ces emplacements seront limit\u00e9s. La plupart n&#039;auront pas d&#039;acc\u00e8s \u00e0 l&#039;\u00e9lectricit\u00e9.<\/p><p><em><strong>Des informations compl\u00e9mentaires vous seront envoy\u00e9es apr\u00e8s votre inscription.<\/strong><\/em><\/p>\t\t\t\t\t\t\t\t<\/div>\n\t\t\t\t<\/div>\n\t\t\t\t<div class=\"elementor-element elementor-element-7788f78 btn--teal full-btn elementor-invisible elementor-widget elementor-widget-button\" data-id=\"7788f78\" data-element_type=\"widget\" data-e-type=\"widget\" data-settings=\"{&quot;_animation&quot;:&quot;fadeInUp&quot;}\" data-widget_type=\"button.default\">\n\t\t\t\t<div class=\"elementor-widget-container\">\n\t\t\t\t\t\t\t\t\t<div class=\"elementor-button-wrapper\">\n\t\t\t\t\t<a class=\"elementor-button elementor-button-link elementor-size-sm\" href=\"https:\/\/npmin.org\/fr\/camp-meeting\/registration\/\">\n\t\t\t\t\t\t<span class=\"elementor-button-content-wrapper\">\n\t\t\t\t\t\t\t\t\t<span class=\"elementor-button-text\">INSCRIVEZ-VOUS MAINTENANT<\/span>\n\t\t\t\t\t<\/span>\n\t\t\t\t\t<\/a>\n\t\t\t\t<\/div>\n\t\t\t\t\t\t\t\t<\/div>\n\t\t\t\t<\/div>\n\t\t\t\t<\/div>\n\t\t\t\t<\/div>\n\t\t\t\t\t<\/div>\n\t\t\t\t<\/div>\n\t\t\t\t<\/div>","protected":false},"excerpt":{"rendered":"<p>Our next camp meeting will be September 17-21, 2025. The theme is The Right Preparation. This camp meeting will look at what it means to prepare correctly for the soon return of Jesus. We will study the heart preparation needed to be ready for Jesus&#8217; soon return, and how that reflects in our ministry to [&hellip;]<\/p>\n","protected":false},"author":3,"featured_media":0,"parent":0,"menu_order":0,"comment_status":"closed","ping_status":"closed","template":"","meta":{"_acf_changed":false,"footnotes":""},"class_list":["post-1216","page","type-page","status-publish","hentry"],"acf":[],"_links":{"self":[{"href":"https:\/\/npmin.org\/fr\/wp-json\/wp\/v2\/pages\/1216","targetHints":{"allow":["GET"]}}],"collection":[{"href":"https:\/\/npmin.org\/fr\/wp-json\/wp\/v2\/pages"}],"about":[{"href":"https:\/\/npmin.org\/fr\/wp-json\/wp\/v2\/types\/page"}],"author":[{"embeddable":true,"href":"https:\/\/npmin.org\/fr\/wp-json\/wp\/v2\/users\/3"}],"replies":[{"embeddable":true,"href":"https:\/\/npmin.org\/fr\/wp-json\/wp\/v2\/comments?post=1216"}],"version-history":[{"count":25,"href":"https:\/\/npmin.org\/fr\/wp-json\/wp\/v2\/pages\/1216\/revisions"}],"predecessor-version":[{"id":9221,"href":"https:\/\/npmin.org\/fr\/wp-json\/wp\/v2\/pages\/1216\/revisions\/9221"}],"wp:attachment":[{"href":"https:\/\/npmin.org\/fr\/wp-json\/wp\/v2\/media?parent=1216"}],"curies":[{"name":"wp","href":"https:\/\/api.w.org\/{rel}","templated":true}]}}