{"id":9893,"date":"2026-04-16T05:56:38","date_gmt":"2026-04-15T23:56:38","guid":{"rendered":"https:\/\/npmin.org\/?post_type=product&#038;p=9893"},"modified":"2026-04-16T05:56:39","modified_gmt":"2026-04-15T23:56:39","slug":"there-is-a-solution-111-daily-messages-of-hope","status":"publish","type":"product","link":"https:\/\/npmin.org\/es\/producto\/there-is-a-solution-111-daily-messages-of-hope\/","title":{"rendered":"Existe una soluci\u00f3n: 111 mensajes diarios de esperanza"},"content":{"rendered":"<p>Estas p\u00e1ginas est\u00e1n escritas para ayudarte a caminar con la confianza y la seguridad que provienen de vivir como un hijo amado de Dios. A trav\u00e9s de las historias reales de personas comunes, ver\u00e1s la provisi\u00f3n, la restauraci\u00f3n, la gu\u00eda y el prop\u00f3sito que Dios trae incluso en medio del dolor. Aprende a aferrarte a sus promesas y a convertirlas en fortaleza para la vida diaria. D\u00eda a d\u00eda, descubrir\u00e1s c\u00f3mo la vida florece verdaderamente cuando Dios es tu fuente.<\/p>\n<p>232 p\u00e1ginas<\/p>","protected":false},"excerpt":{"rendered":"<p>Estas p\u00e1ginas est\u00e1n escritas para ayudarte a caminar con la confianza y la seguridad que provienen de vivir como un hijo amado de Dios.<\/p>","protected":false},"featured_media":9895,"template":"","meta":{"_acf_changed":false},"product_brand":[],"product_cat":[38],"product_tag":[210,178,176,213,211,212],"class_list":{"0":"post-9893","1":"product","2":"type-product","3":"status-publish","4":"has-post-thumbnail","6":"product_cat-books","7":"product_tag-devotional","8":"product_tag-healing","9":"product_tag-law-of-life","10":"product_tag-pain","11":"product_tag-stories","12":"product_tag-testimonies","14":"first","15":"instock","16":"shipping-taxable","17":"purchasable","18":"product-type-simple"},"acf":[],"_links":{"self":[{"href":"https:\/\/npmin.org\/es\/wp-json\/wp\/v2\/product\/9893","targetHints":{"allow":["GET"]}}],"collection":[{"href":"https:\/\/npmin.org\/es\/wp-json\/wp\/v2\/product"}],"about":[{"href":"https:\/\/npmin.org\/es\/wp-json\/wp\/v2\/types\/product"}],"wp:featuredmedia":[{"embeddable":true,"href":"https:\/\/npmin.org\/es\/wp-json\/wp\/v2\/media\/9895"}],"wp:attachment":[{"href":"https:\/\/npmin.org\/es\/wp-json\/wp\/v2\/media?parent=9893"}],"wp:term":[{"taxonomy":"product_brand","embeddable":true,"href":"https:\/\/npmin.org\/es\/wp-json\/wp\/v2\/product_brand?post=9893"},{"taxonomy":"product_cat","embeddable":true,"href":"https:\/\/npmin.org\/es\/wp-json\/wp\/v2\/product_cat?post=9893"},{"taxonomy":"product_tag","embeddable":true,"href":"https:\/\/npmin.org\/es\/wp-json\/wp\/v2\/product_tag?post=9893"}],"curies":[{"name":"gracias","href":"https:\/\/api.w.org\/{rel}","templated":true}]}}