{"id":9749,"date":"2026-03-12T09:46:17","date_gmt":"2026-03-12T03:46:17","guid":{"rendered":"https:\/\/npmin.org\/?post_type=product&#038;p=9749"},"modified":"2026-03-12T09:48:48","modified_gmt":"2026-03-12T03:48:48","slug":"truth-for-life-flash-drive","status":"publish","type":"product","link":"https:\/\/npmin.org\/es\/producto\/truth-for-life-flash-drive\/","title":{"rendered":"Verdad para la VIDA (Memoria USB)"},"content":{"rendered":"<p>Esta serie de 24 partes, grabada profesionalmente, fue creada espec\u00edficamente para ayudarte a ti y a tus seres queridos a experimentar la libertad a trav\u00e9s de la verdad. Jes\u00fas dijo: \u201cLa verdad os har\u00e1 libres\u201d (Juan 8:32). Y tambi\u00e9n: \u201cYo soy el camino, la verdad y la vida\u201d (Juan 14:6). Esta serie te ayuda a comprender la raz\u00f3n de tus problemas, la soluci\u00f3n que Dios tiene para liberarte, tu verdadera identidad y valor, y tu prop\u00f3sito en la vida. Te enamorar\u00e1s del Dios que se presenta en esta serie y encontrar\u00e1s esperanza y sanaci\u00f3n a trav\u00e9s de sus principios.<\/p>\n<p>&nbsp;<\/p>\n<p>1 \u2013 La verdad para la vida<\/p>\n<p>2 \u2013 Lo que no aprend\u00ed en la facultad de medicina<\/p>\n<p>3 \u2013 \u00bfQu\u00e9 son los pensamientos?<\/p>\n<p>4 \u2013 Conociendo a Dios<\/p>\n<p>5 \u2013 Encontrar tu verdadera identidad y valor<\/p>\n<p>6 \u2013 Las 5 causas de la disfunci\u00f3n<\/p>\n<p>7 \u2013 El mayor problema 1<\/p>\n<p>8 \u2013 El mayor problema 2<\/p>\n<p>9 \u2013 El Plan de Salvaci\u00f3n<\/p>\n<p>10 \u2013 Aceptaci\u00f3n y entrega<\/p>\n<p>11 \u2013 Confesi\u00f3n, arrepentimiento y restituci\u00f3n<\/p>\n<p>12 \u2013 Conectando con la vid y creciendo en ella<\/p>\n<p>13 \u2013 Superar los pensamientos negativos<\/p>\n<p>14 \u2013 C\u00f3mo afrontar la tentaci\u00f3n y las adicciones<\/p>\n<p>15 \u2013 La verdadera identidad<\/p>\n<p>16 \u2013 Libres para amar<\/p>\n<p>17 \u2013 Matrimonio<\/p>\n<p>18 \u2013 Fundamentos de la crianza de los hijos<\/p>\n<p>19 \u2013 \u00c1mbito de actuaci\u00f3n y l\u00edmites saludables<\/p>\n<p>20 \u2013 Salud por la fe<\/p>\n<p>21 \u2013 Administraci\u00f3n vs. Propiedad<\/p>\n<p>22 \u2013 C\u00f3mo afrontar las relaciones dif\u00edciles<\/p>\n<p>23 \u2013 Resoluci\u00f3n de conflictos<\/p>\n<p>24 \u2013 Un llamado eterno<\/p>","protected":false},"excerpt":{"rendered":"<p>Esta serie de 24 episodios, grabada profesionalmente, fue creada espec\u00edficamente para ayudarle a usted y a sus seres queridos a experimentar la libertad a trav\u00e9s de la verdad.<\/p>","protected":false},"featured_media":9750,"template":"","meta":{"_acf_changed":false},"product_brand":[],"product_cat":[39],"product_tag":[40,177,176,208,151,207,209,206],"class_list":{"0":"post-9749","1":"product","2":"type-product","3":"status-publish","4":"has-post-thumbnail","6":"product_cat-videos","7":"product_tag-flash-drive","8":"product_tag-health","9":"product_tag-law-of-life","10":"product_tag-physical-health","11":"product_tag-relationships","12":"product_tag-spiritual-health","13":"product_tag-truth","14":"product_tag-truth-for-life","16":"first","17":"instock","18":"shipping-taxable","19":"purchasable","20":"product-type-simple"},"acf":[],"_links":{"self":[{"href":"https:\/\/npmin.org\/es\/wp-json\/wp\/v2\/product\/9749","targetHints":{"allow":["GET"]}}],"collection":[{"href":"https:\/\/npmin.org\/es\/wp-json\/wp\/v2\/product"}],"about":[{"href":"https:\/\/npmin.org\/es\/wp-json\/wp\/v2\/types\/product"}],"wp:featuredmedia":[{"embeddable":true,"href":"https:\/\/npmin.org\/es\/wp-json\/wp\/v2\/media\/9750"}],"wp:attachment":[{"href":"https:\/\/npmin.org\/es\/wp-json\/wp\/v2\/media?parent=9749"}],"wp:term":[{"taxonomy":"product_brand","embeddable":true,"href":"https:\/\/npmin.org\/es\/wp-json\/wp\/v2\/product_brand?post=9749"},{"taxonomy":"product_cat","embeddable":true,"href":"https:\/\/npmin.org\/es\/wp-json\/wp\/v2\/product_cat?post=9749"},{"taxonomy":"product_tag","embeddable":true,"href":"https:\/\/npmin.org\/es\/wp-json\/wp\/v2\/product_tag?post=9749"}],"curies":[{"name":"gracias","href":"https:\/\/api.w.org\/{rel}","templated":true}]}}