{"id":9714,"date":"2026-02-11T21:41:41","date_gmt":"2026-02-11T15:41:41","guid":{"rendered":"https:\/\/npmin.org\/?post_type=product&#038;p=9714"},"modified":"2026-02-11T21:42:31","modified_gmt":"2026-02-11T15:42:31","slug":"understanding-us-pdf","status":"publish","type":"product","link":"https:\/\/npmin.org\/es\/producto\/understanding-us-pdf\/","title":{"rendered":"Entendiendo qui\u00e9nes somos: planes de lecciones para ni\u00f1os (PDF)"},"content":{"rendered":"<p>\u00abEntendiendo a los dem\u00e1s\u00bb es un plan de lecciones de 20 partes para ni\u00f1os, que sigue la estructura del libro del Dr. Horst Muller, \u00ab\u00bfPor qu\u00e9 enfermamos?\u00bb. Las lecciones est\u00e1n dirigidas a ni\u00f1os de 7 a 10 a\u00f1os, pero tambi\u00e9n son adecuadas para ni\u00f1os m\u00e1s peque\u00f1os. Es un archivo PDF que puedes descargar e imprimir para ti o tus hijos, o usar en un dispositivo.<\/p>","protected":false},"excerpt":{"rendered":"<p>&quot;Entendiendo qui\u00e9nes somos&quot; es un plan de lecciones de 20 partes para ni\u00f1os de hasta 10 a\u00f1os. Es un archivo PDF descargable.<\/p>","protected":false},"featured_media":9716,"template":"","meta":{"_acf_changed":false},"product_brand":[],"product_cat":[125,30],"product_tag":[200,201,128,177,176,202,129,151],"class_list":{"0":"post-9714","1":"product","2":"type-product","3":"status-publish","4":"has-post-thumbnail","6":"product_cat-downloadable-products","7":"product_cat-uncategorized","8":"product_tag-children","9":"product_tag-childrens-materials","10":"product_tag-download","11":"product_tag-health","12":"product_tag-law-of-life","13":"product_tag-mental-health","14":"product_tag-pdf","15":"product_tag-relationships","17":"first","18":"instock","19":"downloadable","20":"shipping-taxable","21":"purchasable","22":"product-type-simple"},"acf":[],"_links":{"self":[{"href":"https:\/\/npmin.org\/es\/wp-json\/wp\/v2\/product\/9714","targetHints":{"allow":["GET"]}}],"collection":[{"href":"https:\/\/npmin.org\/es\/wp-json\/wp\/v2\/product"}],"about":[{"href":"https:\/\/npmin.org\/es\/wp-json\/wp\/v2\/types\/product"}],"wp:featuredmedia":[{"embeddable":true,"href":"https:\/\/npmin.org\/es\/wp-json\/wp\/v2\/media\/9716"}],"wp:attachment":[{"href":"https:\/\/npmin.org\/es\/wp-json\/wp\/v2\/media?parent=9714"}],"wp:term":[{"taxonomy":"product_brand","embeddable":true,"href":"https:\/\/npmin.org\/es\/wp-json\/wp\/v2\/product_brand?post=9714"},{"taxonomy":"product_cat","embeddable":true,"href":"https:\/\/npmin.org\/es\/wp-json\/wp\/v2\/product_cat?post=9714"},{"taxonomy":"product_tag","embeddable":true,"href":"https:\/\/npmin.org\/es\/wp-json\/wp\/v2\/product_tag?post=9714"}],"curies":[{"name":"gracias","href":"https:\/\/api.w.org\/{rel}","templated":true}]}}