{"id":9561,"date":"2025-11-03T23:20:51","date_gmt":"2025-11-03T17:20:51","guid":{"rendered":"https:\/\/npmin.org\/?post_type=product&#038;p=9561"},"modified":"2026-03-05T22:55:13","modified_gmt":"2026-03-05T16:55:13","slug":"take-to-give-book","status":"publish","type":"product","link":"https:\/\/npmin.org\/es\/producto\/take-to-give-book\/","title":{"rendered":"Libro Take to Give"},"content":{"rendered":"<p>\u00abTomar para dar\u00bb es un sencillo cuento ilustrado para ni\u00f1os de 3 a 7 a\u00f1os que les ayudar\u00e1 a comprender el principio fundamental de la Ley de Vida: Tomar para dar. Belinda McCallion, madre y autora, tiene una maravillosa habilidad para transmitir conceptos a los m\u00e1s peque\u00f1os a trav\u00e9s de historias e ilustraciones sencillas. A tus hijos les encantar\u00e1 este libro y aprender\u00e1n a comprender el principio b\u00e1sico de la Ley de Vida: tomar para dar.<\/p>","protected":false},"excerpt":{"rendered":"<p>&quot;Tomar para dar&quot; es un sencillo cuento ilustrado para ni\u00f1os de 3 a 7 a\u00f1os que les ayudar\u00e1 a comprender el principio fundamental de la Ley de la Vida: Tomar para dar.<\/p>","protected":false},"featured_media":9562,"template":"","meta":{"_acf_changed":false},"product_brand":[],"product_cat":[38],"product_tag":[174,173,49],"class_list":{"0":"post-9561","1":"product","2":"type-product","3":"status-publish","4":"has-post-thumbnail","6":"product_cat-books","7":"product_tag-childrens-books","8":"product_tag-take-to-give","9":"product_tag-the-law-of-life","11":"first","12":"outofstock","13":"shipping-taxable","14":"purchasable","15":"product-type-simple"},"acf":[],"_links":{"self":[{"href":"https:\/\/npmin.org\/es\/wp-json\/wp\/v2\/product\/9561","targetHints":{"allow":["GET"]}}],"collection":[{"href":"https:\/\/npmin.org\/es\/wp-json\/wp\/v2\/product"}],"about":[{"href":"https:\/\/npmin.org\/es\/wp-json\/wp\/v2\/types\/product"}],"wp:featuredmedia":[{"embeddable":true,"href":"https:\/\/npmin.org\/es\/wp-json\/wp\/v2\/media\/9562"}],"wp:attachment":[{"href":"https:\/\/npmin.org\/es\/wp-json\/wp\/v2\/media?parent=9561"}],"wp:term":[{"taxonomy":"product_brand","embeddable":true,"href":"https:\/\/npmin.org\/es\/wp-json\/wp\/v2\/product_brand?post=9561"},{"taxonomy":"product_cat","embeddable":true,"href":"https:\/\/npmin.org\/es\/wp-json\/wp\/v2\/product_cat?post=9561"},{"taxonomy":"product_tag","embeddable":true,"href":"https:\/\/npmin.org\/es\/wp-json\/wp\/v2\/product_tag?post=9561"}],"curies":[{"name":"gracias","href":"https:\/\/api.w.org\/{rel}","templated":true}]}}