{"id":9145,"date":"2025-04-14T10:22:47","date_gmt":"2025-04-14T04:22:47","guid":{"rendered":"https:\/\/npmin.org\/?post_type=product&#038;p=9145"},"modified":"2025-04-16T21:37:56","modified_gmt":"2025-04-16T15:37:56","slug":"t-shirt-john-832","status":"publish","type":"product","link":"https:\/\/npmin.org\/es\/producto\/t-shirt-john-832\/","title":{"rendered":"Camiseta (Juan 8:32)"},"content":{"rendered":"<p>Esta camiseta de Ministerios Nuevo Paradigma tiene el logotipo del ministerio al frente. En la espalda, la frase &quot;Verdad para la VIDA&quot; incluye el siguiente texto: &quot;Y conocer\u00e9is la verdad, y la verdad os har\u00e1 libres&quot; (Juan 8:32). La camiseta es negra y est\u00e1 disponible en tallas desde la peque\u00f1a hasta la XXL.<\/p>","protected":false},"excerpt":{"rendered":"<p>Camiseta negra con el logo de NPMin en la parte delantera y Juan 8:32 en la espalda.<\/p>","protected":false},"featured_media":9155,"template":"","meta":{"_acf_changed":false},"product_brand":[],"product_cat":[156],"product_tag":[158,160,161,159,157],"class_list":{"0":"post-9145","1":"product","2":"type-product","3":"status-publish","4":"has-post-thumbnail","6":"product_cat-apparel","7":"product_tag-black","8":"product_tag-john-832","9":"product_tag-ministry","10":"product_tag-new-paradigm-ministries","11":"product_tag-t-shirt","12":"product_shipping_class-free-shipping-category","14":"first","15":"instock","16":"shipping-taxable","17":"purchasable","18":"product-type-variable"},"acf":[],"_links":{"self":[{"href":"https:\/\/npmin.org\/es\/wp-json\/wp\/v2\/product\/9145","targetHints":{"allow":["GET"]}}],"collection":[{"href":"https:\/\/npmin.org\/es\/wp-json\/wp\/v2\/product"}],"about":[{"href":"https:\/\/npmin.org\/es\/wp-json\/wp\/v2\/types\/product"}],"wp:featuredmedia":[{"embeddable":true,"href":"https:\/\/npmin.org\/es\/wp-json\/wp\/v2\/media\/9155"}],"wp:attachment":[{"href":"https:\/\/npmin.org\/es\/wp-json\/wp\/v2\/media?parent=9145"}],"wp:term":[{"taxonomy":"product_brand","embeddable":true,"href":"https:\/\/npmin.org\/es\/wp-json\/wp\/v2\/product_brand?post=9145"},{"taxonomy":"product_cat","embeddable":true,"href":"https:\/\/npmin.org\/es\/wp-json\/wp\/v2\/product_cat?post=9145"},{"taxonomy":"product_tag","embeddable":true,"href":"https:\/\/npmin.org\/es\/wp-json\/wp\/v2\/product_tag?post=9145"}],"curies":[{"name":"gracias","href":"https:\/\/api.w.org\/{rel}","templated":true}]}}