{"id":9139,"date":"2025-04-08T08:33:39","date_gmt":"2025-04-08T02:33:39","guid":{"rendered":"https:\/\/npmin.org\/?post_type=product&#038;p=9139"},"modified":"2025-04-08T08:33:40","modified_gmt":"2025-04-08T02:33:40","slug":"the-study-of-life","status":"publish","type":"product","link":"https:\/\/npmin.org\/es\/producto\/the-study-of-life\/","title":{"rendered":"El estudio de la vida"},"content":{"rendered":"<p>\u00bfCu\u00e1l es la mayor necesidad de tu vida? \u00bfComida, ox\u00edgeno, agua? \u00bfO es algo m\u00e1s? Existe una condici\u00f3n para vivir. Y est\u00e1 relacionada con la necesidad primordial del ser humano: el amor. Para vivir, debes amar, y para amar, debes recibir amor de la Fuente verdadera.<\/p>\n<p>El Estudio de la Vida es un libro de 115 p\u00e1ginas con un lenguaje sencillo y numerosas ilustraciones para ayudar a comprender el concepto de la Ley de la Vida y sus aplicaciones. Si te resulta dif\u00edcil comprender la Ley de la Vida, este libro simplifica el tema. Es ideal para compartir con ni\u00f1os.<\/p>","protected":false},"excerpt":{"rendered":"<p>El Estudio de la Vida es un libro de 115 p\u00e1ginas con un lenguaje sencillo y numerosas ilustraciones para ayudar a comprender el concepto de la Ley de la Vida y sus aplicaciones. Si te resulta dif\u00edcil comprender la Ley de la Vida, este libro simplifica el tema. Es ideal para compartir con ni\u00f1os.<\/p>","protected":false},"featured_media":9141,"template":"","meta":{"_acf_changed":false},"product_brand":[],"product_cat":[38],"product_tag":[],"class_list":{"0":"post-9139","1":"product","2":"type-product","3":"status-publish","4":"has-post-thumbnail","6":"product_cat-books","8":"first","9":"instock","10":"shipping-taxable","11":"purchasable","12":"product-type-simple"},"acf":[],"_links":{"self":[{"href":"https:\/\/npmin.org\/es\/wp-json\/wp\/v2\/product\/9139","targetHints":{"allow":["GET"]}}],"collection":[{"href":"https:\/\/npmin.org\/es\/wp-json\/wp\/v2\/product"}],"about":[{"href":"https:\/\/npmin.org\/es\/wp-json\/wp\/v2\/types\/product"}],"wp:featuredmedia":[{"embeddable":true,"href":"https:\/\/npmin.org\/es\/wp-json\/wp\/v2\/media\/9141"}],"wp:attachment":[{"href":"https:\/\/npmin.org\/es\/wp-json\/wp\/v2\/media?parent=9139"}],"wp:term":[{"taxonomy":"product_brand","embeddable":true,"href":"https:\/\/npmin.org\/es\/wp-json\/wp\/v2\/product_brand?post=9139"},{"taxonomy":"product_cat","embeddable":true,"href":"https:\/\/npmin.org\/es\/wp-json\/wp\/v2\/product_cat?post=9139"},{"taxonomy":"product_tag","embeddable":true,"href":"https:\/\/npmin.org\/es\/wp-json\/wp\/v2\/product_tag?post=9139"}],"curies":[{"name":"gracias","href":"https:\/\/api.w.org\/{rel}","templated":true}]}}