{"id":9015,"date":"2025-02-09T22:10:35","date_gmt":"2025-02-09T22:10:35","guid":{"rendered":"https:\/\/npmin.org\/?post_type=product&#038;p=9015"},"modified":"2025-02-09T22:10:36","modified_gmt":"2025-02-09T22:10:36","slug":"lessons-from-covid-download","status":"publish","type":"product","link":"https:\/\/npmin.org\/es\/producto\/lessons-from-covid-download\/","title":{"rendered":"Lecciones de la Covid (Descargar)"},"content":{"rendered":"<p>Lecciones de la Covid (Descargar) contiene una serie de 11 presentaciones en video (en formato mp4, incluyendo todas las diapositivas de PowerPoint, archivos PDF y archivos de audio mp3) que abordan las siguientes preguntas: \u00bfEs necesario enfermarse solo porque las personas a nuestro alrededor est\u00e1n enfermas? \u00bfPodemos estar libres del miedo en medio de una pandemia o epidemia? \u00bfPor qu\u00e9 nos enfermamos? \u00bfQu\u00e9 se necesita para estar sano? \u00bfLa causa de la enfermedad est\u00e1 fuera de nosotros o dentro de nosotros? \u00bfCu\u00e1l es la agenda detr\u00e1s de los eventos en torno a la pandemia de Covid? \u00bfY ad\u00f3nde nos llevar\u00e1 esto en el futuro? Si busca respuestas a estas preguntas y m\u00e1s, Lecciones de la Covid es para usted.<\/p>\n<p>Como se trata de una descarga, aseg\u00farese de tener una buena conexi\u00f3n a Internet, ya que algunos de los archivos son bastante grandes.<\/p>","protected":false},"excerpt":{"rendered":"<p>Lecciones de la Covid (Descargar) contiene una presentaci\u00f3n en video de 11 partes (con archivos MP3, PowerPoint y PDF) que puedes descargar a tu computadora o dispositivo. Descubre c\u00f3mo nos equivocamos y qu\u00e9 debemos saber antes de que algo as\u00ed vuelva a ocurrir.<\/p>","protected":false},"featured_media":9017,"template":"","meta":{"_acf_changed":false},"product_brand":[],"product_cat":[125],"product_tag":[48,128,155,43,153,154,129,45,47],"class_list":{"0":"post-9015","1":"product","2":"type-product","3":"status-publish","4":"has-post-thumbnail","6":"product_cat-downloadable-products","7":"product_tag-audio","8":"product_tag-download","9":"product_tag-lessons","10":"product_tag-lessons-from-covid","11":"product_tag-mp3","12":"product_tag-mp4","13":"product_tag-pdf","14":"product_tag-powerpoint","15":"product_tag-video","17":"first","18":"instock","19":"downloadable","20":"virtual","21":"purchasable","22":"product-type-simple"},"acf":[],"_links":{"self":[{"href":"https:\/\/npmin.org\/es\/wp-json\/wp\/v2\/product\/9015","targetHints":{"allow":["GET"]}}],"collection":[{"href":"https:\/\/npmin.org\/es\/wp-json\/wp\/v2\/product"}],"about":[{"href":"https:\/\/npmin.org\/es\/wp-json\/wp\/v2\/types\/product"}],"wp:featuredmedia":[{"embeddable":true,"href":"https:\/\/npmin.org\/es\/wp-json\/wp\/v2\/media\/9017"}],"wp:attachment":[{"href":"https:\/\/npmin.org\/es\/wp-json\/wp\/v2\/media?parent=9015"}],"wp:term":[{"taxonomy":"product_brand","embeddable":true,"href":"https:\/\/npmin.org\/es\/wp-json\/wp\/v2\/product_brand?post=9015"},{"taxonomy":"product_cat","embeddable":true,"href":"https:\/\/npmin.org\/es\/wp-json\/wp\/v2\/product_cat?post=9015"},{"taxonomy":"product_tag","embeddable":true,"href":"https:\/\/npmin.org\/es\/wp-json\/wp\/v2\/product_tag?post=9015"}],"curies":[{"name":"gracias","href":"https:\/\/api.w.org\/{rel}","templated":true}]}}