{"id":9011,"date":"2025-02-09T22:03:42","date_gmt":"2025-02-09T22:03:42","guid":{"rendered":"https:\/\/npmin.org\/?post_type=product&#038;p=9011"},"modified":"2025-02-09T22:03:43","modified_gmt":"2025-02-09T22:03:43","slug":"improving-relationships-download","status":"publish","type":"product","link":"https:\/\/npmin.org\/es\/producto\/improving-relationships-download\/","title":{"rendered":"Mejorando las relaciones (Descargar)"},"content":{"rendered":"<p>Si alguna vez has tenido dificultades en tus relaciones, Mejorando las Relaciones (Descargar) es para ti. A trav\u00e9s de 12 videos de alta definici\u00f3n (junto con archivos de audio MP3, archivos de PowerPoint y PDF de todas las diapositivas), el Dr. Sandoval desvela las distracciones confusas y llega a la ra\u00edz del problema. Te ofrece perspectivas y soluciones para algunos de tus problemas de relaci\u00f3n m\u00e1s profundos. Y te anima, con historias, ilustraciones, experiencias personales y los principios de la palabra de Dios, a adoptar esos principios que transformar\u00e1n tus relaciones.<\/p>\n<p>Estos materiales est\u00e1n disponibles para descargar, as\u00ed que aseg\u00farese de tener una buena conexi\u00f3n a Internet, ya que algunos de los archivos son bastante grandes.<\/p>","protected":false},"excerpt":{"rendered":"<p>Si alguna vez has tenido dificultades en tus relaciones, Mejorar tus Relaciones (descargar) es para ti. Incluye 12 videos de alta definici\u00f3n, archivos de audio MP3, presentaciones de PowerPoint y PDF de todas las diapositivas.<\/p>","protected":false},"featured_media":9013,"template":"","meta":{"_acf_changed":false},"product_brand":[],"product_cat":[125],"product_tag":[48,128,152,153,154,129,45,150,151,47],"class_list":{"0":"post-9011","1":"product","2":"type-product","3":"status-publish","4":"has-post-thumbnail","6":"product_cat-downloadable-products","7":"product_tag-audio","8":"product_tag-download","9":"product_tag-improving","10":"product_tag-mp3","11":"product_tag-mp4","12":"product_tag-pdf","13":"product_tag-powerpoint","14":"product_tag-relationship","15":"product_tag-relationships","16":"product_tag-video","18":"first","19":"instock","20":"downloadable","21":"virtual","22":"purchasable","23":"product-type-simple"},"acf":[],"_links":{"self":[{"href":"https:\/\/npmin.org\/es\/wp-json\/wp\/v2\/product\/9011","targetHints":{"allow":["GET"]}}],"collection":[{"href":"https:\/\/npmin.org\/es\/wp-json\/wp\/v2\/product"}],"about":[{"href":"https:\/\/npmin.org\/es\/wp-json\/wp\/v2\/types\/product"}],"wp:featuredmedia":[{"embeddable":true,"href":"https:\/\/npmin.org\/es\/wp-json\/wp\/v2\/media\/9013"}],"wp:attachment":[{"href":"https:\/\/npmin.org\/es\/wp-json\/wp\/v2\/media?parent=9011"}],"wp:term":[{"taxonomy":"product_brand","embeddable":true,"href":"https:\/\/npmin.org\/es\/wp-json\/wp\/v2\/product_brand?post=9011"},{"taxonomy":"product_cat","embeddable":true,"href":"https:\/\/npmin.org\/es\/wp-json\/wp\/v2\/product_cat?post=9011"},{"taxonomy":"product_tag","embeddable":true,"href":"https:\/\/npmin.org\/es\/wp-json\/wp\/v2\/product_tag?post=9011"}],"curies":[{"name":"gracias","href":"https:\/\/api.w.org\/{rel}","templated":true}]}}