{"id":8974,"date":"2025-01-14T19:24:15","date_gmt":"2025-01-14T19:24:15","guid":{"rendered":"https:\/\/npmin.org\/?post_type=product&#038;p=8974"},"modified":"2025-01-14T19:24:16","modified_gmt":"2025-01-14T19:24:16","slug":"life-lessons-from-luke-volume-1-ebook-pdf","status":"publish","type":"product","link":"https:\/\/npmin.org\/es\/producto\/life-lessons-from-luke-volume-1-ebook-pdf\/","title":{"rendered":"Lecciones de vida de Lucas, Volumen 1 (libro electr\u00f3nico) (PDF)"},"content":{"rendered":"<p>En Lecciones de Vida de Lucas, Volumen 1, el Dr. Mark Sandoval te acompa\u00f1a, vers\u00edculo a vers\u00edculo, a trav\u00e9s de los cap\u00edtulos 1 al 4 de Lucas. Mediante historias cautivadoras, analog\u00edas y hechos que rodean el texto, ilustra los principios subyacentes para ayudarte a comprender la profunda belleza del evangelio. A trav\u00e9s de este libro, te sentir\u00e1s animado, inspirado y desafiado en tu caminar personal con Dios. Y encontrar\u00e1s las claves necesarias para liberarte de los problemas que enfrentas. Las ilustraciones personales te ayudar\u00e1n a comprender que no est\u00e1s solo en tu lucha, sino tambi\u00e9n que tienes mucha esperanza gracias a lo que Jes\u00fas ha hecho por ti. En resumen, si deseas ser inspirado, desafiado y recibir las claves necesarias para ser libre, Lecciones de Vida de Lucas, Volumen 1, es para ti.<\/p>","protected":false},"excerpt":{"rendered":"<p>En Lecciones de Vida de Lucas, Volumen 1, el Dr. Mark Sandoval te acompa\u00f1a, vers\u00edculo a vers\u00edculo, a trav\u00e9s de los cap\u00edtulos 1 al 4 de Lucas. Mediante historias cautivadoras, analog\u00edas y datos que rodean el texto, ilustra los principios subyacentes de una manera que te ayuda a comprender la profunda belleza del evangelio.<\/p>","protected":false},"featured_media":8975,"template":"","meta":{"_acf_changed":false},"product_brand":[],"product_cat":[125],"product_tag":[128,126,127,130],"class_list":{"0":"post-8974","1":"product","2":"type-product","3":"status-publish","4":"has-post-thumbnail","6":"product_cat-downloadable-products","7":"product_tag-download","8":"product_tag-ebook","9":"product_tag-free","10":"product_tag-life-lessons-from-luke","12":"first","13":"instock","14":"downloadable","15":"virtual","16":"purchasable","17":"product-type-simple"},"acf":[],"_links":{"self":[{"href":"https:\/\/npmin.org\/es\/wp-json\/wp\/v2\/product\/8974","targetHints":{"allow":["GET"]}}],"collection":[{"href":"https:\/\/npmin.org\/es\/wp-json\/wp\/v2\/product"}],"about":[{"href":"https:\/\/npmin.org\/es\/wp-json\/wp\/v2\/types\/product"}],"wp:featuredmedia":[{"embeddable":true,"href":"https:\/\/npmin.org\/es\/wp-json\/wp\/v2\/media\/8975"}],"wp:attachment":[{"href":"https:\/\/npmin.org\/es\/wp-json\/wp\/v2\/media?parent=8974"}],"wp:term":[{"taxonomy":"product_brand","embeddable":true,"href":"https:\/\/npmin.org\/es\/wp-json\/wp\/v2\/product_brand?post=8974"},{"taxonomy":"product_cat","embeddable":true,"href":"https:\/\/npmin.org\/es\/wp-json\/wp\/v2\/product_cat?post=8974"},{"taxonomy":"product_tag","embeddable":true,"href":"https:\/\/npmin.org\/es\/wp-json\/wp\/v2\/product_tag?post=8974"}],"curies":[{"name":"gracias","href":"https:\/\/api.w.org\/{rel}","templated":true}]}}