{"id":8967,"date":"2025-01-14T19:07:51","date_gmt":"2025-01-14T19:07:51","guid":{"rendered":"https:\/\/npmin.org\/?post_type=product&#038;p=8967"},"modified":"2025-06-20T10:12:39","modified_gmt":"2025-06-20T04:12:39","slug":"the-law-of-life-ebook-pdf","status":"publish","type":"product","link":"https:\/\/npmin.org\/es\/producto\/the-law-of-life-ebook-pdf\/","title":{"rendered":"La Ley de la Vida (libro electr\u00f3nico) (PDF)"},"content":{"rendered":"<p>Michelle acudi\u00f3 a m\u00ed con un c\u00e1ncer abdominal que se hab\u00eda extendido y resist\u00eda a todos los intentos convencionales de controlarlo. Tambi\u00e9n tra\u00eda una carga emocional derivada de traumas en sus relaciones. Al compartir con ella los principios de &quot;La Ley de la Vida&quot; y al aplicarlos en su vida, su c\u00e1ncer se revirti\u00f3. Recuperaba la alegr\u00eda y la esperanza que hab\u00eda perdido, y apreciaba m\u00e1s su prop\u00f3sito en la vida. La historia de Michelle no es un caso aislado. Veo c\u00f3mo las relaciones de mis pacientes se restauran, sus vidas espirituales florecen y su salud mental mejora cuando aplican estos principios. Y t\u00fa tambi\u00e9n puedes. Lee y relee &quot;La Ley de la Vida&quot; hasta que lo comprendas y lo apliques a tu vida. \u00a1No te arrepentir\u00e1s!<\/p>\n<p>Para el audiolibro, vaya aqu\u00ed: https:\/\/www.audible.com\/pd\/The-Law-of-Life-Audiobook\/B0DSZ192Y8<\/p>","protected":false},"excerpt":{"rendered":"<p>\u00bfQuieres sanar de enfermedades, restaurar relaciones da\u00f1adas y recuperarte de la ansiedad y la depresi\u00f3n, todo a la vez? La Ley de la Vida es el libro que necesitas. Los principios que se describen en este libro han ayudado a muchas personas a encontrar la libertad y el prop\u00f3sito.<\/p>\n<p>Para el audiolibro, vaya aqu\u00ed: https:\/\/www.audible.com\/pd\/The-Law-of-Life-Audiobook\/B0DSZ192Y8<\/p>","protected":false},"featured_media":8969,"template":"","meta":{"_acf_changed":false},"product_brand":[],"product_cat":[125],"product_tag":[128,126,127,129,49],"class_list":{"0":"post-8967","1":"product","2":"type-product","3":"status-publish","4":"has-post-thumbnail","6":"product_cat-downloadable-products","7":"product_tag-download","8":"product_tag-ebook","9":"product_tag-free","10":"product_tag-pdf","11":"product_tag-the-law-of-life","13":"first","14":"instock","15":"downloadable","16":"virtual","17":"purchasable","18":"product-type-simple"},"acf":[],"_links":{"self":[{"href":"https:\/\/npmin.org\/es\/wp-json\/wp\/v2\/product\/8967","targetHints":{"allow":["GET"]}}],"collection":[{"href":"https:\/\/npmin.org\/es\/wp-json\/wp\/v2\/product"}],"about":[{"href":"https:\/\/npmin.org\/es\/wp-json\/wp\/v2\/types\/product"}],"wp:featuredmedia":[{"embeddable":true,"href":"https:\/\/npmin.org\/es\/wp-json\/wp\/v2\/media\/8969"}],"wp:attachment":[{"href":"https:\/\/npmin.org\/es\/wp-json\/wp\/v2\/media?parent=8967"}],"wp:term":[{"taxonomy":"product_brand","embeddable":true,"href":"https:\/\/npmin.org\/es\/wp-json\/wp\/v2\/product_brand?post=8967"},{"taxonomy":"product_cat","embeddable":true,"href":"https:\/\/npmin.org\/es\/wp-json\/wp\/v2\/product_cat?post=8967"},{"taxonomy":"product_tag","embeddable":true,"href":"https:\/\/npmin.org\/es\/wp-json\/wp\/v2\/product_tag?post=8967"}],"curies":[{"name":"gracias","href":"https:\/\/api.w.org\/{rel}","templated":true}]}}