{"id":8868,"date":"2024-11-15T22:53:20","date_gmt":"2024-11-15T22:53:20","guid":{"rendered":"https:\/\/npmin.org\/?post_type=product&#038;p=8868"},"modified":"2026-04-06T00:41:48","modified_gmt":"2026-04-05T18:41:48","slug":"the-law-of-life-workbook","status":"publish","type":"product","link":"https:\/\/npmin.org\/es\/producto\/the-law-of-life-workbook\/","title":{"rendered":"Libro de ejercicios de la ley de la vida"},"content":{"rendered":"<p>Este libro de ejercicios est\u00e1 dise\u00f1ado para complementar el libro de la Ley de la Vida, o el libro de la Ley de la Vida (Edici\u00f3n Cu\u00f1a). Contiene preguntas pertinentes, escrituras y ejercicios de reflexi\u00f3n para ayudar al lector a comprender mejor los conceptos presentados en el libro de la Ley de la Vida. Tambi\u00e9n ayuda al lector a aplicar dichos conceptos en su vida. Sugerimos que todos los que tengan el libro de la Ley de la Vida adquieran un ejemplar del libro de ejercicios de la Ley de la Vida para su crecimiento personal.<\/p>","protected":false},"excerpt":{"rendered":"<p>Si tienes el libro de la Ley de la Vida o la Ley de la Vida (Edici\u00f3n Cu\u00f1a), si tienes la unidad flash de la Ley de la Vida o est\u00e1s tomando el curso de la Ley de la Vida, tambi\u00e9n querr\u00e1s tener este libro de ejercicios de la Ley de la Vida.<\/p>","protected":false},"featured_media":8870,"template":"","meta":{"_acf_changed":false},"product_brand":[],"product_cat":[38],"product_tag":[49,123],"class_list":{"0":"post-8868","1":"product","2":"type-product","3":"status-publish","4":"has-post-thumbnail","6":"product_cat-books","7":"product_tag-the-law-of-life","8":"product_tag-workbook","10":"first","11":"instock","12":"shipping-taxable","13":"purchasable","14":"product-type-simple"},"acf":[],"_links":{"self":[{"href":"https:\/\/npmin.org\/es\/wp-json\/wp\/v2\/product\/8868","targetHints":{"allow":["GET"]}}],"collection":[{"href":"https:\/\/npmin.org\/es\/wp-json\/wp\/v2\/product"}],"about":[{"href":"https:\/\/npmin.org\/es\/wp-json\/wp\/v2\/types\/product"}],"wp:featuredmedia":[{"embeddable":true,"href":"https:\/\/npmin.org\/es\/wp-json\/wp\/v2\/media\/8870"}],"wp:attachment":[{"href":"https:\/\/npmin.org\/es\/wp-json\/wp\/v2\/media?parent=8868"}],"wp:term":[{"taxonomy":"product_brand","embeddable":true,"href":"https:\/\/npmin.org\/es\/wp-json\/wp\/v2\/product_brand?post=8868"},{"taxonomy":"product_cat","embeddable":true,"href":"https:\/\/npmin.org\/es\/wp-json\/wp\/v2\/product_cat?post=8868"},{"taxonomy":"product_tag","embeddable":true,"href":"https:\/\/npmin.org\/es\/wp-json\/wp\/v2\/product_tag?post=8868"}],"curies":[{"name":"gracias","href":"https:\/\/api.w.org\/{rel}","templated":true}]}}