{"id":8789,"date":"2024-10-03T14:59:43","date_gmt":"2024-10-03T14:59:43","guid":{"rendered":"https:\/\/npmin.org\/?post_type=product&#038;p=8789"},"modified":"2026-02-04T23:26:49","modified_gmt":"2026-02-04T17:26:49","slug":"the-law-of-life-online-course","status":"publish","type":"product","link":"https:\/\/npmin.org\/es\/producto\/the-law-of-life-online-course\/","title":{"rendered":"Curso en l\u00ednea La Ley de la Vida"},"content":{"rendered":"<p>El curso de la Ley de la Vida est\u00e1 dise\u00f1ado para personas que enfrentan problemas de salud y desaf\u00edos emocionales sin resolver. A trav\u00e9s de este curso, aprender\u00e1s a abordar la ra\u00edz de tus dolencias, alcanzar el bienestar mental y f\u00edsico, y encontrar la verdadera paz.<\/p>","protected":false},"excerpt":{"rendered":"<p>El curso de la Ley de la Vida est\u00e1 dise\u00f1ado para personas que enfrentan problemas de salud y desaf\u00edos emocionales sin resolver. A trav\u00e9s de este curso, aprender\u00e1s a abordar la ra\u00edz de tus dolencias, alcanzar el bienestar mental y f\u00edsico, y encontrar la verdadera paz.<\/p>","protected":false},"featured_media":4346,"template":"","meta":{"_acf_changed":false},"product_brand":[],"product_cat":[122],"product_tag":[],"class_list":{"0":"post-8789","1":"product","2":"type-product","3":"status-publish","4":"has-post-thumbnail","6":"product_cat-courses-2","8":"first","9":"instock","10":"shipping-taxable","11":"product-type-external"},"acf":[],"_links":{"self":[{"href":"https:\/\/npmin.org\/es\/wp-json\/wp\/v2\/product\/8789","targetHints":{"allow":["GET"]}}],"collection":[{"href":"https:\/\/npmin.org\/es\/wp-json\/wp\/v2\/product"}],"about":[{"href":"https:\/\/npmin.org\/es\/wp-json\/wp\/v2\/types\/product"}],"wp:featuredmedia":[{"embeddable":true,"href":"https:\/\/npmin.org\/es\/wp-json\/wp\/v2\/media\/4346"}],"wp:attachment":[{"href":"https:\/\/npmin.org\/es\/wp-json\/wp\/v2\/media?parent=8789"}],"wp:term":[{"taxonomy":"product_brand","embeddable":true,"href":"https:\/\/npmin.org\/es\/wp-json\/wp\/v2\/product_brand?post=8789"},{"taxonomy":"product_cat","embeddable":true,"href":"https:\/\/npmin.org\/es\/wp-json\/wp\/v2\/product_cat?post=8789"},{"taxonomy":"product_tag","embeddable":true,"href":"https:\/\/npmin.org\/es\/wp-json\/wp\/v2\/product_tag?post=8789"}],"curies":[{"name":"gracias","href":"https:\/\/api.w.org\/{rel}","templated":true}]}}