{"id":8719,"date":"2024-09-24T15:39:28","date_gmt":"2024-09-24T15:39:28","guid":{"rendered":"https:\/\/npmin.org\/?post_type=product&#038;p=8719"},"modified":"2025-01-06T15:03:05","modified_gmt":"2025-01-06T15:03:05","slug":"bible-promises-for-freedom","status":"publish","type":"product","link":"https:\/\/npmin.org\/es\/producto\/bible-promises-for-freedom\/","title":{"rendered":"Promesas b\u00edblicas de libertad"},"content":{"rendered":"<p style=\"font-weight: 400;\">Promesas B\u00edblicas para la Libertad es tu recurso para superar los pensamientos negativos. Si luchas con estr\u00e9s, culpa, amargura, ansiedad, depresi\u00f3n, adicciones, rechazo, desesperanza, lujuria u otros problemas, necesitas el poder de las promesas de Dios para superarlos. Pero muchas personas no saben c\u00f3mo encontrarlas ni c\u00f3mo usarlas correctamente. Promesas B\u00edblicas para la Libertad te ayuda a encontrar las promesas b\u00edblicas que necesitas. Pero m\u00e1s que eso, te ofrece maneras pr\u00e1cticas de usarlas para alcanzar la libertad. El Dr. Sandoval lleva a\u00f1os ayudando a personas a liberarse de sus problemas y comparte las reflexiones derivadas de su lucha personal para ayudarte a superarlos tambi\u00e9n.<\/p>","protected":false},"excerpt":{"rendered":"<p style=\"font-weight: 400;\">Promesas B\u00edblicas para la Libertad le ayuda a saber c\u00f3mo superar los pensamientos negativos mediante el uso de la palabra de Dios y le proporciona las promesas de la Palabra que necesita para ser libre.<\/p>","protected":false},"featured_media":8722,"template":"","meta":{"_acf_changed":false},"product_brand":[],"product_cat":[38],"product_tag":[],"class_list":{"0":"post-8719","1":"product","2":"type-product","3":"status-publish","4":"has-post-thumbnail","6":"product_cat-books","8":"first","9":"instock","10":"shipping-taxable","11":"purchasable","12":"product-type-simple"},"acf":[],"_links":{"self":[{"href":"https:\/\/npmin.org\/es\/wp-json\/wp\/v2\/product\/8719","targetHints":{"allow":["GET"]}}],"collection":[{"href":"https:\/\/npmin.org\/es\/wp-json\/wp\/v2\/product"}],"about":[{"href":"https:\/\/npmin.org\/es\/wp-json\/wp\/v2\/types\/product"}],"wp:featuredmedia":[{"embeddable":true,"href":"https:\/\/npmin.org\/es\/wp-json\/wp\/v2\/media\/8722"}],"wp:attachment":[{"href":"https:\/\/npmin.org\/es\/wp-json\/wp\/v2\/media?parent=8719"}],"wp:term":[{"taxonomy":"product_brand","embeddable":true,"href":"https:\/\/npmin.org\/es\/wp-json\/wp\/v2\/product_brand?post=8719"},{"taxonomy":"product_cat","embeddable":true,"href":"https:\/\/npmin.org\/es\/wp-json\/wp\/v2\/product_cat?post=8719"},{"taxonomy":"product_tag","embeddable":true,"href":"https:\/\/npmin.org\/es\/wp-json\/wp\/v2\/product_tag?post=8719"}],"curies":[{"name":"gracias","href":"https:\/\/api.w.org\/{rel}","templated":true}]}}