{"id":7702,"date":"2024-08-21T18:13:54","date_gmt":"2024-08-21T18:13:54","guid":{"rendered":"https:\/\/npmin.org\/?post_type=product&#038;p=7702"},"modified":"2026-03-02T05:37:29","modified_gmt":"2026-03-01T23:37:29","slug":"improving-relationships-flash-drive","status":"publish","type":"product","link":"https:\/\/npmin.org\/es\/producto\/improving-relationships-flash-drive\/","title":{"rendered":"Mejorando las relaciones (Unidad flash)"},"content":{"rendered":"<p><span style=\"font-weight: 300;\">Si alguna vez has tenido dificultades en tus relaciones, la serie de videos &quot;Mejorando las Relaciones&quot; es para ti. A trav\u00e9s de 12 videos de alta definici\u00f3n (junto con archivos de audio MP3, archivos de PowerPoint y PDF de todas las diapositivas), el Dr. Sandoval desvela las distracciones confusas y llega a la ra\u00edz del problema. Te ofrece perspectivas y soluciones para algunos de tus problemas de relaci\u00f3n m\u00e1s profundos. Y te anima, con historias, ilustraciones, experiencias personales y los principios de la palabra de Dios, a adoptar esos principios que transformar\u00e1n tus relaciones.<\/span><\/p>","protected":false},"excerpt":{"rendered":"<p><span style=\"font-weight: 300;\">Si alguna vez has tenido dificultades en tus relaciones, la serie de videos &quot;Mejorando las Relaciones&quot; es para ti. Incluye 12 videos de alta definici\u00f3n (junto con archivos de audio MP3, archivos de PowerPoint y PDF de todas las diapositivas). <\/span><\/p>","protected":false},"featured_media":7703,"template":"","meta":{"_acf_changed":false},"product_brand":[],"product_cat":[37,39],"product_tag":[],"class_list":{"0":"post-7702","1":"product","2":"type-product","3":"status-publish","4":"has-post-thumbnail","6":"product_cat-media-books-videos-etc","7":"product_cat-videos","9":"first","10":"instock","11":"shipping-taxable","12":"purchasable","13":"product-type-simple"},"acf":[],"_links":{"self":[{"href":"https:\/\/npmin.org\/es\/wp-json\/wp\/v2\/product\/7702","targetHints":{"allow":["GET"]}}],"collection":[{"href":"https:\/\/npmin.org\/es\/wp-json\/wp\/v2\/product"}],"about":[{"href":"https:\/\/npmin.org\/es\/wp-json\/wp\/v2\/types\/product"}],"wp:featuredmedia":[{"embeddable":true,"href":"https:\/\/npmin.org\/es\/wp-json\/wp\/v2\/media\/7703"}],"wp:attachment":[{"href":"https:\/\/npmin.org\/es\/wp-json\/wp\/v2\/media?parent=7702"}],"wp:term":[{"taxonomy":"product_brand","embeddable":true,"href":"https:\/\/npmin.org\/es\/wp-json\/wp\/v2\/product_brand?post=7702"},{"taxonomy":"product_cat","embeddable":true,"href":"https:\/\/npmin.org\/es\/wp-json\/wp\/v2\/product_cat?post=7702"},{"taxonomy":"product_tag","embeddable":true,"href":"https:\/\/npmin.org\/es\/wp-json\/wp\/v2\/product_tag?post=7702"}],"curies":[{"name":"gracias","href":"https:\/\/api.w.org\/{rel}","templated":true}]}}