{"id":6113,"date":"2024-07-25T18:52:47","date_gmt":"2024-07-25T18:52:47","guid":{"rendered":"https:\/\/npmin.org\/?post_type=product&#038;p=6113"},"modified":"2026-03-02T05:36:37","modified_gmt":"2026-03-01T23:36:37","slug":"biblical-counseling-short-course-flash-drive","status":"publish","type":"product","link":"https:\/\/npmin.org\/es\/producto\/biblical-counseling-short-course-flash-drive\/","title":{"rendered":"Curso corto de consejer\u00eda b\u00edblica (memoria USB)"},"content":{"rendered":"<p>Si alguien tiene dificultades personales, sus relaciones se est\u00e1n deteriorando o enfrenta problemas de salud, \u00bfsabe qu\u00e9 sucede para poder ayudarlo? Es importante saber c\u00f3mo funciona algo y qu\u00e9 lo ha provocado para que funcione de nuevo.<\/p>\n<p>Este curso, dise\u00f1ado por el Dr. Mark Sandoval, te ayudar\u00e1 a comprender por qu\u00e9 las personas tienen dificultades espirituales, emocionales y sociales, y c\u00f3mo estas dificultades afectan su salud. Te brindar\u00e1 una comprensi\u00f3n profunda de la mente, las relaciones, Dios, la naturaleza humana, el plan de salvaci\u00f3n y la palabra de Dios, para que puedas ayudar a otros a liberarse de sus dificultades. Este breve curso de consejer\u00eda b\u00edblica contiene 28 videos mp4 de alta definici\u00f3n, 28 archivos de audio mp3 y todos los archivos de PowerPoint y PDF de cada presentaci\u00f3n.<\/p>\n<p>&nbsp;<\/p>\n<p>Los t\u00edtulos de las presentaciones incluyen:<\/p>\n<p>1 Principios de la consejer\u00eda guiada por el Esp\u00edritu<\/p>\n<p>2 Obtenci\u00f3n de una historia de vida<\/p>\n<p>3 Comprensi\u00f3n de la salud y la enfermedad<\/p>\n<p>4 El papel de la mente en la enfermedad<\/p>\n<p>5 La ley de la vida: c\u00f3mo funcionan las cosas<\/p>\n<p>6 Conociendo a Dios<\/p>\n<p>7 Preciosas<\/p>\n<p>8 C\u00f3mo funcionan los humanos<\/p>\n<p>9 La ca\u00edda y sus consecuencias<\/p>\n<p>10 El Plan de Salvaci\u00f3n \u2013 Parte 1<\/p>\n<p>11 El papel y los l\u00edmites de la elecci\u00f3n<\/p>\n<p>12 El Plan de Salvaci\u00f3n \u2013 Parte 2a<\/p>\n<p>13 El Plan de Salvaci\u00f3n \u2013 Parte 2b<\/p>\n<p>14 Aceptaci\u00f3n y Entrega<\/p>\n<p>15 Confesi\u00f3n, arrepentimiento y restituci\u00f3n<\/p>\n<p>16 Conectado a la Vid y creciendo en ella<\/p>\n<p>17 C\u00f3mo afrontar la tentaci\u00f3n y las adicciones<\/p>\n<p>18 El enga\u00f1o de la naturaleza pecaminosa<\/p>\n<p>19 El problema de Dios<\/p>\n<p>20 Esfera de acci\u00f3n<\/p>\n<p>21 l\u00edmites saludables<\/p>\n<p>22 La soluci\u00f3n de identidad<\/p>\n<p>23 El talento del sufrimiento<\/p>\n<p>24 Autoridad y sumisi\u00f3n<\/p>\n<p>25 Comedores o Alimentadores<\/p>\n<p>26 Salud por la fe<\/p>\n<p>27 La verdadera causa de la enfermedad<\/p>\n<p>28 La justicia por la fe<\/p>","protected":false},"excerpt":{"rendered":"<p>Este curso corto de consejer\u00eda b\u00edblica (unidad flash) contiene 28 videos mp4 de alta definici\u00f3n, 28 archivos de audio mp3 y todos los archivos de PowerPoint y PDF de cada presentaci\u00f3n. El prop\u00f3sito del curso es ayudarte a comprender por qu\u00e9 alguien tiene dificultades en su vida mental, espiritual y social, c\u00f3mo esto afecta su salud y c\u00f3mo puedes ayudarla a recuperarse a trav\u00e9s de la verdad.<\/p>","protected":false},"featured_media":6114,"template":"","meta":{"_acf_changed":false},"product_brand":[],"product_cat":[30,39],"product_tag":[],"class_list":{"0":"post-6113","1":"product","2":"type-product","3":"status-publish","4":"has-post-thumbnail","6":"product_cat-uncategorized","7":"product_cat-videos","9":"first","10":"instock","11":"shipping-taxable","12":"purchasable","13":"product-type-simple"},"acf":[],"_links":{"self":[{"href":"https:\/\/npmin.org\/es\/wp-json\/wp\/v2\/product\/6113","targetHints":{"allow":["GET"]}}],"collection":[{"href":"https:\/\/npmin.org\/es\/wp-json\/wp\/v2\/product"}],"about":[{"href":"https:\/\/npmin.org\/es\/wp-json\/wp\/v2\/types\/product"}],"wp:featuredmedia":[{"embeddable":true,"href":"https:\/\/npmin.org\/es\/wp-json\/wp\/v2\/media\/6114"}],"wp:attachment":[{"href":"https:\/\/npmin.org\/es\/wp-json\/wp\/v2\/media?parent=6113"}],"wp:term":[{"taxonomy":"product_brand","embeddable":true,"href":"https:\/\/npmin.org\/es\/wp-json\/wp\/v2\/product_brand?post=6113"},{"taxonomy":"product_cat","embeddable":true,"href":"https:\/\/npmin.org\/es\/wp-json\/wp\/v2\/product_cat?post=6113"},{"taxonomy":"product_tag","embeddable":true,"href":"https:\/\/npmin.org\/es\/wp-json\/wp\/v2\/product_tag?post=6113"}],"curies":[{"name":"gracias","href":"https:\/\/api.w.org\/{rel}","templated":true}]}}