{"id":6044,"date":"2024-03-14T09:46:40","date_gmt":"2024-03-14T09:46:40","guid":{"rendered":"https:\/\/npmin.org\/?post_type=product&#038;p=6044"},"modified":"2025-06-20T10:14:57","modified_gmt":"2025-06-20T04:14:57","slug":"the-law-of-life-book-the-wedge-edition","status":"publish","type":"product","link":"https:\/\/npmin.org\/es\/producto\/the-law-of-life-book-the-wedge-edition\/","title":{"rendered":"El libro La Ley de la Vida (Edici\u00f3n La Cu\u00f1a)"},"content":{"rendered":"<p>Este es el mismo libro de la Ley de la Vida en ingl\u00e9s que el libro principal. Solo tiene una portada diferente.<\/p>\n<p>Para el audiolibro, vaya aqu\u00ed: https:\/\/www.audible.com\/pd\/The-Law-of-Life-Audiobook\/B0DSZ192Y8<\/p>","protected":false},"excerpt":{"rendered":"<p>Este es el mismo libro de la Ley de la Vida en ingl\u00e9s que el libro principal. Solo tiene una portada diferente.<\/p>\n<p>Para el audiolibro, vaya aqu\u00ed: https:\/\/www.audible.com\/pd\/The-Law-of-Life-Audiobook\/B0DSZ192Y8<\/p>","protected":false},"featured_media":6045,"template":"","meta":{"_acf_changed":false},"product_brand":[],"product_cat":[38,37],"product_tag":[49],"class_list":{"0":"post-6044","1":"product","2":"type-product","3":"status-publish","4":"has-post-thumbnail","6":"product_cat-books","7":"product_cat-media-books-videos-etc","8":"product_tag-the-law-of-life","10":"first","11":"instock","12":"shipping-taxable","13":"purchasable","14":"product-type-simple"},"acf":[],"_links":{"self":[{"href":"https:\/\/npmin.org\/es\/wp-json\/wp\/v2\/product\/6044","targetHints":{"allow":["GET"]}}],"collection":[{"href":"https:\/\/npmin.org\/es\/wp-json\/wp\/v2\/product"}],"about":[{"href":"https:\/\/npmin.org\/es\/wp-json\/wp\/v2\/types\/product"}],"wp:featuredmedia":[{"embeddable":true,"href":"https:\/\/npmin.org\/es\/wp-json\/wp\/v2\/media\/6045"}],"wp:attachment":[{"href":"https:\/\/npmin.org\/es\/wp-json\/wp\/v2\/media?parent=6044"}],"wp:term":[{"taxonomy":"product_brand","embeddable":true,"href":"https:\/\/npmin.org\/es\/wp-json\/wp\/v2\/product_brand?post=6044"},{"taxonomy":"product_cat","embeddable":true,"href":"https:\/\/npmin.org\/es\/wp-json\/wp\/v2\/product_cat?post=6044"},{"taxonomy":"product_tag","embeddable":true,"href":"https:\/\/npmin.org\/es\/wp-json\/wp\/v2\/product_tag?post=6044"}],"curies":[{"name":"gracias","href":"https:\/\/api.w.org\/{rel}","templated":true}]}}