{"id":5525,"date":"2023-05-08T21:11:03","date_gmt":"2023-05-08T21:11:03","guid":{"rendered":"https:\/\/npmin.org\/?post_type=product&#038;p=5525"},"modified":"2025-12-23T04:48:23","modified_gmt":"2025-12-22T22:48:23","slug":"la-ley-de-la-vida","status":"publish","type":"product","link":"https:\/\/npmin.org\/es\/producto\/la-ley-de-la-vida\/","title":{"rendered":"La Ley de la Vida"},"content":{"rendered":"<p style=\"font-weight: 400;\">Michelle vino a verme con un c\u00e1ncer abdominal que se hab\u00eda extendido y resist\u00eda todos los intentos convencionales de controlarlo. Ella tambi\u00e9n vino con el equipaje emocional de los traumas de la relaci\u00f3n. Al compartir con ella los principios contenidos en \u201cLa Ley de la Vida\u201d, y al aplicar esos principios en su vida, su c\u00e1ncer se revirti\u00f3. Obtuvo el gozo y la esperanza que hab\u00eda perdido, y tuvo una mayor apreciaci\u00f3n de su prop\u00f3sito en la vida. La historia de Michelle no es un caso aislado. Veo la restauraci\u00f3n de las relaciones de mis pacientes, el florecimiento de la vida espiritual y la mejora de la salud mental cuando se aplican estos principios. Y t\u00fa tambi\u00e9n puedes. Lee y relee \u201cLa Ley de la Vida\u201d hasta que la entiendas y la apliques a tu vida. \u00a1No te arrepentir\u00e1s!<\/p>\n<p><span style=\"font-weight: 400;\">282 p\u00e1ginas<\/span><\/p>","protected":false},"excerpt":{"rendered":"<p>\u00bfQuiere curarse de una enfermedad, restaurar relaciones da\u00f1adas y recuperarse de su ansiedad y depresi\u00f3n, todo al mismo tiempo? La Ley de la Vida es el libro que necesitas. Los principios descritos en este libro han ayudado a muchas personas a encontrar la libertad y el prop\u00f3sito.<\/p>","protected":false},"featured_media":5526,"template":"","meta":{"_acf_changed":false},"product_brand":[],"product_cat":[38],"product_tag":[],"class_list":{"0":"post-5525","1":"product","2":"type-product","3":"status-publish","4":"has-post-thumbnail","6":"product_cat-books","8":"first","9":"instock","10":"purchasable","11":"product-type-simple"},"acf":[],"_links":{"self":[{"href":"https:\/\/npmin.org\/es\/wp-json\/wp\/v2\/product\/5525","targetHints":{"allow":["GET"]}}],"collection":[{"href":"https:\/\/npmin.org\/es\/wp-json\/wp\/v2\/product"}],"about":[{"href":"https:\/\/npmin.org\/es\/wp-json\/wp\/v2\/types\/product"}],"wp:featuredmedia":[{"embeddable":true,"href":"https:\/\/npmin.org\/es\/wp-json\/wp\/v2\/media\/5526"}],"wp:attachment":[{"href":"https:\/\/npmin.org\/es\/wp-json\/wp\/v2\/media?parent=5525"}],"wp:term":[{"taxonomy":"product_brand","embeddable":true,"href":"https:\/\/npmin.org\/es\/wp-json\/wp\/v2\/product_brand?post=5525"},{"taxonomy":"product_cat","embeddable":true,"href":"https:\/\/npmin.org\/es\/wp-json\/wp\/v2\/product_cat?post=5525"},{"taxonomy":"product_tag","embeddable":true,"href":"https:\/\/npmin.org\/es\/wp-json\/wp\/v2\/product_tag?post=5525"}],"curies":[{"name":"gracias","href":"https:\/\/api.w.org\/{rel}","templated":true}]}}