{"id":5520,"date":"2023-05-08T18:15:36","date_gmt":"2023-05-08T18:15:36","guid":{"rendered":"https:\/\/npmin.org\/?post_type=product&#038;p=5520"},"modified":"2026-03-02T05:39:54","modified_gmt":"2026-03-01T23:39:54","slug":"5520","status":"publish","type":"product","link":"https:\/\/npmin.org\/es\/producto\/5520\/","title":{"rendered":"Lecciones de la Covid (Unidad flash)"},"content":{"rendered":"<p>&nbsp;<\/p>\n<p>Lecciones de la Covid es una serie de 11 presentaciones en video (incluyendo todas las diapositivas de PowerPoint y archivos PDF) que aborda las siguientes preguntas: \u00bfEs necesario enfermarse solo porque las personas a nuestro alrededor est\u00e1n enfermas? \u00bfPodemos vivir sin miedo en medio de una pandemia o epidemia? \u00bfPor qu\u00e9 nos enfermamos? \u00bfQu\u00e9 se necesita para estar sano? \u00bfLa causa de la enfermedad est\u00e1 fuera de nosotros o dentro de nosotros? \u00bfCu\u00e1l es el prop\u00f3sito de los eventos relacionados con la pandemia de la Covid? \u00bfY ad\u00f3nde nos llevar\u00e1 esto en el futuro? Si busca respuestas a estas preguntas y m\u00e1s, Lecciones de la Covid es para usted.<\/p>","protected":false},"excerpt":{"rendered":"<p>Lecciones de la COVID es una presentaci\u00f3n en video de 11 partes en una memoria USB que puedes reproducir en tu computadora, televisor con entrada USB u otra plataforma multimedia compatible con dispositivos USB. Esta presentaci\u00f3n incluye las 11 presentaciones en video, adem\u00e1s de todas las diapositivas de PowerPoint y los archivos PDF para que puedas compartirlas donde quieras.<\/p>","protected":false},"featured_media":7699,"template":"","meta":{"_acf_changed":false},"product_brand":[],"product_cat":[39],"product_tag":[40,41,42,43,44,45,46,47],"class_list":{"0":"post-5520","1":"product","2":"type-product","3":"status-publish","4":"has-post-thumbnail","6":"product_cat-videos","7":"product_tag-flash-drive","8":"product_tag-high-definition","9":"product_tag-infection","10":"product_tag-lessons-from-covid","11":"product_tag-pandemic","12":"product_tag-powerpoint","13":"product_tag-sickness","14":"product_tag-video","16":"first","17":"instock","18":"purchasable","19":"product-type-simple"},"acf":[],"_links":{"self":[{"href":"https:\/\/npmin.org\/es\/wp-json\/wp\/v2\/product\/5520","targetHints":{"allow":["GET"]}}],"collection":[{"href":"https:\/\/npmin.org\/es\/wp-json\/wp\/v2\/product"}],"about":[{"href":"https:\/\/npmin.org\/es\/wp-json\/wp\/v2\/types\/product"}],"wp:featuredmedia":[{"embeddable":true,"href":"https:\/\/npmin.org\/es\/wp-json\/wp\/v2\/media\/7699"}],"wp:attachment":[{"href":"https:\/\/npmin.org\/es\/wp-json\/wp\/v2\/media?parent=5520"}],"wp:term":[{"taxonomy":"product_brand","embeddable":true,"href":"https:\/\/npmin.org\/es\/wp-json\/wp\/v2\/product_brand?post=5520"},{"taxonomy":"product_cat","embeddable":true,"href":"https:\/\/npmin.org\/es\/wp-json\/wp\/v2\/product_cat?post=5520"},{"taxonomy":"product_tag","embeddable":true,"href":"https:\/\/npmin.org\/es\/wp-json\/wp\/v2\/product_tag?post=5520"}],"curies":[{"name":"gracias","href":"https:\/\/api.w.org\/{rel}","templated":true}]}}