{"id":4353,"date":"2023-01-17T05:01:48","date_gmt":"2023-01-17T05:01:48","guid":{"rendered":"https:\/\/npmin.org\/?post_type=product&#038;p=4353"},"modified":"2026-03-02T06:10:44","modified_gmt":"2026-03-02T00:10:44","slug":"winning-the-battle","status":"publish","type":"product","link":"https:\/\/npmin.org\/es\/producto\/winning-the-battle\/","title":{"rendered":"Ganando la batalla contra la obesidad, el colesterol, la diabetes y la hipertensi\u00f3n"},"content":{"rendered":"<p>Ganando la Batalla es un enfoque b\u00e1sico para ayudarte a superar la obesidad, el colesterol alto, la diabetes tipo 2 y la hipertensi\u00f3n arterial en casa. No se comparte mucha informaci\u00f3n sobre la fisiopatolog\u00eda de cada afecci\u00f3n. M\u00e1s bien, se centra en lo que puedes hacer al respecto, abordando cada afecci\u00f3n con pasos sencillos que puedes seguir para revertirla. Esto se debe a a\u00f1os de experiencia atendiendo a pacientes en un centro de estilo de vida y ayud\u00e1ndolos a revertir sus enfermedades.<\/p>","protected":false},"excerpt":{"rendered":"<p>Ganando la Batalla es un enfoque b\u00e1sico para ayudarte a superar la obesidad, el colesterol alto, la diabetes tipo 2 y la hipertensi\u00f3n arterial en casa. No se comparte mucha informaci\u00f3n sobre la fisiopatolog\u00eda de cada afecci\u00f3n. M\u00e1s bien, se centra en lo que puedes hacer al respecto, abordando cada afecci\u00f3n con pasos sencillos que puedes seguir para revertirla. Esto se debe a a\u00f1os de experiencia atendiendo a pacientes en un centro de estilo de vida y ayud\u00e1ndolos a revertir sus enfermedades.<\/p>","protected":false},"featured_media":4354,"template":"","meta":{"_acf_changed":false},"product_brand":[],"product_cat":[38],"product_tag":[],"class_list":{"0":"post-4353","1":"product","2":"type-product","3":"status-publish","4":"has-post-thumbnail","6":"product_cat-books","8":"first","9":"outofstock","10":"purchasable","11":"product-type-simple"},"acf":[],"_links":{"self":[{"href":"https:\/\/npmin.org\/es\/wp-json\/wp\/v2\/product\/4353","targetHints":{"allow":["GET"]}}],"collection":[{"href":"https:\/\/npmin.org\/es\/wp-json\/wp\/v2\/product"}],"about":[{"href":"https:\/\/npmin.org\/es\/wp-json\/wp\/v2\/types\/product"}],"wp:featuredmedia":[{"embeddable":true,"href":"https:\/\/npmin.org\/es\/wp-json\/wp\/v2\/media\/4354"}],"wp:attachment":[{"href":"https:\/\/npmin.org\/es\/wp-json\/wp\/v2\/media?parent=4353"}],"wp:term":[{"taxonomy":"product_brand","embeddable":true,"href":"https:\/\/npmin.org\/es\/wp-json\/wp\/v2\/product_brand?post=4353"},{"taxonomy":"product_cat","embeddable":true,"href":"https:\/\/npmin.org\/es\/wp-json\/wp\/v2\/product_cat?post=4353"},{"taxonomy":"product_tag","embeddable":true,"href":"https:\/\/npmin.org\/es\/wp-json\/wp\/v2\/product_tag?post=4353"}],"curies":[{"name":"gracias","href":"https:\/\/api.w.org\/{rel}","templated":true}]}}