{"id":4351,"date":"2023-01-17T05:01:28","date_gmt":"2023-01-17T05:01:28","guid":{"rendered":"https:\/\/npmin.org\/?post_type=product&#038;p=4351"},"modified":"2025-01-30T23:02:34","modified_gmt":"2025-01-30T23:02:34","slug":"plant-based-for-life-starter-kit","status":"publish","type":"product","link":"https:\/\/npmin.org\/es\/producto\/plant-based-for-life-starter-kit\/","title":{"rendered":"Kit de inicio de vida basada en plantas"},"content":{"rendered":"<p>El Kit de Inicio &quot;Plant-Based for Life&quot; es justo lo que su nombre indica. Es un libro dise\u00f1ado especialmente para quienes est\u00e1n pensando en adoptar una dieta basada en plantas y no saben c\u00f3mo hacerlo ni por qu\u00e9. Este libro responde a preguntas comunes como: &quot;\u00bfDe d\u00f3nde obtengo mis prote\u00ednas?&quot;, &quot;\u00bfC\u00f3mo sustituyo los l\u00e1cteos?&quot;, &quot;\u00bfQu\u00e9 pasa con el calcio?&quot; y mucho m\u00e1s. Tambi\u00e9n incluye un plan de comidas de dos semanas con todas las recetas e instrucciones para preparar los alimentos. Est\u00e1 dirigido a personas ocupadas que solo tienen tiempo para preparar comida los fines de semana y las tardes.<\/p>","protected":false},"excerpt":{"rendered":"<p>El Kit de Inicio &quot;Plant-Based for Life&quot; es justo lo que su nombre indica. Es un libro dise\u00f1ado especialmente para quienes est\u00e1n pensando en adoptar una dieta basada en plantas y no saben c\u00f3mo hacerlo ni por qu\u00e9. Este libro responde a preguntas comunes como: &quot;\u00bfDe d\u00f3nde obtengo mis prote\u00ednas?&quot;, &quot;\u00bfC\u00f3mo sustituyo los l\u00e1cteos?&quot;, &quot;\u00bfQu\u00e9 pasa con el calcio?&quot; y mucho m\u00e1s. Tambi\u00e9n incluye un plan de comidas de dos semanas con todas las recetas e instrucciones para preparar los alimentos. Est\u00e1 dirigido a personas ocupadas que solo tienen tiempo para preparar comida los fines de semana y las tardes.<\/p>","protected":false},"featured_media":4352,"template":"","meta":{"_acf_changed":false},"product_brand":[],"product_cat":[38],"product_tag":[],"class_list":{"0":"post-4351","1":"product","2":"type-product","3":"status-publish","4":"has-post-thumbnail","6":"product_cat-books","8":"first","9":"instock","10":"purchasable","11":"product-type-simple"},"acf":[],"_links":{"self":[{"href":"https:\/\/npmin.org\/es\/wp-json\/wp\/v2\/product\/4351","targetHints":{"allow":["GET"]}}],"collection":[{"href":"https:\/\/npmin.org\/es\/wp-json\/wp\/v2\/product"}],"about":[{"href":"https:\/\/npmin.org\/es\/wp-json\/wp\/v2\/types\/product"}],"wp:featuredmedia":[{"embeddable":true,"href":"https:\/\/npmin.org\/es\/wp-json\/wp\/v2\/media\/4352"}],"wp:attachment":[{"href":"https:\/\/npmin.org\/es\/wp-json\/wp\/v2\/media?parent=4351"}],"wp:term":[{"taxonomy":"product_brand","embeddable":true,"href":"https:\/\/npmin.org\/es\/wp-json\/wp\/v2\/product_brand?post=4351"},{"taxonomy":"product_cat","embeddable":true,"href":"https:\/\/npmin.org\/es\/wp-json\/wp\/v2\/product_cat?post=4351"},{"taxonomy":"product_tag","embeddable":true,"href":"https:\/\/npmin.org\/es\/wp-json\/wp\/v2\/product_tag?post=4351"}],"curies":[{"name":"gracias","href":"https:\/\/api.w.org\/{rel}","templated":true}]}}