{"id":4345,"date":"2023-01-17T04:55:06","date_gmt":"2023-01-17T04:55:06","guid":{"rendered":"https:\/\/npmin.org\/?post_type=product&#038;p=4345"},"modified":"2025-06-20T10:13:45","modified_gmt":"2025-06-20T04:13:45","slug":"the-law-of-life","status":"publish","type":"product","link":"https:\/\/npmin.org\/es\/producto\/the-law-of-life\/","title":{"rendered":"La ley de la vida"},"content":{"rendered":"<p>Michelle acudi\u00f3 a m\u00ed con un c\u00e1ncer abdominal que se hab\u00eda extendido y resist\u00eda a todos los intentos convencionales de controlarlo. Tambi\u00e9n tra\u00eda una carga emocional derivada de traumas en sus relaciones. Al compartir con ella los principios de &quot;La Ley de la Vida&quot; y al aplicarlos en su vida, su c\u00e1ncer se revirti\u00f3. Recuperaba la alegr\u00eda y la esperanza que hab\u00eda perdido, y apreciaba m\u00e1s su prop\u00f3sito en la vida. La historia de Michelle no es un caso aislado. Veo c\u00f3mo las relaciones de mis pacientes se restauran, sus vidas espirituales florecen y su salud mental mejora cuando aplican estos principios. Y t\u00fa tambi\u00e9n puedes. Lee y relee &quot;La Ley de la Vida&quot; hasta que lo comprendas y lo apliques a tu vida. \u00a1No te arrepentir\u00e1s!<\/p>\n<p>282 p\u00e1ginas<\/p>\n<p>Para el audiolibro, vaya aqu\u00ed: https:\/\/www.audible.com\/pd\/The-Law-of-Life-Audiobook\/B0DSZ192Y8<\/p>","protected":false},"excerpt":{"rendered":"<p>\u00bfQuieres sanar de enfermedades, restaurar relaciones da\u00f1adas y recuperarte de la ansiedad y la depresi\u00f3n, todo a la vez? La Ley de la Vida es el libro que necesitas. Los principios que se describen en este libro han ayudado a muchas personas a encontrar la libertad y el prop\u00f3sito.<\/p>\n<p>Para el audiolibro, vaya aqu\u00ed: https:\/\/www.audible.com\/pd\/The-Law-of-Life-Audiobook\/B0DSZ192Y8<\/p>","protected":false},"featured_media":4346,"template":"","meta":{"_acf_changed":false},"product_brand":[],"product_cat":[38],"product_tag":[],"class_list":{"0":"post-4345","1":"product","2":"type-product","3":"status-publish","4":"has-post-thumbnail","6":"product_cat-books","8":"first","9":"instock","10":"purchasable","11":"product-type-simple"},"acf":[],"_links":{"self":[{"href":"https:\/\/npmin.org\/es\/wp-json\/wp\/v2\/product\/4345","targetHints":{"allow":["GET"]}}],"collection":[{"href":"https:\/\/npmin.org\/es\/wp-json\/wp\/v2\/product"}],"about":[{"href":"https:\/\/npmin.org\/es\/wp-json\/wp\/v2\/types\/product"}],"wp:featuredmedia":[{"embeddable":true,"href":"https:\/\/npmin.org\/es\/wp-json\/wp\/v2\/media\/4346"}],"wp:attachment":[{"href":"https:\/\/npmin.org\/es\/wp-json\/wp\/v2\/media?parent=4345"}],"wp:term":[{"taxonomy":"product_brand","embeddable":true,"href":"https:\/\/npmin.org\/es\/wp-json\/wp\/v2\/product_brand?post=4345"},{"taxonomy":"product_cat","embeddable":true,"href":"https:\/\/npmin.org\/es\/wp-json\/wp\/v2\/product_cat?post=4345"},{"taxonomy":"product_tag","embeddable":true,"href":"https:\/\/npmin.org\/es\/wp-json\/wp\/v2\/product_tag?post=4345"}],"curies":[{"name":"gracias","href":"https:\/\/api.w.org\/{rel}","templated":true}]}}