{"id":1216,"date":"2024-07-23T13:24:29","date_gmt":"2024-07-23T13:24:29","guid":{"rendered":"https:\/\/npmin.org\/?page_id=1216"},"modified":"2025-06-28T02:33:38","modified_gmt":"2025-06-27T20:33:38","slug":"camp-meeting","status":"publish","type":"page","link":"https:\/\/npmin.org\/es\/camp-meeting\/","title":{"rendered":"Reuni\u00f3n de campamento"},"content":{"rendered":"<div data-elementor-type=\"wp-page\" data-elementor-id=\"1216\" class=\"elementor elementor-1216\" data-elementor-post-type=\"page\">\n\t\t\t\t<div class=\"elementor-element elementor-element-38b226f np--main-section e-flex e-con-boxed e-con e-parent\" data-id=\"38b226f\" data-element_type=\"container\" data-e-type=\"container\" data-settings=\"{&quot;background_background&quot;:&quot;classic&quot;}\">\n\t\t\t\t\t<div class=\"e-con-inner\">\n\t\t<div class=\"elementor-element elementor-element-733bc06 e-con-full np--inner-section e-flex e-con e-child\" data-id=\"733bc06\" data-element_type=\"container\" data-e-type=\"container\">\n\t\t<div class=\"elementor-element elementor-element-4821b00 e-con-full e-flex e-con e-child\" data-id=\"4821b00\" data-element_type=\"container\" data-e-type=\"container\">\n\t\t\t\t<div class=\"elementor-element elementor-element-91d4875 elementor-invisible elementor-widget elementor-widget-heading\" data-id=\"91d4875\" data-element_type=\"widget\" data-e-type=\"widget\" data-settings=\"{&quot;_animation&quot;:&quot;fadeInDown&quot;}\" data-widget_type=\"heading.default\">\n\t\t\t\t<div class=\"elementor-widget-container\">\n\t\t\t\t\t<h1 class=\"elementor-heading-title elementor-size-default\">Reuni\u00f3n de campamento<\/h1>\t\t\t\t<\/div>\n\t\t\t\t<\/div>\n\t\t\t\t<div class=\"elementor-element elementor-element-1a34718 elementor-widget__width-initial elementor-widget-tablet__width-inherit elementor-invisible elementor-widget elementor-widget-text-editor\" data-id=\"1a34718\" data-element_type=\"widget\" data-e-type=\"widget\" data-settings=\"{&quot;_animation&quot;:&quot;fadeInDown&quot;}\" data-widget_type=\"text-editor.default\">\n\t\t\t\t<div class=\"elementor-widget-container\">\n\t\t\t\t\t\t\t\t\t<p>Nuestro pr\u00f3ximo campamento ser\u00e1 del 17 al 21 de septiembre de 2025. El tema es &quot;La Preparaci\u00f3n Correcta&quot;. Este campamento analizar\u00e1 qu\u00e9 significa prepararse correctamente para el pronto regreso de Jes\u00fas. Estudiaremos la preparaci\u00f3n espiritual necesaria para estar listos para el pronto regreso de Jes\u00fas y c\u00f3mo esto se refleja en nuestro ministerio, nuestro lugar de residencia, nuestra gesti\u00f3n financiera y mucho m\u00e1s. \u00a0<\/p>\t\t\t\t\t\t\t\t<\/div>\n\t\t\t\t<\/div>\n\t\t\t\t<\/div>\n\t\t\t\t<\/div>\n\t\t\t\t\t<\/div>\n\t\t\t\t<\/div>\n\t\t<div class=\"elementor-element elementor-element-6c1e9f8 np--main-section e-flex e-con-boxed e-con e-parent\" data-id=\"6c1e9f8\" data-element_type=\"container\" data-e-type=\"container\" data-settings=\"{&quot;background_background&quot;:&quot;classic&quot;}\">\n\t\t\t\t\t<div class=\"e-con-inner\">\n\t\t<div class=\"elementor-element elementor-element-0def7c6 e-con-full np--inner-section np--space-m e-flex e-con e-child\" data-id=\"0def7c6\" data-element_type=\"container\" data-e-type=\"container\">\n\t\t<div class=\"elementor-element elementor-element-9356ad8 e-con-full e-flex elementor-invisible e-con e-child\" data-id=\"9356ad8\" data-element_type=\"container\" data-e-type=\"container\" data-settings=\"{&quot;animation&quot;:&quot;fadeInLeft&quot;}\">\n\t\t\t\t<div class=\"elementor-element elementor-element-6858ae5 elementor-widget elementor-widget-text-editor\" data-id=\"6858ae5\" data-element_type=\"widget\" data-e-type=\"widget\" data-widget_type=\"text-editor.default\">\n\t\t\t\t<div class=\"elementor-widget-container\">\n\t\t\t\t\t\t\t\t\t<p>New Paradigm Ministries se complace en invitarlo a The Right Preparation, nuestro campamento que se llevar\u00e1 a cabo del 17 al 21 de septiembre de 2025 en nuestro campus en Cabool, Missouri.<\/p><p>Consideramos que este tema era necesario ahora por dos razones. Primero, creemos firmemente que Jes\u00fas regresar\u00e1 pronto y debemos prepararnos para su regreso ahora. Y segundo, muchos de los consejos disponibles sobre c\u00f3mo prepararse para su regreso tienen un enfoque err\u00f3neo. As\u00ed que, si cree que Jes\u00fas regresar\u00e1 pronto y cree que es necesario comprender mejor c\u00f3mo prepararse para su regreso, planifique unirse a nosotros del 17 al 21 de septiembre de 2025 en nuestro campus en Cabool, Misuri.<\/p><p>Michala Faber nos acompa\u00f1ar\u00e1 desde Dinamarca, compartiendo verdades pr\u00e1cticas sobre c\u00f3mo cooperar con Dios para que la mente de Cristo sea restaurada en ustedes y puedan ser parte de los 144,000. El Dr. Eric Barton explorar\u00e1 la cercan\u00eda de la venida de Cristo y desentra\u00f1ar\u00e1 la mentalidad prepper que se ha desarrollado en la iglesia. Scott Griswold, de Reach the World Next Door, dirigir\u00e1 los devocionales matutinos, anim\u00e1ndonos a crecer en Cristo a trav\u00e9s de la oraci\u00f3n. El Dr. Sandoval se centrar\u00e1 en la justificaci\u00f3n por la fe en el mensaje del tercer \u00e1ngel y el fuerte preg\u00f3n, y su papel en los 144,000. Tambi\u00e9n tendremos reuniones para ni\u00f1os, comida deliciosa, sesiones de trabajo en grupos peque\u00f1os dirigidas por Jonathan y Angela Peoples, y mucho m\u00e1s.<\/p>\t\t\t\t\t\t\t\t<\/div>\n\t\t\t\t<\/div>\n\t\t\t\t<\/div>\n\t\t<div class=\"elementor-element elementor-element-a405847 e-con-full e-flex e-con e-child\" data-id=\"a405847\" data-element_type=\"container\" data-e-type=\"container\">\n\t\t\t\t<div class=\"elementor-element elementor-element-fe47fcb elementor-invisible elementor-widget elementor-widget-image\" data-id=\"fe47fcb\" data-element_type=\"widget\" data-e-type=\"widget\" data-settings=\"{&quot;_animation&quot;:&quot;fadeInRight&quot;}\" data-widget_type=\"image.default\">\n\t\t\t\t<div class=\"elementor-widget-container\">\n\t\t\t\t\t\t\t\t\t\t\t\t\t\t\t<img fetchpriority=\"high\" decoding=\"async\" width=\"1600\" height=\"1054\" src=\"https:\/\/npmin.org\/wp-content\/uploads\/2025\/06\/2nd-Coming-Image.jpg\" class=\"attachment-full size-full wp-image-9211\" alt=\"\" srcset=\"https:\/\/npmin.org\/wp-content\/uploads\/2025\/06\/2nd-Coming-Image.jpg 1600w, https:\/\/npmin.org\/wp-content\/uploads\/2025\/06\/2nd-Coming-Image-300x198.jpg 300w, https:\/\/npmin.org\/wp-content\/uploads\/2025\/06\/2nd-Coming-Image-1024x675.jpg 1024w, https:\/\/npmin.org\/wp-content\/uploads\/2025\/06\/2nd-Coming-Image-768x506.jpg 768w, https:\/\/npmin.org\/wp-content\/uploads\/2025\/06\/2nd-Coming-Image-1536x1012.jpg 1536w, https:\/\/npmin.org\/wp-content\/uploads\/2025\/06\/2nd-Coming-Image-600x395.jpg 600w\" sizes=\"(max-width: 1600px) 100vw, 1600px\" \/>\t\t\t\t\t\t\t\t\t\t\t\t\t\t\t<\/div>\n\t\t\t\t<\/div>\n\t\t\t\t<\/div>\n\t\t\t\t<\/div>\n\t\t\t\t\t<\/div>\n\t\t\t\t<\/div>\n\t\t<div class=\"elementor-element elementor-element-faf03c5 e-flex e-con-boxed e-con e-parent\" data-id=\"faf03c5\" data-element_type=\"container\" data-e-type=\"container\" data-settings=\"{&quot;background_background&quot;:&quot;classic&quot;}\">\n\t\t\t\t\t<div class=\"e-con-inner\">\n\t\t\t\t\t<\/div>\n\t\t\t\t<\/div>\n\t\t<div class=\"elementor-element elementor-element-42a13ac np--main-section e-flex e-con-boxed e-con e-parent\" data-id=\"42a13ac\" data-element_type=\"container\" data-e-type=\"container\" data-settings=\"{&quot;background_background&quot;:&quot;classic&quot;}\">\n\t\t\t\t\t<div class=\"e-con-inner\">\n\t\t<div class=\"elementor-element elementor-element-5d04183 e-con-full np--inner-section np--space-m e-flex e-con e-child\" data-id=\"5d04183\" data-element_type=\"container\" data-e-type=\"container\">\n\t\t<div class=\"elementor-element elementor-element-032f884 e-con-full e-flex e-con e-child\" data-id=\"032f884\" data-element_type=\"container\" data-e-type=\"container\">\n\t\t\t\t<div class=\"elementor-element elementor-element-79d35e1 elementor-invisible elementor-widget elementor-widget-image\" data-id=\"79d35e1\" data-element_type=\"widget\" data-e-type=\"widget\" data-settings=\"{&quot;_animation&quot;:&quot;fadeInLeft&quot;}\" data-widget_type=\"image.default\">\n\t\t\t\t<div class=\"elementor-widget-container\">\n\t\t\t\t\t\t\t\t\t\t\t\t\t\t\t\t<a href=\"https:\/\/npmin.org\/wp-content\/uploads\/2025\/06\/Fall-Camp-Meeting-2025-Flyer-scaled.jpg\" data-elementor-open-lightbox=\"yes\" data-elementor-lightbox-title=\"Fall Camp Meeting 2025 Flyer\" data-e-action-hash=\"#elementor-action%3Aaction%3Dlightbox%26settings%3DeyJpZCI6OTIxMiwidXJsIjoiaHR0cHM6XC9cL25wbWluLm9yZ1wvd3AtY29udGVudFwvdXBsb2Fkc1wvMjAyNVwvMDZcL0ZhbGwtQ2FtcC1NZWV0aW5nLTIwMjUtRmx5ZXItc2NhbGVkLmpwZyJ9\">\n\t\t\t\t\t\t\t<img decoding=\"async\" width=\"1656\" height=\"2560\" src=\"https:\/\/npmin.org\/wp-content\/uploads\/2025\/06\/Fall-Camp-Meeting-2025-Flyer-scaled.jpg\" class=\"attachment-full size-full wp-image-9212\" alt=\"\" srcset=\"https:\/\/npmin.org\/wp-content\/uploads\/2025\/06\/Fall-Camp-Meeting-2025-Flyer-scaled.jpg 1656w, https:\/\/npmin.org\/wp-content\/uploads\/2025\/06\/Fall-Camp-Meeting-2025-Flyer-194x300.jpg 194w, https:\/\/npmin.org\/wp-content\/uploads\/2025\/06\/Fall-Camp-Meeting-2025-Flyer-663x1024.jpg 663w, https:\/\/npmin.org\/wp-content\/uploads\/2025\/06\/Fall-Camp-Meeting-2025-Flyer-768x1187.jpg 768w, https:\/\/npmin.org\/wp-content\/uploads\/2025\/06\/Fall-Camp-Meeting-2025-Flyer-994x1536.jpg 994w, https:\/\/npmin.org\/wp-content\/uploads\/2025\/06\/Fall-Camp-Meeting-2025-Flyer-1325x2048.jpg 1325w, https:\/\/npmin.org\/wp-content\/uploads\/2025\/06\/Fall-Camp-Meeting-2025-Flyer-600x927.jpg 600w\" sizes=\"(max-width: 1656px) 100vw, 1656px\" \/>\t\t\t\t\t\t\t\t<\/a>\n\t\t\t\t\t\t\t\t\t\t\t\t\t\t\t<\/div>\n\t\t\t\t<\/div>\n\t\t\t\t<\/div>\n\t\t<div class=\"elementor-element elementor-element-4fa31ea e-con-full e-flex e-con e-child\" data-id=\"4fa31ea\" data-element_type=\"container\" data-e-type=\"container\">\n\t\t\t\t<div class=\"elementor-element elementor-element-536815f elementor-invisible elementor-widget elementor-widget-text-editor\" data-id=\"536815f\" data-element_type=\"widget\" data-e-type=\"widget\" data-settings=\"{&quot;_animation&quot;:&quot;fadeInRight&quot;}\" data-widget_type=\"text-editor.default\">\n\t\t\t\t<div class=\"elementor-widget-container\">\n\t\t\t\t\t\t\t\t\t<p><strong>Detalles adicionales de la reuni\u00f3n del campamento<\/strong><\/p><p><strong>La reuni\u00f3n del campamento se llevar\u00e1 a cabo en nuestra propiedad en esta direcci\u00f3n:<\/strong><br \/>14527 Berry Rd<br \/>Cabool, Misuri 65689<\/p><p><strong>Aeropuertos<\/strong><br \/>El aeropuerto m\u00e1s cercano es el Aeropuerto Nacional de Springfield-Branson (a 90 minutos). El siguiente aeropuerto m\u00e1s cercano es el Aeropuerto Internacional de St. Louis-Lambert (a 3 horas). No hay transporte p\u00fablico en nuestra zona, as\u00ed que necesitar\u00e1 alquilar un coche para ir y volver al campamento.<\/p><p><strong>Alojamiento fuera del campus<\/strong><br \/>Los Airbnb son limitados en nuestra zona, al igual que los VRBO. Los hoteles m\u00e1s cercanos son<br \/>Comfort Inn and Suites \u2013 https:\/\/www.choicehotels.com\/missouri\/mountain-grove\/comfort-inn-hotels\/mo478 (a unos 25 minutos)<br \/>Highland Inn &amp; Suites \u2013 https:\/\/www.highlandinnandsuites.com (a unos 10 minutos)<br \/>Royal Inn \u2013 https:\/\/royalinnmo.com (a unos 25 minutos)<\/p><p><strong>Alojamiento en el campus<\/strong><\/p><p>Si ha reservado un sitio para autocaravana, este contar\u00e1 con conexi\u00f3n el\u00e9ctrica (30 o 50 amperios) y agua. No hay fosa s\u00e9ptica en su sitio, pero hay una estaci\u00f3n de descarga cerca para quienes la necesiten.<\/p><p>Si acampa en la propiedad, tenga en cuenta que Missouri tiene un terreno muy rocoso, as\u00ed que no espere encontrar una suave alfombra de hierba. Traiga algo de relleno para dormir en su tienda. Las parcelas se asignar\u00e1n por orden de llegada. No tenemos ninguna parcela marcada, pero a su llegada, le indicaremos las zonas donde puede instalar su tienda. Algunas parcelas est\u00e1n lo suficientemente cerca como para tener electricidad si tiene un cable de extensi\u00f3n de 15 o 30 metros, pero estas parcelas ser\u00e1n limitadas. La mayor\u00eda no tendr\u00e1 acceso a electricidad en su tienda.<\/p><p><em><strong>Le enviaremos m\u00e1s informaci\u00f3n despu\u00e9s del registro.<\/strong><\/em><\/p>\t\t\t\t\t\t\t\t<\/div>\n\t\t\t\t<\/div>\n\t\t\t\t<div class=\"elementor-element elementor-element-7788f78 btn--teal full-btn elementor-invisible elementor-widget elementor-widget-button\" data-id=\"7788f78\" data-element_type=\"widget\" data-e-type=\"widget\" data-settings=\"{&quot;_animation&quot;:&quot;fadeInUp&quot;}\" data-widget_type=\"button.default\">\n\t\t\t\t<div class=\"elementor-widget-container\">\n\t\t\t\t\t\t\t\t\t<div class=\"elementor-button-wrapper\">\n\t\t\t\t\t<a class=\"elementor-button elementor-button-link elementor-size-sm\" href=\"https:\/\/npmin.org\/es\/camp-meeting\/registration\/\">\n\t\t\t\t\t\t<span class=\"elementor-button-content-wrapper\">\n\t\t\t\t\t\t\t\t\t<span class=\"elementor-button-text\">REG\u00cdSTRATE AHORA<\/span>\n\t\t\t\t\t<\/span>\n\t\t\t\t\t<\/a>\n\t\t\t\t<\/div>\n\t\t\t\t\t\t\t\t<\/div>\n\t\t\t\t<\/div>\n\t\t\t\t<\/div>\n\t\t\t\t<\/div>\n\t\t\t\t\t<\/div>\n\t\t\t\t<\/div>\n\t\t\t\t<\/div>","protected":false},"excerpt":{"rendered":"<p>Our next camp meeting will be September 17-21, 2025. The theme is The Right Preparation. This camp meeting will look at what it means to prepare correctly for the soon return of Jesus. We will study the heart preparation needed to be ready for Jesus&#8217; soon return, and how that reflects in our ministry to [&hellip;]<\/p>\n","protected":false},"author":3,"featured_media":0,"parent":0,"menu_order":0,"comment_status":"closed","ping_status":"closed","template":"","meta":{"_acf_changed":false,"footnotes":""},"class_list":["post-1216","page","type-page","status-publish","hentry"],"acf":[],"_links":{"self":[{"href":"https:\/\/npmin.org\/es\/wp-json\/wp\/v2\/pages\/1216","targetHints":{"allow":["GET"]}}],"collection":[{"href":"https:\/\/npmin.org\/es\/wp-json\/wp\/v2\/pages"}],"about":[{"href":"https:\/\/npmin.org\/es\/wp-json\/wp\/v2\/types\/page"}],"author":[{"embeddable":true,"href":"https:\/\/npmin.org\/es\/wp-json\/wp\/v2\/users\/3"}],"replies":[{"embeddable":true,"href":"https:\/\/npmin.org\/es\/wp-json\/wp\/v2\/comments?post=1216"}],"version-history":[{"count":25,"href":"https:\/\/npmin.org\/es\/wp-json\/wp\/v2\/pages\/1216\/revisions"}],"predecessor-version":[{"id":9221,"href":"https:\/\/npmin.org\/es\/wp-json\/wp\/v2\/pages\/1216\/revisions\/9221"}],"wp:attachment":[{"href":"https:\/\/npmin.org\/es\/wp-json\/wp\/v2\/media?parent=1216"}],"curies":[{"name":"gracias","href":"https:\/\/api.w.org\/{rel}","templated":true}]}}