{"id":9893,"date":"2026-04-16T05:56:38","date_gmt":"2026-04-15T23:56:38","guid":{"rendered":"https:\/\/npmin.org\/?post_type=product&#038;p=9893"},"modified":"2026-04-16T05:56:39","modified_gmt":"2026-04-15T23:56:39","slug":"there-is-a-solution-111-daily-messages-of-hope","status":"publish","type":"product","link":"https:\/\/npmin.org\/de\/produkt\/there-is-a-solution-111-daily-messages-of-hope\/","title":{"rendered":"Es gibt eine L\u00f6sung: 111 t\u00e4gliche Botschaften der Hoffnung"},"content":{"rendered":"<p>Diese Seiten sollen Ihnen helfen, die Zuversicht und Geborgenheit zu finden, die Ihnen als geliebtes Kind Gottes zuteilwerden. Anhand der wahren Geschichten ganz normaler Menschen werden Sie Gottes F\u00fcrsorge, seine Wiederherstellung, seine F\u00fchrung und den Sinn, den er selbst im Leid schenkt, erkennen. Lernen Sie, an seinen Verhei\u00dfungen festzuhalten und sie als Kraftquelle f\u00fcr Ihren Alltag zu nutzen. Tag f\u00fcr Tag werden Sie entdecken, wie das Leben wahrhaft erbl\u00fcht, wenn Gott Ihre Quelle ist.<\/p>\n<p>232 Seiten<\/p>","protected":false},"excerpt":{"rendered":"<p>Diese Seiten sollen Ihnen helfen, das Selbstvertrauen und die Geborgenheit zu finden, die aus dem Leben als geliebtes Kind Gottes erwachsen.<\/p>","protected":false},"featured_media":9895,"template":"","meta":{"_acf_changed":false},"product_brand":[],"product_cat":[38],"product_tag":[210,178,176,213,211,212],"class_list":{"0":"post-9893","1":"product","2":"type-product","3":"status-publish","4":"has-post-thumbnail","6":"product_cat-books","7":"product_tag-devotional","8":"product_tag-healing","9":"product_tag-law-of-life","10":"product_tag-pain","11":"product_tag-stories","12":"product_tag-testimonies","14":"first","15":"instock","16":"shipping-taxable","17":"purchasable","18":"product-type-simple"},"acf":[],"_links":{"self":[{"href":"https:\/\/npmin.org\/de\/wp-json\/wp\/v2\/product\/9893","targetHints":{"allow":["GET"]}}],"collection":[{"href":"https:\/\/npmin.org\/de\/wp-json\/wp\/v2\/product"}],"about":[{"href":"https:\/\/npmin.org\/de\/wp-json\/wp\/v2\/types\/product"}],"wp:featuredmedia":[{"embeddable":true,"href":"https:\/\/npmin.org\/de\/wp-json\/wp\/v2\/media\/9895"}],"wp:attachment":[{"href":"https:\/\/npmin.org\/de\/wp-json\/wp\/v2\/media?parent=9893"}],"wp:term":[{"taxonomy":"product_brand","embeddable":true,"href":"https:\/\/npmin.org\/de\/wp-json\/wp\/v2\/product_brand?post=9893"},{"taxonomy":"product_cat","embeddable":true,"href":"https:\/\/npmin.org\/de\/wp-json\/wp\/v2\/product_cat?post=9893"},{"taxonomy":"product_tag","embeddable":true,"href":"https:\/\/npmin.org\/de\/wp-json\/wp\/v2\/product_tag?post=9893"}],"curies":[{"name":"wp","href":"https:\/\/api.w.org\/{rel}","templated":true}]}}