{"id":9890,"date":"2026-04-16T05:46:01","date_gmt":"2026-04-15T23:46:01","guid":{"rendered":"https:\/\/npmin.org\/?post_type=product&#038;p=9890"},"modified":"2026-04-16T05:46:02","modified_gmt":"2026-04-15T23:46:02","slug":"am-i-precious","status":"publish","type":"product","link":"https:\/\/npmin.org\/de\/produkt\/am-i-precious\/","title":{"rendered":"Bin ich kostbar?"},"content":{"rendered":"<p>Jedes junge M\u00e4dchen hat eine qu\u00e4lende Frage: \u201cBin ich wertvoll?\u201d In dieser Frage verbergen sich ihre geheimsten Hoffnungen und \u00c4ngste. Sie stellt diese Frage der Familie, Freunden, einer Lehrerin und erh\u00e4lt nicht immer die Antwort, die sie sich w\u00fcnscht. Doch wenn sie sich mit ihrer Frage an Gott wendet, ist seine Antwort stets dieselbe: \u201cJa, du bist wertvoll, und ich liebe dich.\u201d<\/p>\n<p>&nbsp;<\/p>\n<p>28 Seiten<\/p>","protected":false},"excerpt":{"rendered":"<p>Jedes junge M\u00e4dchen hat eine qu\u00e4lende Frage: \u201cBin ich wertvoll?\u201d<\/p>","protected":false},"featured_media":9891,"template":"","meta":{"_acf_changed":false},"product_brand":[],"product_cat":[38],"product_tag":[],"class_list":{"0":"post-9890","1":"product","2":"type-product","3":"status-publish","4":"has-post-thumbnail","6":"product_cat-books","8":"first","9":"instock","10":"shipping-taxable","11":"purchasable","12":"product-type-simple"},"acf":[],"_links":{"self":[{"href":"https:\/\/npmin.org\/de\/wp-json\/wp\/v2\/product\/9890","targetHints":{"allow":["GET"]}}],"collection":[{"href":"https:\/\/npmin.org\/de\/wp-json\/wp\/v2\/product"}],"about":[{"href":"https:\/\/npmin.org\/de\/wp-json\/wp\/v2\/types\/product"}],"wp:featuredmedia":[{"embeddable":true,"href":"https:\/\/npmin.org\/de\/wp-json\/wp\/v2\/media\/9891"}],"wp:attachment":[{"href":"https:\/\/npmin.org\/de\/wp-json\/wp\/v2\/media?parent=9890"}],"wp:term":[{"taxonomy":"product_brand","embeddable":true,"href":"https:\/\/npmin.org\/de\/wp-json\/wp\/v2\/product_brand?post=9890"},{"taxonomy":"product_cat","embeddable":true,"href":"https:\/\/npmin.org\/de\/wp-json\/wp\/v2\/product_cat?post=9890"},{"taxonomy":"product_tag","embeddable":true,"href":"https:\/\/npmin.org\/de\/wp-json\/wp\/v2\/product_tag?post=9890"}],"curies":[{"name":"wp","href":"https:\/\/api.w.org\/{rel}","templated":true}]}}