{"id":9749,"date":"2026-03-12T09:46:17","date_gmt":"2026-03-12T03:46:17","guid":{"rendered":"https:\/\/npmin.org\/?post_type=product&#038;p=9749"},"modified":"2026-03-12T09:48:48","modified_gmt":"2026-03-12T03:48:48","slug":"truth-for-life-flash-drive","status":"publish","type":"product","link":"https:\/\/npmin.org\/de\/produkt\/truth-for-life-flash-drive\/","title":{"rendered":"Wahrheit f\u00fcrs Leben (USB-Stick)"},"content":{"rendered":"<p>Diese professionell aufgenommene, 24-teilige Serie wurde speziell entwickelt, um Ihnen und Ihren Lieben zu helfen, durch die Wahrheit Freiheit zu erfahren. Jesus sagte: \u201cDie Wahrheit wird euch frei machen.\u201d (Johannes 8,32) Und: \u201cIch bin der Weg, die Wahrheit und das Leben.\u201d (Johannes 14,6) Diese Serie hilft Ihnen, die Ursachen Ihrer Probleme zu verstehen, Gottes L\u00f6sung f\u00fcr Ihre Befreiung zu erkennen, Ihre wahre Identit\u00e4t und Ihren Wert zu entdecken und Ihren Lebenssinn zu finden. Sie werden den Gott, der in dieser Serie dargestellt wird, lieben lernen und durch ihre Prinzipien Hoffnung und Heilung finden.<\/p>\n<p>&nbsp;<\/p>\n<p>1 \u2013 Wahrheit f\u00fcrs Leben<\/p>\n<p>2 \u2013 Was ich im Medizinstudium nicht gelernt habe<\/p>\n<p>3 \u2013 Was sind Gedanken?<\/p>\n<p>4 \u2013 Gott kennenlernen<\/p>\n<p>5 \u2013 Die eigene wahre Identit\u00e4t und den eigenen Wert finden<\/p>\n<p>6 \u2013 Die 5 Ursachen von Funktionsst\u00f6rungen<\/p>\n<p>7 \u2013 Das gr\u00f6\u00dfte Problem 1<\/p>\n<p>8 \u2013 Das gr\u00f6\u00dfte Problem 2<\/p>\n<p>9 \u2013 Der Erl\u00f6sungsplan<\/p>\n<p>10 \u2013 Akzeptanz &amp; Hingabe<\/p>\n<p>11 \u2013 Beichte, Reue und Wiedergutmachung<\/p>\n<p>12 \u2013 Verbindung zur Rebe und Wachstum in ihr<\/p>\n<p>13 \u2013 Negative Gedanken \u00fcberwinden<\/p>\n<p>14 \u2013 Umgang mit Versuchungen und S\u00fcchten<\/p>\n<p>15 \u2013 Die wahre Identit\u00e4t<\/p>\n<p>16 \u2013 Frei zu lieben<\/p>\n<p>17 \u2013 Ehe<\/p>\n<p>18 \u2013 Grundlagen der Elternschaft<\/p>\n<p>19 \u2013 Handlungsspielraum &amp; Gesunde Grenzen<\/p>\n<p>20 \u2013 Gesundheit durch Glauben<\/p>\n<p>21 \u2013 Verantwortung vs. Eigentum<\/p>\n<p>22 \u2013 Umgang mit schwierigen Beziehungen<\/p>\n<p>23 \u2013 Konfliktl\u00f6sung<\/p>\n<p>24 \u2013 Eine ewige Berufung<\/p>","protected":false},"excerpt":{"rendered":"<p>Diese 24-teilige, professionell aufgenommene Serie wurde speziell entwickelt, um Ihnen und Ihren Lieben zu helfen, durch die Wahrheit Freiheit zu erfahren.<\/p>","protected":false},"featured_media":9750,"template":"","meta":{"_acf_changed":false},"product_brand":[],"product_cat":[39],"product_tag":[40,177,176,208,151,207,209,206],"class_list":{"0":"post-9749","1":"product","2":"type-product","3":"status-publish","4":"has-post-thumbnail","6":"product_cat-videos","7":"product_tag-flash-drive","8":"product_tag-health","9":"product_tag-law-of-life","10":"product_tag-physical-health","11":"product_tag-relationships","12":"product_tag-spiritual-health","13":"product_tag-truth","14":"product_tag-truth-for-life","16":"first","17":"instock","18":"shipping-taxable","19":"purchasable","20":"product-type-simple"},"acf":[],"_links":{"self":[{"href":"https:\/\/npmin.org\/de\/wp-json\/wp\/v2\/product\/9749","targetHints":{"allow":["GET"]}}],"collection":[{"href":"https:\/\/npmin.org\/de\/wp-json\/wp\/v2\/product"}],"about":[{"href":"https:\/\/npmin.org\/de\/wp-json\/wp\/v2\/types\/product"}],"wp:featuredmedia":[{"embeddable":true,"href":"https:\/\/npmin.org\/de\/wp-json\/wp\/v2\/media\/9750"}],"wp:attachment":[{"href":"https:\/\/npmin.org\/de\/wp-json\/wp\/v2\/media?parent=9749"}],"wp:term":[{"taxonomy":"product_brand","embeddable":true,"href":"https:\/\/npmin.org\/de\/wp-json\/wp\/v2\/product_brand?post=9749"},{"taxonomy":"product_cat","embeddable":true,"href":"https:\/\/npmin.org\/de\/wp-json\/wp\/v2\/product_cat?post=9749"},{"taxonomy":"product_tag","embeddable":true,"href":"https:\/\/npmin.org\/de\/wp-json\/wp\/v2\/product_tag?post=9749"}],"curies":[{"name":"wp","href":"https:\/\/api.w.org\/{rel}","templated":true}]}}