{"id":9714,"date":"2026-02-11T21:41:41","date_gmt":"2026-02-11T15:41:41","guid":{"rendered":"https:\/\/npmin.org\/?post_type=product&#038;p=9714"},"modified":"2026-02-11T21:42:31","modified_gmt":"2026-02-11T15:42:31","slug":"understanding-us-pdf","status":"publish","type":"product","link":"https:\/\/npmin.org\/de\/produkt\/understanding-us-pdf\/","title":{"rendered":"Uns verstehen \u2013 Unterrichtspl\u00e4ne f\u00fcr Kinder (PDF)"},"content":{"rendered":"<p>\u201eUns verstehen\u201c ist ein 20-teiliger Unterrichtsplan f\u00fcr Kinder, der sich an Dr. Horst M\u00fcllers Buch \u201eWarum werden wir krank?\u201c orientiert. Die Unterrichtspl\u00e4ne sind f\u00fcr Kinder zwischen 7 und 10 Jahren gedacht, eignen sich aber auch f\u00fcr j\u00fcngere Kinder. Es handelt sich um eine PDF-Datei, die Sie herunterladen und f\u00fcr sich oder Ihre Kinder ausdrucken oder auf einem Ger\u00e4t verwenden k\u00f6nnen.<\/p>","protected":false},"excerpt":{"rendered":"<p>\u201eUnderstanding Us\u201c ist ein 20-teiliger Unterrichtsplan f\u00fcr Kinder bis zu 10 Jahren. Es handelt sich um eine herunterladbare PDF-Datei.<\/p>","protected":false},"featured_media":9716,"template":"","meta":{"_acf_changed":false},"product_brand":[],"product_cat":[125,30],"product_tag":[200,201,128,177,176,202,129,151],"class_list":{"0":"post-9714","1":"product","2":"type-product","3":"status-publish","4":"has-post-thumbnail","6":"product_cat-downloadable-products","7":"product_cat-uncategorized","8":"product_tag-children","9":"product_tag-childrens-materials","10":"product_tag-download","11":"product_tag-health","12":"product_tag-law-of-life","13":"product_tag-mental-health","14":"product_tag-pdf","15":"product_tag-relationships","17":"first","18":"instock","19":"downloadable","20":"shipping-taxable","21":"purchasable","22":"product-type-simple"},"acf":[],"_links":{"self":[{"href":"https:\/\/npmin.org\/de\/wp-json\/wp\/v2\/product\/9714","targetHints":{"allow":["GET"]}}],"collection":[{"href":"https:\/\/npmin.org\/de\/wp-json\/wp\/v2\/product"}],"about":[{"href":"https:\/\/npmin.org\/de\/wp-json\/wp\/v2\/types\/product"}],"wp:featuredmedia":[{"embeddable":true,"href":"https:\/\/npmin.org\/de\/wp-json\/wp\/v2\/media\/9716"}],"wp:attachment":[{"href":"https:\/\/npmin.org\/de\/wp-json\/wp\/v2\/media?parent=9714"}],"wp:term":[{"taxonomy":"product_brand","embeddable":true,"href":"https:\/\/npmin.org\/de\/wp-json\/wp\/v2\/product_brand?post=9714"},{"taxonomy":"product_cat","embeddable":true,"href":"https:\/\/npmin.org\/de\/wp-json\/wp\/v2\/product_cat?post=9714"},{"taxonomy":"product_tag","embeddable":true,"href":"https:\/\/npmin.org\/de\/wp-json\/wp\/v2\/product_tag?post=9714"}],"curies":[{"name":"wp","href":"https:\/\/api.w.org\/{rel}","templated":true}]}}