{"id":9671,"date":"2026-02-04T23:33:06","date_gmt":"2026-02-04T17:33:06","guid":{"rendered":"https:\/\/npmin.org\/?post_type=product&#038;p=9671"},"modified":"2026-02-04T23:36:01","modified_gmt":"2026-02-04T17:36:01","slug":"t-shirt-john-1010-blue","status":"publish","type":"product","link":"https:\/\/npmin.org\/de\/produkt\/t-shirt-john-1010-blue\/","title":{"rendered":"T-Shirt (Johannes 10,10) Blau"},"content":{"rendered":"<p>Dieses T-Shirt von New Paradigm Ministries tr\u00e4gt das Logo der Organisation auf der Vorderseite. Auf der R\u00fcckseite steht \u201eWahrheit f\u00fcr das Leben\u201c und der Text: \u201eIch bin gekommen, damit sie das Leben haben und es in F\u00fclle haben.\u201c (Johannes 10,10). Das blaue T-Shirt ist in den Gr\u00f6\u00dfen S (Kindergr\u00f6\u00dfe) bis XXL (Erwachsenengr\u00f6\u00dfe) erh\u00e4ltlich.<\/p>","protected":false},"excerpt":{"rendered":"<p>Blaues T-Shirt mit dem NPMin-Logo auf der Vorderseite und Johannes 10,10 auf der R\u00fcckseite.<\/p>","protected":false},"featured_media":9681,"template":"","meta":{"_acf_changed":false},"product_brand":[],"product_cat":[156],"product_tag":[158,160,161,159,157],"class_list":{"0":"post-9671","1":"product","2":"type-product","3":"status-publish","4":"has-post-thumbnail","6":"product_cat-apparel","7":"product_tag-black","8":"product_tag-john-832","9":"product_tag-ministry","10":"product_tag-new-paradigm-ministries","11":"product_tag-t-shirt","12":"product_shipping_class-free-shipping-category","14":"first","15":"instock","16":"shipping-taxable","17":"purchasable","18":"product-type-variable"},"acf":[],"_links":{"self":[{"href":"https:\/\/npmin.org\/de\/wp-json\/wp\/v2\/product\/9671","targetHints":{"allow":["GET"]}}],"collection":[{"href":"https:\/\/npmin.org\/de\/wp-json\/wp\/v2\/product"}],"about":[{"href":"https:\/\/npmin.org\/de\/wp-json\/wp\/v2\/types\/product"}],"wp:featuredmedia":[{"embeddable":true,"href":"https:\/\/npmin.org\/de\/wp-json\/wp\/v2\/media\/9681"}],"wp:attachment":[{"href":"https:\/\/npmin.org\/de\/wp-json\/wp\/v2\/media?parent=9671"}],"wp:term":[{"taxonomy":"product_brand","embeddable":true,"href":"https:\/\/npmin.org\/de\/wp-json\/wp\/v2\/product_brand?post=9671"},{"taxonomy":"product_cat","embeddable":true,"href":"https:\/\/npmin.org\/de\/wp-json\/wp\/v2\/product_cat?post=9671"},{"taxonomy":"product_tag","embeddable":true,"href":"https:\/\/npmin.org\/de\/wp-json\/wp\/v2\/product_tag?post=9671"}],"curies":[{"name":"wp","href":"https:\/\/api.w.org\/{rel}","templated":true}]}}