{"id":9670,"date":"2026-02-04T23:31:37","date_gmt":"2026-02-04T17:31:37","guid":{"rendered":"https:\/\/npmin.org\/?post_type=product&#038;p=9670"},"modified":"2026-02-04T23:31:38","modified_gmt":"2026-02-04T17:31:38","slug":"biblical-counseling-short-course-online-course","status":"publish","type":"product","link":"https:\/\/npmin.org\/de\/produkt\/biblical-counseling-short-course-online-course\/","title":{"rendered":"Kurzlehrgang Biblische Seelsorge \u2013 Online-Kurs"},"content":{"rendered":"<p>Der Kurzlehrgang \u201eBiblische Seelsorge\u201c ist jetzt online verf\u00fcgbar. Wie der Name schon sagt, ist er online abrufbar und erfordert daher eine Internetverbindung. Sie k\u00f6nnen aber von \u00fcberall darauf zugreifen und m\u00fcssen nicht sicherstellen, dass Sie gen\u00fcgend Speicherplatz f\u00fcr alle Videos haben. Weitere Informationen zum Kurs erhalten Sie \u00fcber den Link.<\/p>","protected":false},"excerpt":{"rendered":"<p>The Biblical Counseling Short Course is now available as an online course. As the name implies, it is available online, so it will require an internet connection, but you can access it anywhere, and you don&#8217;t have to make sure you have enough storage space to store all of the videos. You can read more [&hellip;]<\/p>\n","protected":false},"featured_media":6114,"template":"","meta":{"_acf_changed":false},"product_brand":[],"product_cat":[122],"product_tag":[],"class_list":{"0":"post-9670","1":"product","2":"type-product","3":"status-publish","4":"has-post-thumbnail","6":"product_cat-courses-2","8":"first","9":"instock","10":"shipping-taxable","11":"product-type-external"},"acf":[],"_links":{"self":[{"href":"https:\/\/npmin.org\/de\/wp-json\/wp\/v2\/product\/9670","targetHints":{"allow":["GET"]}}],"collection":[{"href":"https:\/\/npmin.org\/de\/wp-json\/wp\/v2\/product"}],"about":[{"href":"https:\/\/npmin.org\/de\/wp-json\/wp\/v2\/types\/product"}],"wp:featuredmedia":[{"embeddable":true,"href":"https:\/\/npmin.org\/de\/wp-json\/wp\/v2\/media\/6114"}],"wp:attachment":[{"href":"https:\/\/npmin.org\/de\/wp-json\/wp\/v2\/media?parent=9670"}],"wp:term":[{"taxonomy":"product_brand","embeddable":true,"href":"https:\/\/npmin.org\/de\/wp-json\/wp\/v2\/product_brand?post=9670"},{"taxonomy":"product_cat","embeddable":true,"href":"https:\/\/npmin.org\/de\/wp-json\/wp\/v2\/product_cat?post=9670"},{"taxonomy":"product_tag","embeddable":true,"href":"https:\/\/npmin.org\/de\/wp-json\/wp\/v2\/product_tag?post=9670"}],"curies":[{"name":"wp","href":"https:\/\/api.w.org\/{rel}","templated":true}]}}