{"id":9145,"date":"2025-04-14T10:22:47","date_gmt":"2025-04-14T04:22:47","guid":{"rendered":"https:\/\/npmin.org\/?post_type=product&#038;p=9145"},"modified":"2025-04-16T21:37:56","modified_gmt":"2025-04-16T15:37:56","slug":"t-shirt-john-832","status":"publish","type":"product","link":"https:\/\/npmin.org\/de\/produkt\/t-shirt-john-832\/","title":{"rendered":"T-Shirt (Johannes 8:32)"},"content":{"rendered":"<p>Dieses T-Shirt von New Paradigm Ministries tr\u00e4gt auf der Vorderseite das Logo des Ministeriums. Auf der R\u00fcckseite steht \u201eTruth for LIFE\u201c und folgender Text: \u201eUnd ihr werdet die Wahrheit erkennen, und die Wahrheit wird euch frei machen.\u201c Johannes 8:32. Das T-Shirt ist schwarz und in den Gr\u00f6\u00dfen S (Kinder) bis XXL (Erwachsene) erh\u00e4ltlich.<\/p>","protected":false},"excerpt":{"rendered":"<p>Schwarzes T-Shirt mit dem NPMin-Logo auf der Vorderseite und Johannes 8:32 auf der R\u00fcckseite.<\/p>","protected":false},"featured_media":9155,"template":"","meta":{"_acf_changed":false},"product_brand":[],"product_cat":[156],"product_tag":[158,160,161,159,157],"class_list":{"0":"post-9145","1":"product","2":"type-product","3":"status-publish","4":"has-post-thumbnail","6":"product_cat-apparel","7":"product_tag-black","8":"product_tag-john-832","9":"product_tag-ministry","10":"product_tag-new-paradigm-ministries","11":"product_tag-t-shirt","12":"product_shipping_class-free-shipping-category","14":"first","15":"instock","16":"shipping-taxable","17":"purchasable","18":"product-type-variable"},"acf":[],"_links":{"self":[{"href":"https:\/\/npmin.org\/de\/wp-json\/wp\/v2\/product\/9145","targetHints":{"allow":["GET"]}}],"collection":[{"href":"https:\/\/npmin.org\/de\/wp-json\/wp\/v2\/product"}],"about":[{"href":"https:\/\/npmin.org\/de\/wp-json\/wp\/v2\/types\/product"}],"wp:featuredmedia":[{"embeddable":true,"href":"https:\/\/npmin.org\/de\/wp-json\/wp\/v2\/media\/9155"}],"wp:attachment":[{"href":"https:\/\/npmin.org\/de\/wp-json\/wp\/v2\/media?parent=9145"}],"wp:term":[{"taxonomy":"product_brand","embeddable":true,"href":"https:\/\/npmin.org\/de\/wp-json\/wp\/v2\/product_brand?post=9145"},{"taxonomy":"product_cat","embeddable":true,"href":"https:\/\/npmin.org\/de\/wp-json\/wp\/v2\/product_cat?post=9145"},{"taxonomy":"product_tag","embeddable":true,"href":"https:\/\/npmin.org\/de\/wp-json\/wp\/v2\/product_tag?post=9145"}],"curies":[{"name":"wp","href":"https:\/\/api.w.org\/{rel}","templated":true}]}}