{"id":9139,"date":"2025-04-08T08:33:39","date_gmt":"2025-04-08T02:33:39","guid":{"rendered":"https:\/\/npmin.org\/?post_type=product&#038;p=9139"},"modified":"2025-04-08T08:33:40","modified_gmt":"2025-04-08T02:33:40","slug":"the-study-of-life","status":"publish","type":"product","link":"https:\/\/npmin.org\/de\/produkt\/the-study-of-life\/","title":{"rendered":"Das Studium des Lebens"},"content":{"rendered":"<p>Was ist Ihr gr\u00f6\u00dftes Lebensbed\u00fcrfnis? Nahrung, Sauerstoff, Wasser? Oder ist es mehr als das? Es gibt eine Voraussetzung zum Leben. Und diese h\u00e4ngt mit dem Grundbed\u00fcrfnis des Menschen zusammen: Liebe. Um zu leben, muss man lieben, und um zu lieben, muss man Liebe aus der wahren Quelle sch\u00f6pfen.<\/p>\n<p>\u201eDie Studie des Lebens\u201c ist ein 115-seitiges Buch, das mit einfacher Sprache und zahlreichen Illustrationen das Konzept des Lebensgesetzes und seine Anwendung im Leben verst\u00e4ndlich macht. Wenn Sie das Lebensgesetz bisher nur schwer verstehen, vereinfacht dieses Buch das Thema. Es eignet sich gut f\u00fcr Kinder.<\/p>","protected":false},"excerpt":{"rendered":"<p>\u201eDie Studie des Lebens\u201c ist ein 115-seitiges Buch, das mit einfacher Sprache und zahlreichen Illustrationen das Konzept des Lebensgesetzes und seine Anwendung im Leben verst\u00e4ndlich macht. Wenn Sie das Lebensgesetz bisher nur schwer verstehen, vereinfacht dieses Buch das Thema. Es eignet sich gut f\u00fcr Kinder.<\/p>","protected":false},"featured_media":9141,"template":"","meta":{"_acf_changed":false},"product_brand":[],"product_cat":[38],"product_tag":[],"class_list":{"0":"post-9139","1":"product","2":"type-product","3":"status-publish","4":"has-post-thumbnail","6":"product_cat-books","8":"first","9":"instock","10":"shipping-taxable","11":"purchasable","12":"product-type-simple"},"acf":[],"_links":{"self":[{"href":"https:\/\/npmin.org\/de\/wp-json\/wp\/v2\/product\/9139","targetHints":{"allow":["GET"]}}],"collection":[{"href":"https:\/\/npmin.org\/de\/wp-json\/wp\/v2\/product"}],"about":[{"href":"https:\/\/npmin.org\/de\/wp-json\/wp\/v2\/types\/product"}],"wp:featuredmedia":[{"embeddable":true,"href":"https:\/\/npmin.org\/de\/wp-json\/wp\/v2\/media\/9141"}],"wp:attachment":[{"href":"https:\/\/npmin.org\/de\/wp-json\/wp\/v2\/media?parent=9139"}],"wp:term":[{"taxonomy":"product_brand","embeddable":true,"href":"https:\/\/npmin.org\/de\/wp-json\/wp\/v2\/product_brand?post=9139"},{"taxonomy":"product_cat","embeddable":true,"href":"https:\/\/npmin.org\/de\/wp-json\/wp\/v2\/product_cat?post=9139"},{"taxonomy":"product_tag","embeddable":true,"href":"https:\/\/npmin.org\/de\/wp-json\/wp\/v2\/product_tag?post=9139"}],"curies":[{"name":"wp","href":"https:\/\/api.w.org\/{rel}","templated":true}]}}