{"id":9015,"date":"2025-02-09T22:10:35","date_gmt":"2025-02-09T22:10:35","guid":{"rendered":"https:\/\/npmin.org\/?post_type=product&#038;p=9015"},"modified":"2025-02-09T22:10:36","modified_gmt":"2025-02-09T22:10:36","slug":"lessons-from-covid-download","status":"publish","type":"product","link":"https:\/\/npmin.org\/de\/produkt\/lessons-from-covid-download\/","title":{"rendered":"Lehren aus Covid (Download)"},"content":{"rendered":"<p>\u201eLessons from Covid\u201c (Download) enth\u00e4lt eine Reihe von 11 Videopr\u00e4sentationen (im MP4-Format, einschlie\u00dflich aller PowerPoint-Folien, PDF-Dateien und MP3-Audiodateien), die sich mit den folgenden Fragen befassen: Muss man krank werden, nur weil die Menschen um einen herum krank sind? K\u00f6nnen wir inmitten einer Pandemie oder Epidemie frei von Angst sein? Warum werden wir krank? Was braucht es, um gesund zu sein? Liegt die Ursache der Krankheit au\u00dferhalb oder in Ihnen? Welche Absicht steckt hinter den Ereignissen rund um die Covid-Pandemie? Und wohin wird uns das in Zukunft f\u00fchren? Wenn Sie Antworten auf diese und weitere Fragen suchen, dann ist \u201eLessons from Covid\u201c genau das Richtige f\u00fcr Sie.<\/p>\n<p>Da es sich um einen Download handelt, stellen Sie bitte sicher, dass Sie \u00fcber eine gute Internetverbindung verf\u00fcgen, da einige der Dateien ziemlich gro\u00df sind.<\/p>","protected":false},"excerpt":{"rendered":"<p>\u201eLessons from Covid\u201c (Download) enth\u00e4lt eine elfteilige Videopr\u00e4sentation (mit MP3-, PowerPoint- und PDF-Dateien), die Sie auf Ihren Computer oder Ihr Ger\u00e4t herunterladen k\u00f6nnen. Entdecken Sie, warum wir alles falsch gemacht haben und was wir wissen m\u00fcssen, bevor so etwas noch einmal passiert.<\/p>","protected":false},"featured_media":9017,"template":"","meta":{"_acf_changed":false},"product_brand":[],"product_cat":[125],"product_tag":[48,128,155,43,153,154,129,45,47],"class_list":{"0":"post-9015","1":"product","2":"type-product","3":"status-publish","4":"has-post-thumbnail","6":"product_cat-downloadable-products","7":"product_tag-audio","8":"product_tag-download","9":"product_tag-lessons","10":"product_tag-lessons-from-covid","11":"product_tag-mp3","12":"product_tag-mp4","13":"product_tag-pdf","14":"product_tag-powerpoint","15":"product_tag-video","17":"first","18":"instock","19":"downloadable","20":"virtual","21":"purchasable","22":"product-type-simple"},"acf":[],"_links":{"self":[{"href":"https:\/\/npmin.org\/de\/wp-json\/wp\/v2\/product\/9015","targetHints":{"allow":["GET"]}}],"collection":[{"href":"https:\/\/npmin.org\/de\/wp-json\/wp\/v2\/product"}],"about":[{"href":"https:\/\/npmin.org\/de\/wp-json\/wp\/v2\/types\/product"}],"wp:featuredmedia":[{"embeddable":true,"href":"https:\/\/npmin.org\/de\/wp-json\/wp\/v2\/media\/9017"}],"wp:attachment":[{"href":"https:\/\/npmin.org\/de\/wp-json\/wp\/v2\/media?parent=9015"}],"wp:term":[{"taxonomy":"product_brand","embeddable":true,"href":"https:\/\/npmin.org\/de\/wp-json\/wp\/v2\/product_brand?post=9015"},{"taxonomy":"product_cat","embeddable":true,"href":"https:\/\/npmin.org\/de\/wp-json\/wp\/v2\/product_cat?post=9015"},{"taxonomy":"product_tag","embeddable":true,"href":"https:\/\/npmin.org\/de\/wp-json\/wp\/v2\/product_tag?post=9015"}],"curies":[{"name":"wp","href":"https:\/\/api.w.org\/{rel}","templated":true}]}}