{"id":9011,"date":"2025-02-09T22:03:42","date_gmt":"2025-02-09T22:03:42","guid":{"rendered":"https:\/\/npmin.org\/?post_type=product&#038;p=9011"},"modified":"2025-02-09T22:03:43","modified_gmt":"2025-02-09T22:03:43","slug":"improving-relationships-download","status":"publish","type":"product","link":"https:\/\/npmin.org\/de\/produkt\/improving-relationships-download\/","title":{"rendered":"Beziehungen verbessern (Download)"},"content":{"rendered":"<p>Wenn Sie schon einmal Probleme mit Ihren Beziehungen hatten, ist \u201eBeziehungen verbessern\u201c (Download) genau das Richtige f\u00fcr Sie. Mit 12 hochaufl\u00f6senden Videos (zusammen mit MP3-Audiodateien, PowerPoint-Dateien und PDFs aller Folien) dringt Dr. Sandoval durch die verwirrenden Ablenkungen zum Kern des Problems vor. Er bietet Ihnen Einblicke und L\u00f6sungen f\u00fcr einige Ihrer tiefsten Beziehungsprobleme. Und er ermutigt Sie mit Geschichten, Illustrationen, pers\u00f6nlichen Erfahrungen und den Grunds\u00e4tzen des Wortes Gottes, diese Prinzipien zu \u00fcbernehmen, die Ihre Beziehungen ver\u00e4ndern werden.<\/p>\n<p>Diese Materialien stehen als Download zur Verf\u00fcgung. Stellen Sie daher sicher, dass Sie \u00fcber eine gute Internetverbindung verf\u00fcgen, da einige der Dateien recht gro\u00df sind.<\/p>","protected":false},"excerpt":{"rendered":"<p>Wenn Sie jemals Probleme mit Ihren Beziehungen hatten, ist \u201eBeziehungen verbessern\u201c (Download) genau das Richtige f\u00fcr Sie. Mit 12 hochaufl\u00f6senden Videos sowie MP3-Audiodateien, PowerPoint-Dateien und PDFs aller Folien.<\/p>","protected":false},"featured_media":9013,"template":"","meta":{"_acf_changed":false},"product_brand":[],"product_cat":[125],"product_tag":[48,128,152,153,154,129,45,150,151,47],"class_list":{"0":"post-9011","1":"product","2":"type-product","3":"status-publish","4":"has-post-thumbnail","6":"product_cat-downloadable-products","7":"product_tag-audio","8":"product_tag-download","9":"product_tag-improving","10":"product_tag-mp3","11":"product_tag-mp4","12":"product_tag-pdf","13":"product_tag-powerpoint","14":"product_tag-relationship","15":"product_tag-relationships","16":"product_tag-video","18":"first","19":"instock","20":"downloadable","21":"virtual","22":"purchasable","23":"product-type-simple"},"acf":[],"_links":{"self":[{"href":"https:\/\/npmin.org\/de\/wp-json\/wp\/v2\/product\/9011","targetHints":{"allow":["GET"]}}],"collection":[{"href":"https:\/\/npmin.org\/de\/wp-json\/wp\/v2\/product"}],"about":[{"href":"https:\/\/npmin.org\/de\/wp-json\/wp\/v2\/types\/product"}],"wp:featuredmedia":[{"embeddable":true,"href":"https:\/\/npmin.org\/de\/wp-json\/wp\/v2\/media\/9013"}],"wp:attachment":[{"href":"https:\/\/npmin.org\/de\/wp-json\/wp\/v2\/media?parent=9011"}],"wp:term":[{"taxonomy":"product_brand","embeddable":true,"href":"https:\/\/npmin.org\/de\/wp-json\/wp\/v2\/product_brand?post=9011"},{"taxonomy":"product_cat","embeddable":true,"href":"https:\/\/npmin.org\/de\/wp-json\/wp\/v2\/product_cat?post=9011"},{"taxonomy":"product_tag","embeddable":true,"href":"https:\/\/npmin.org\/de\/wp-json\/wp\/v2\/product_tag?post=9011"}],"curies":[{"name":"wp","href":"https:\/\/api.w.org\/{rel}","templated":true}]}}