{"id":9008,"date":"2025-02-09T19:21:33","date_gmt":"2025-02-09T19:21:33","guid":{"rendered":"https:\/\/npmin.org\/?post_type=product&#038;p=9008"},"modified":"2025-02-09T19:22:38","modified_gmt":"2025-02-09T19:22:38","slug":"biblical-counseling-short-course-download","status":"publish","type":"product","link":"https:\/\/npmin.org\/de\/produkt\/biblical-counseling-short-course-download\/","title":{"rendered":"Kurzkurs zur biblischen Beratung (Download)"},"content":{"rendered":"<p>Wenn jemand pers\u00f6nliche Probleme hat, seine Beziehungen in die Br\u00fcche gehen oder gesundheitliche Probleme hat, wissen Sie, was los ist, damit Sie ihm helfen k\u00f6nnen? Um die Funktionsf\u00e4higkeit wiederherzustellen, ist es wichtig zu wissen, wie etwas funktionieren sollte und was die Ursache f\u00fcr die Funktionsst\u00f6rung war.<\/p>\n<p>Dieser Kurs wurde von Dr. Mark Sandoval entwickelt, um Ihnen zu helfen, zu verstehen, warum Menschen spirituell, emotional und sozial k\u00e4mpfen und wie sich diese K\u00e4mpfe auf ihre Gesundheit auswirken. Er gibt Ihnen tiefe Einblicke in den Geist, Beziehungen, Gott, die menschliche Natur, den Erl\u00f6sungsplan und das Wort Gottes, damit Sie anderen helfen k\u00f6nnen, sich von ihren Problemen zu befreien. Dieser Kurzkurs in biblischer Seelsorge enth\u00e4lt 28 hochaufl\u00f6sende MP4-Videos, 28 MP3-Audiodateien sowie alle PowerPoint- und PDF-Dateien aller Pr\u00e4sentationen und steht zum Download auf Ihren Computer oder Ihr Ger\u00e4t bereit. Sie ben\u00f6tigen eine gute Internetverbindung, da einige der Dateien recht gro\u00df sind.<\/p>\n<p>Zu den Pr\u00e4sentationstiteln geh\u00f6ren:<\/p>\n<p>1 Grunds\u00e4tze der spirituellen Beratung<\/p>\n<p>2 Erhalten einer Lebensgeschichte<\/p>\n<p>3 Gesundheit und Krankheit verstehen<\/p>\n<p>4 Die Rolle des Geistes bei Krankheiten<\/p>\n<p>5 Das Gesetz des Lebens \u2013 Wie die Dinge funktionieren<\/p>\n<p>6 Gott kennenlernen<\/p>\n<p>7 Kostbar<\/p>\n<p>8 Wie Menschen funktionieren<\/p>\n<p>9 Der Fall und seine Folgen<\/p>\n<p>10 Der Erl\u00f6sungsplan \u2013 Teil 1<\/p>\n<p>11 Die Rolle und Grenzen der Wahl<\/p>\n<p>12 Der Erl\u00f6sungsplan \u2013 Teil 2a<\/p>\n<p>13 Der Erl\u00f6sungsplan \u2013 Teil 2b<\/p>\n<p>14 Akzeptanz und Hingabe<\/p>\n<p>15 Beichte, Reue und Wiedergutmachung<\/p>\n<p>16 Verbunden mit und wachsend im Weinstock<\/p>\n<p>17 Umgang mit Versuchungen und S\u00fcchten<\/p>\n<p>18 Die T\u00e4uschung der s\u00fcndigen Natur<\/p>\n<p>19 Das Gottesproblem<\/p>\n<p>20 Wirkungsbereich<\/p>\n<p>21 Gesunde Grenzen<\/p>\n<p>22 Die Identit\u00e4tsl\u00f6sung<\/p>\n<p>23 Das Talent des Leidens<\/p>\n<p>24 Autorit\u00e4t und Unterwerfung<\/p>\n<p>25 Esser oder Futterspender<\/p>\n<p>26 Gesundheit durch Glauben<\/p>\n<p>27 Die wahre Ursache der Krankheit<\/p>\n<p>28 Gerechtigkeit durch Glauben<\/p>","protected":false},"excerpt":{"rendered":"<p>Dieser Kurzkurs in biblischer Beratung enth\u00e4lt 28 hochaufl\u00f6sende MP4-Videos, 28 MP3-Audiodateien sowie alle PowerPoint- und PDF-Dateien aller Pr\u00e4sentationen. Ziel des Kurses ist es, Ihnen zu helfen, zu verstehen, warum Menschen mental, spirituell und sozial Probleme haben, wie sich dies auf ihre Gesundheit auswirkt und wie Sie ihnen durch die Wahrheit helfen k\u00f6nnen, sich zu erholen. Diese Dateien stehen zum Download auf Ihren Computer oder Ihr Ger\u00e4t bereit.<\/p>","protected":false},"featured_media":9010,"template":"","meta":{"_acf_changed":false},"product_brand":[],"product_cat":[125],"product_tag":[48,149,128,129,45,47],"class_list":{"0":"post-9008","1":"product","2":"type-product","3":"status-publish","4":"has-post-thumbnail","6":"product_cat-downloadable-products","7":"product_tag-audio","8":"product_tag-biblical-counseling","9":"product_tag-download","10":"product_tag-pdf","11":"product_tag-powerpoint","12":"product_tag-video","14":"first","15":"instock","16":"downloadable","17":"virtual","18":"purchasable","19":"product-type-simple"},"acf":[],"_links":{"self":[{"href":"https:\/\/npmin.org\/de\/wp-json\/wp\/v2\/product\/9008","targetHints":{"allow":["GET"]}}],"collection":[{"href":"https:\/\/npmin.org\/de\/wp-json\/wp\/v2\/product"}],"about":[{"href":"https:\/\/npmin.org\/de\/wp-json\/wp\/v2\/types\/product"}],"wp:featuredmedia":[{"embeddable":true,"href":"https:\/\/npmin.org\/de\/wp-json\/wp\/v2\/media\/9010"}],"wp:attachment":[{"href":"https:\/\/npmin.org\/de\/wp-json\/wp\/v2\/media?parent=9008"}],"wp:term":[{"taxonomy":"product_brand","embeddable":true,"href":"https:\/\/npmin.org\/de\/wp-json\/wp\/v2\/product_brand?post=9008"},{"taxonomy":"product_cat","embeddable":true,"href":"https:\/\/npmin.org\/de\/wp-json\/wp\/v2\/product_cat?post=9008"},{"taxonomy":"product_tag","embeddable":true,"href":"https:\/\/npmin.org\/de\/wp-json\/wp\/v2\/product_tag?post=9008"}],"curies":[{"name":"wp","href":"https:\/\/api.w.org\/{rel}","templated":true}]}}