{"id":8967,"date":"2025-01-14T19:07:51","date_gmt":"2025-01-14T19:07:51","guid":{"rendered":"https:\/\/npmin.org\/?post_type=product&#038;p=8967"},"modified":"2025-06-20T10:12:39","modified_gmt":"2025-06-20T04:12:39","slug":"the-law-of-life-ebook-pdf","status":"publish","type":"product","link":"https:\/\/npmin.org\/de\/produkt\/the-law-of-life-ebook-pdf\/","title":{"rendered":"Das Gesetz des Lebens eBook (PDF)"},"content":{"rendered":"<p>Michelle kam mit einem Unterleibskrebs zu mir, der sich ausgebreitet hatte und sich allen konventionellen Behandlungsversuchen widersetzte. Sie brachte auch emotionalen Ballast aus Beziehungstraumata mit. Als ich ihr die Prinzipien des \u201eGesetzes des Lebens\u201c vermittelte und sie diese Prinzipien in ihrem Leben anwandte, heilte ihr Krebs zur\u00fcck. Sie gewann die Freude und Hoffnung zur\u00fcck, die sie verloren hatte, und erkannte ihren Lebenssinn wieder st\u00e4rker. Michelles Geschichte ist kein Einzelfall. Ich sehe, wie sich die Beziehungen meiner Patienten erholen, ihr spirituelles Leben erbl\u00fcht und ihre psychische Gesundheit sich verbessert, wenn diese Prinzipien angewendet werden. Und das k\u00f6nnen Sie auch. Lesen Sie \u201eDas Gesetz des Lebens\u201c so oft, bis Sie es verstehen und in Ihrem Leben anwenden. Sie werden es nicht bereuen!<\/p>\n<p>Das H\u00f6rbuch finden Sie hier: https:\/\/www.audible.com\/pd\/The-Law-of-Life-Audiobook\/B0DSZ192Y8<\/p>","protected":false},"excerpt":{"rendered":"<p>M\u00f6chten Sie gleichzeitig von Krankheiten genesen, zerr\u00fcttete Beziehungen wiederherstellen und Ihre \u00c4ngste und Depressionen \u00fcberwinden? Das Gesetz des Lebens ist das Buch, das Sie brauchen. Die darin beschriebenen Prinzipien haben vielen Menschen geholfen, Freiheit und Sinn zu finden.<\/p>\n<p>Das H\u00f6rbuch finden Sie hier: https:\/\/www.audible.com\/pd\/The-Law-of-Life-Audiobook\/B0DSZ192Y8<\/p>","protected":false},"featured_media":8969,"template":"","meta":{"_acf_changed":false},"product_brand":[],"product_cat":[125],"product_tag":[128,126,127,129,49],"class_list":{"0":"post-8967","1":"product","2":"type-product","3":"status-publish","4":"has-post-thumbnail","6":"product_cat-downloadable-products","7":"product_tag-download","8":"product_tag-ebook","9":"product_tag-free","10":"product_tag-pdf","11":"product_tag-the-law-of-life","13":"first","14":"instock","15":"downloadable","16":"virtual","17":"purchasable","18":"product-type-simple"},"acf":[],"_links":{"self":[{"href":"https:\/\/npmin.org\/de\/wp-json\/wp\/v2\/product\/8967","targetHints":{"allow":["GET"]}}],"collection":[{"href":"https:\/\/npmin.org\/de\/wp-json\/wp\/v2\/product"}],"about":[{"href":"https:\/\/npmin.org\/de\/wp-json\/wp\/v2\/types\/product"}],"wp:featuredmedia":[{"embeddable":true,"href":"https:\/\/npmin.org\/de\/wp-json\/wp\/v2\/media\/8969"}],"wp:attachment":[{"href":"https:\/\/npmin.org\/de\/wp-json\/wp\/v2\/media?parent=8967"}],"wp:term":[{"taxonomy":"product_brand","embeddable":true,"href":"https:\/\/npmin.org\/de\/wp-json\/wp\/v2\/product_brand?post=8967"},{"taxonomy":"product_cat","embeddable":true,"href":"https:\/\/npmin.org\/de\/wp-json\/wp\/v2\/product_cat?post=8967"},{"taxonomy":"product_tag","embeddable":true,"href":"https:\/\/npmin.org\/de\/wp-json\/wp\/v2\/product_tag?post=8967"}],"curies":[{"name":"wp","href":"https:\/\/api.w.org\/{rel}","templated":true}]}}