{"id":8868,"date":"2024-11-15T22:53:20","date_gmt":"2024-11-15T22:53:20","guid":{"rendered":"https:\/\/npmin.org\/?post_type=product&#038;p=8868"},"modified":"2026-04-06T00:41:48","modified_gmt":"2026-04-05T18:41:48","slug":"the-law-of-life-workbook","status":"publish","type":"product","link":"https:\/\/npmin.org\/de\/produkt\/the-law-of-life-workbook\/","title":{"rendered":"Das Arbeitsbuch \u201eDas Gesetz des Lebens\u201c"},"content":{"rendered":"<p>Dieses Arbeitsbuch ist als Erg\u00e4nzung zum Buch \u201eLaw of Life\u201c bzw. zur \u201eLaw of Life (Wedge Edition)\u201c konzipiert. Es enth\u00e4lt relevante Fragen, Bibelstellen und Denkanst\u00f6\u00dfe, die dem Leser helfen, die darin dargelegten Konzepte besser zu verstehen und im eigenen Leben anzuwenden. Wir empfehlen jedem, der das Buch \u201eLaw of Life\u201c besitzt, sich ein Exemplar des \u201eLaw of Life\u201c-Arbeitsbuchs zu sichern, um seine Entwicklung zu unterst\u00fctzen.<\/p>","protected":false},"excerpt":{"rendered":"<p>Wenn Sie das Buch \u201eLaw of Life\u201c oder \u201eLaw of Life (Wedge Edition)\u201c besitzen, wenn Sie den \u201eLaw of Life\u201c-USB-Stick haben oder den \u201eLaw of Life\u201c-Kurs belegen, werden Sie auch dieses \u201eLaw of Life\u201c-Arbeitsbuch haben wollen.<\/p>","protected":false},"featured_media":8870,"template":"","meta":{"_acf_changed":false},"product_brand":[],"product_cat":[38],"product_tag":[49,123],"class_list":{"0":"post-8868","1":"product","2":"type-product","3":"status-publish","4":"has-post-thumbnail","6":"product_cat-books","7":"product_tag-the-law-of-life","8":"product_tag-workbook","10":"first","11":"instock","12":"shipping-taxable","13":"purchasable","14":"product-type-simple"},"acf":[],"_links":{"self":[{"href":"https:\/\/npmin.org\/de\/wp-json\/wp\/v2\/product\/8868","targetHints":{"allow":["GET"]}}],"collection":[{"href":"https:\/\/npmin.org\/de\/wp-json\/wp\/v2\/product"}],"about":[{"href":"https:\/\/npmin.org\/de\/wp-json\/wp\/v2\/types\/product"}],"wp:featuredmedia":[{"embeddable":true,"href":"https:\/\/npmin.org\/de\/wp-json\/wp\/v2\/media\/8870"}],"wp:attachment":[{"href":"https:\/\/npmin.org\/de\/wp-json\/wp\/v2\/media?parent=8868"}],"wp:term":[{"taxonomy":"product_brand","embeddable":true,"href":"https:\/\/npmin.org\/de\/wp-json\/wp\/v2\/product_brand?post=8868"},{"taxonomy":"product_cat","embeddable":true,"href":"https:\/\/npmin.org\/de\/wp-json\/wp\/v2\/product_cat?post=8868"},{"taxonomy":"product_tag","embeddable":true,"href":"https:\/\/npmin.org\/de\/wp-json\/wp\/v2\/product_tag?post=8868"}],"curies":[{"name":"wp","href":"https:\/\/api.w.org\/{rel}","templated":true}]}}