{"id":8789,"date":"2024-10-03T14:59:43","date_gmt":"2024-10-03T14:59:43","guid":{"rendered":"https:\/\/npmin.org\/?post_type=product&#038;p=8789"},"modified":"2026-02-04T23:26:49","modified_gmt":"2026-02-04T17:26:49","slug":"the-law-of-life-online-course","status":"publish","type":"product","link":"https:\/\/npmin.org\/de\/produkt\/the-law-of-life-online-course\/","title":{"rendered":"Online-Kurs \u201eDas Gesetz des Lebens\u201c"},"content":{"rendered":"<p>Der Kurs \u201eGesetz des Lebens\u201c richtet sich an Menschen mit gesundheitlichen Problemen und ungel\u00f6sten emotionalen Herausforderungen. In diesem Kurs lernen Sie, die Ursachen Ihrer Beschwerden zu bek\u00e4mpfen, geistiges und k\u00f6rperliches Wohlbefinden zu erreichen und wahren Frieden zu finden.<\/p>","protected":false},"excerpt":{"rendered":"<p>Der Kurs \u201eGesetz des Lebens\u201c richtet sich an Menschen mit gesundheitlichen Problemen und ungel\u00f6sten emotionalen Herausforderungen. In diesem Kurs lernen Sie, die Ursachen Ihrer Beschwerden zu bek\u00e4mpfen, geistiges und k\u00f6rperliches Wohlbefinden zu erreichen und wahren Frieden zu finden.<\/p>","protected":false},"featured_media":4346,"template":"","meta":{"_acf_changed":false},"product_brand":[],"product_cat":[122],"product_tag":[],"class_list":{"0":"post-8789","1":"product","2":"type-product","3":"status-publish","4":"has-post-thumbnail","6":"product_cat-courses-2","8":"first","9":"instock","10":"shipping-taxable","11":"product-type-external"},"acf":[],"_links":{"self":[{"href":"https:\/\/npmin.org\/de\/wp-json\/wp\/v2\/product\/8789","targetHints":{"allow":["GET"]}}],"collection":[{"href":"https:\/\/npmin.org\/de\/wp-json\/wp\/v2\/product"}],"about":[{"href":"https:\/\/npmin.org\/de\/wp-json\/wp\/v2\/types\/product"}],"wp:featuredmedia":[{"embeddable":true,"href":"https:\/\/npmin.org\/de\/wp-json\/wp\/v2\/media\/4346"}],"wp:attachment":[{"href":"https:\/\/npmin.org\/de\/wp-json\/wp\/v2\/media?parent=8789"}],"wp:term":[{"taxonomy":"product_brand","embeddable":true,"href":"https:\/\/npmin.org\/de\/wp-json\/wp\/v2\/product_brand?post=8789"},{"taxonomy":"product_cat","embeddable":true,"href":"https:\/\/npmin.org\/de\/wp-json\/wp\/v2\/product_cat?post=8789"},{"taxonomy":"product_tag","embeddable":true,"href":"https:\/\/npmin.org\/de\/wp-json\/wp\/v2\/product_tag?post=8789"}],"curies":[{"name":"wp","href":"https:\/\/api.w.org\/{rel}","templated":true}]}}