{"id":8719,"date":"2024-09-24T15:39:28","date_gmt":"2024-09-24T15:39:28","guid":{"rendered":"https:\/\/npmin.org\/?post_type=product&#038;p=8719"},"modified":"2025-01-06T15:03:05","modified_gmt":"2025-01-06T15:03:05","slug":"bible-promises-for-freedom","status":"publish","type":"product","link":"https:\/\/npmin.org\/de\/produkt\/bible-promises-for-freedom\/","title":{"rendered":"Bibelversprechen f\u00fcr die Freiheit"},"content":{"rendered":"<p style=\"font-weight: 400;\">\u201eBibelversprechen f\u00fcr Freiheit\u201c ist Ihre Quelle zur \u00dcberwindung negativer Gedanken. Wenn Sie mit Stress, Schuldgef\u00fchlen, Bitterkeit, Angst, Depression, Sucht, Ablehnung, Hoffnungslosigkeit, Lust oder einer Reihe anderer Probleme k\u00e4mpfen, brauchen Sie die Kraft der Versprechen Gottes, um diese zu \u00fcberwinden. Viele Menschen wissen jedoch nicht, wie sie diese Versprechen finden oder richtig nutzen k\u00f6nnen. \u201eBibelversprechen f\u00fcr Freiheit\u201c hilft Ihnen, die biblischen Versprechen zu finden, die Sie brauchen. Dar\u00fcber hinaus zeigt es Ihnen praktische Wege auf, diese Versprechen zu nutzen, um frei zu werden. Dr. Sandoval hilft seit Jahren Menschen, sich von ihren Problemen zu befreien, und teilt Erkenntnisse aus seinem pers\u00f6nlichen Kampf mit Ihnen, um auch Ihnen zu helfen, diese zu \u00fcberwinden.<\/p>","protected":false},"excerpt":{"rendered":"<p style=\"font-weight: 400;\">\u201eBibelversprechen f\u00fcr die Freiheit\u201c hilft Ihnen zu erfahren, wie Sie negative Gedanken mithilfe des Wortes Gottes \u00fcberwinden k\u00f6nnen, und liefert Ihnen die Versprechen des Wortes, die Sie brauchen, um frei zu sein.<\/p>","protected":false},"featured_media":8722,"template":"","meta":{"_acf_changed":false},"product_brand":[],"product_cat":[38],"product_tag":[],"class_list":{"0":"post-8719","1":"product","2":"type-product","3":"status-publish","4":"has-post-thumbnail","6":"product_cat-books","8":"first","9":"instock","10":"shipping-taxable","11":"purchasable","12":"product-type-simple"},"acf":[],"_links":{"self":[{"href":"https:\/\/npmin.org\/de\/wp-json\/wp\/v2\/product\/8719","targetHints":{"allow":["GET"]}}],"collection":[{"href":"https:\/\/npmin.org\/de\/wp-json\/wp\/v2\/product"}],"about":[{"href":"https:\/\/npmin.org\/de\/wp-json\/wp\/v2\/types\/product"}],"wp:featuredmedia":[{"embeddable":true,"href":"https:\/\/npmin.org\/de\/wp-json\/wp\/v2\/media\/8722"}],"wp:attachment":[{"href":"https:\/\/npmin.org\/de\/wp-json\/wp\/v2\/media?parent=8719"}],"wp:term":[{"taxonomy":"product_brand","embeddable":true,"href":"https:\/\/npmin.org\/de\/wp-json\/wp\/v2\/product_brand?post=8719"},{"taxonomy":"product_cat","embeddable":true,"href":"https:\/\/npmin.org\/de\/wp-json\/wp\/v2\/product_cat?post=8719"},{"taxonomy":"product_tag","embeddable":true,"href":"https:\/\/npmin.org\/de\/wp-json\/wp\/v2\/product_tag?post=8719"}],"curies":[{"name":"wp","href":"https:\/\/api.w.org\/{rel}","templated":true}]}}