{"id":7702,"date":"2024-08-21T18:13:54","date_gmt":"2024-08-21T18:13:54","guid":{"rendered":"https:\/\/npmin.org\/?post_type=product&#038;p=7702"},"modified":"2026-03-02T05:37:29","modified_gmt":"2026-03-01T23:37:29","slug":"improving-relationships-flash-drive","status":"publish","type":"product","link":"https:\/\/npmin.org\/de\/produkt\/improving-relationships-flash-drive\/","title":{"rendered":"Beziehungen verbessern (Flash-Laufwerk)"},"content":{"rendered":"<p><span style=\"font-weight: 300;\">Wenn Sie schon einmal Probleme mit Ihren Beziehungen hatten, ist die Videoserie \u201eBeziehungen verbessern\u201c genau das Richtige f\u00fcr Sie. In zw\u00f6lf hochaufl\u00f6senden Videos (zusammen mit MP3-Audiodateien, PowerPoint-Dateien und PDFs aller Folien) dringt Dr. Sandoval durch die verwirrenden Ablenkungen zum Kern des Problems vor. Er bietet Ihnen Einblicke und L\u00f6sungen f\u00fcr einige Ihrer tiefsten Beziehungsprobleme. Und er ermutigt Sie mit Geschichten, Illustrationen, pers\u00f6nlichen Erfahrungen und den Grunds\u00e4tzen des Wortes Gottes, diese Prinzipien zu \u00fcbernehmen, die Ihre Beziehungen ver\u00e4ndern werden.<\/span><\/p>","protected":false},"excerpt":{"rendered":"<p><span style=\"font-weight: 300;\">Wenn Sie jemals Probleme mit Ihren Beziehungen hatten, ist die Videoserie \u201eBeziehungen verbessern\u201c genau das Richtige f\u00fcr Sie. Mit 12 hochaufl\u00f6senden Videos (zusammen mit den MP3-Audiodateien, PowerPoint-Dateien und PDFs aller Folien) <\/span><\/p>","protected":false},"featured_media":7703,"template":"","meta":{"_acf_changed":false},"product_brand":[],"product_cat":[37,39],"product_tag":[],"class_list":{"0":"post-7702","1":"product","2":"type-product","3":"status-publish","4":"has-post-thumbnail","6":"product_cat-media-books-videos-etc","7":"product_cat-videos","9":"first","10":"instock","11":"shipping-taxable","12":"purchasable","13":"product-type-simple"},"acf":[],"_links":{"self":[{"href":"https:\/\/npmin.org\/de\/wp-json\/wp\/v2\/product\/7702","targetHints":{"allow":["GET"]}}],"collection":[{"href":"https:\/\/npmin.org\/de\/wp-json\/wp\/v2\/product"}],"about":[{"href":"https:\/\/npmin.org\/de\/wp-json\/wp\/v2\/types\/product"}],"wp:featuredmedia":[{"embeddable":true,"href":"https:\/\/npmin.org\/de\/wp-json\/wp\/v2\/media\/7703"}],"wp:attachment":[{"href":"https:\/\/npmin.org\/de\/wp-json\/wp\/v2\/media?parent=7702"}],"wp:term":[{"taxonomy":"product_brand","embeddable":true,"href":"https:\/\/npmin.org\/de\/wp-json\/wp\/v2\/product_brand?post=7702"},{"taxonomy":"product_cat","embeddable":true,"href":"https:\/\/npmin.org\/de\/wp-json\/wp\/v2\/product_cat?post=7702"},{"taxonomy":"product_tag","embeddable":true,"href":"https:\/\/npmin.org\/de\/wp-json\/wp\/v2\/product_tag?post=7702"}],"curies":[{"name":"wp","href":"https:\/\/api.w.org\/{rel}","templated":true}]}}