{"id":6115,"date":"2024-07-25T18:58:38","date_gmt":"2024-07-25T18:58:38","guid":{"rendered":"https:\/\/npmin.org\/?post_type=product&#038;p=6115"},"modified":"2024-12-22T01:27:37","modified_gmt":"2024-12-22T01:27:37","slug":"life-lessons-from-luke-volume-1","status":"publish","type":"product","link":"https:\/\/npmin.org\/de\/produkt\/life-lessons-from-luke-volume-1\/","title":{"rendered":"Lebenslektionen von Lukas, Band 1"},"content":{"rendered":"<p style=\"font-weight: 400;\">In \u201eLebenslektionen aus Lukas\u201c, Band 1, begleitet Sie Dr. Mark Sandoval Vers f\u00fcr Vers durch die Kapitel 1 bis 4 des Lukasevangeliums. Anhand fesselnder Geschichten, Analogien und Fakten zum Text veranschaulicht er die zugrunde liegenden Prinzipien auf eine Weise, die Ihnen hilft, die tiefe Sch\u00f6nheit des Evangeliums zu verstehen. Dieses Buch wird Sie auf Ihrem pers\u00f6nlichen Weg mit Gott ermutigen, inspirieren und herausfordern. Und Sie werden den Schl\u00fcsseln begegnen, die Sie brauchen, um sich von Ihren Problemen zu befreien. Pers\u00f6nliche Beispiele werden Ihnen helfen zu verstehen, dass Sie mit Ihrem Kampf nicht allein sind, sondern auch, dass Sie aufgrund dessen, was Jesus f\u00fcr Sie getan hat, gro\u00dfe Hoffnung haben. Kurz gesagt: Wenn Sie inspiriert und herausgefordert werden und die Schl\u00fcssel erhalten m\u00f6chten, die Sie f\u00fcr Ihre Freiheit brauchen, dann ist \u201eLebenslektionen aus Lukas\u201c, Band 1, genau das Richtige f\u00fcr Sie.<\/p>","protected":false},"excerpt":{"rendered":"<p>In \u201eLebenslektionen aus Lukas\u201c Band 1 begleitet Sie Dr. Mark Sandoval Vers f\u00fcr Vers durch die Kapitel 1 bis 4 des Lukasevangeliums. Anhand spannender Geschichten, Analogien und Fakten zum Text veranschaulicht er die zugrunde liegenden Prinzipien auf eine Weise, die Ihnen hilft, die tiefe Sch\u00f6nheit des Evangeliums zu verstehen.<\/p>","protected":false},"featured_media":6116,"template":"","meta":{"_acf_changed":false},"product_brand":[],"product_cat":[38],"product_tag":[],"class_list":{"0":"post-6115","1":"product","2":"type-product","3":"status-publish","4":"has-post-thumbnail","6":"product_cat-books","8":"first","9":"instock","10":"shipping-taxable","11":"purchasable","12":"product-type-simple"},"acf":[],"_links":{"self":[{"href":"https:\/\/npmin.org\/de\/wp-json\/wp\/v2\/product\/6115","targetHints":{"allow":["GET"]}}],"collection":[{"href":"https:\/\/npmin.org\/de\/wp-json\/wp\/v2\/product"}],"about":[{"href":"https:\/\/npmin.org\/de\/wp-json\/wp\/v2\/types\/product"}],"wp:featuredmedia":[{"embeddable":true,"href":"https:\/\/npmin.org\/de\/wp-json\/wp\/v2\/media\/6116"}],"wp:attachment":[{"href":"https:\/\/npmin.org\/de\/wp-json\/wp\/v2\/media?parent=6115"}],"wp:term":[{"taxonomy":"product_brand","embeddable":true,"href":"https:\/\/npmin.org\/de\/wp-json\/wp\/v2\/product_brand?post=6115"},{"taxonomy":"product_cat","embeddable":true,"href":"https:\/\/npmin.org\/de\/wp-json\/wp\/v2\/product_cat?post=6115"},{"taxonomy":"product_tag","embeddable":true,"href":"https:\/\/npmin.org\/de\/wp-json\/wp\/v2\/product_tag?post=6115"}],"curies":[{"name":"wp","href":"https:\/\/api.w.org\/{rel}","templated":true}]}}