{"id":6042,"date":"2024-03-14T09:34:15","date_gmt":"2024-03-14T09:34:15","guid":{"rendered":"https:\/\/npmin.org\/?post_type=product&#038;p=6042"},"modified":"2026-03-02T05:39:10","modified_gmt":"2026-03-01T23:39:10","slug":"the-law-of-life-flash-drive","status":"publish","type":"product","link":"https:\/\/npmin.org\/de\/produkt\/the-law-of-life-flash-drive\/","title":{"rendered":"Das Gesetz des Lebens (Flash-Laufwerk)"},"content":{"rendered":"<p>Der USB-Stick \u201eLaw of Life\u201c enth\u00e4lt 16 hochaufl\u00f6sende Videos mit insgesamt 15 Stunden Inhalt, die dem Inhalt des Buches \u201eLaw of Life\u201c folgen. Zus\u00e4tzlich zu den Videos gibt es 16 MP3-Audiodateien, sodass Sie die Pr\u00e4sentationen beim Autofahren oder Arbeiten anh\u00f6ren k\u00f6nnen. Der USB-Stick enth\u00e4lt au\u00dferdem alle PowerPoint-Dateien der Pr\u00e4sentationen sowie PDF-Dateien aller Folien.<\/p>","protected":false},"excerpt":{"rendered":"<p>Der USB-Stick \u201eLaw of Life\u201c enth\u00e4lt 16 hochaufl\u00f6sende Videos (sowie Audio-, PowerPoint- und PDF-Dateien), die den Aufbau und Inhalt des Buches \u201eLaw of Life\u201c nachzeichnen. Insgesamt umfasst der USB-Stick 15 Stunden Videoinhalte.<\/p>","protected":false},"featured_media":6043,"template":"","meta":{"_acf_changed":false},"product_brand":[],"product_cat":[37,39],"product_tag":[48,40,49,47],"class_list":{"0":"post-6042","1":"product","2":"type-product","3":"status-publish","4":"has-post-thumbnail","6":"product_cat-media-books-videos-etc","7":"product_cat-videos","8":"product_tag-audio","9":"product_tag-flash-drive","10":"product_tag-the-law-of-life","11":"product_tag-video","13":"first","14":"instock","15":"shipping-taxable","16":"purchasable","17":"product-type-simple"},"acf":[],"_links":{"self":[{"href":"https:\/\/npmin.org\/de\/wp-json\/wp\/v2\/product\/6042","targetHints":{"allow":["GET"]}}],"collection":[{"href":"https:\/\/npmin.org\/de\/wp-json\/wp\/v2\/product"}],"about":[{"href":"https:\/\/npmin.org\/de\/wp-json\/wp\/v2\/types\/product"}],"wp:featuredmedia":[{"embeddable":true,"href":"https:\/\/npmin.org\/de\/wp-json\/wp\/v2\/media\/6043"}],"wp:attachment":[{"href":"https:\/\/npmin.org\/de\/wp-json\/wp\/v2\/media?parent=6042"}],"wp:term":[{"taxonomy":"product_brand","embeddable":true,"href":"https:\/\/npmin.org\/de\/wp-json\/wp\/v2\/product_brand?post=6042"},{"taxonomy":"product_cat","embeddable":true,"href":"https:\/\/npmin.org\/de\/wp-json\/wp\/v2\/product_cat?post=6042"},{"taxonomy":"product_tag","embeddable":true,"href":"https:\/\/npmin.org\/de\/wp-json\/wp\/v2\/product_tag?post=6042"}],"curies":[{"name":"wp","href":"https:\/\/api.w.org\/{rel}","templated":true}]}}