{"id":5525,"date":"2023-05-08T21:11:03","date_gmt":"2023-05-08T21:11:03","guid":{"rendered":"https:\/\/npmin.org\/?post_type=product&#038;p=5525"},"modified":"2025-12-23T04:48:23","modified_gmt":"2025-12-22T22:48:23","slug":"la-ley-de-la-vida","status":"publish","type":"product","link":"https:\/\/npmin.org\/de\/produkt\/la-ley-de-la-vida\/","title":{"rendered":"Das Gesetz des Lebens"},"content":{"rendered":"<p style=\"font-weight: 400;\">Michelle war voller Bauchkrebs, weil sie sich weit ausdehnen und sich den konventionellen Kontrollabsichten widersetzen musste. Sie war auch mit der emotionalen Ausr\u00fcstung der Beziehungstraumata verbunden. Beim Vergleich mit den wichtigsten Inhalten in \u201eLa Ley de la Vida\u201c und bei der Anwendung dieser Hauptinhalte in ihrem Leben wird ihr Krebs wiederhergestellt. Erhalten Sie den Gozo und die Geduld, die Sie verloren haben, und erfahren Sie eine gro\u00dfe Wertsch\u00e4tzung f\u00fcr Ihr Vorhaben im Leben. Die Geschichte von Michelle ist kein Zufall. Veo la restauraci\u00f3n de las beziehungen meiner geduldigen, florecimiento de la vida spirituell und mejora de la salud mentale cuando se aplican estos principios. Sie k\u00f6nnen es auch tun. Lesen und ver\u00f6ffentlichen Sie \u201eLa Ley de la Vida\u201c, bis die Teilnehmer und Anwendungen Ihr Leben erreicht haben. \u00a1No te arrepentir\u00e1s!<\/p>\n<p><span style=\"font-weight: 400;\">282 Seiten<\/span><\/p>","protected":false},"excerpt":{"rendered":"<p>M\u00f6chten Sie sich von einer Krankheit trennen, verlorene Beziehungen wiederherstellen und sich von Ihrer Angst und Depression erholen? \u201eLa Ley de la Vida\u201c ist das Buch, das man braucht. Die in diesem Buch beschriebenen Prinzipien haben vielen Menschen geholfen, sich mit der Freiheit und dem Vorhaben auseinanderzusetzen.<\/p>","protected":false},"featured_media":5526,"template":"","meta":{"_acf_changed":false},"product_brand":[],"product_cat":[38],"product_tag":[],"class_list":{"0":"post-5525","1":"product","2":"type-product","3":"status-publish","4":"has-post-thumbnail","6":"product_cat-books","8":"first","9":"instock","10":"purchasable","11":"product-type-simple"},"acf":[],"_links":{"self":[{"href":"https:\/\/npmin.org\/de\/wp-json\/wp\/v2\/product\/5525","targetHints":{"allow":["GET"]}}],"collection":[{"href":"https:\/\/npmin.org\/de\/wp-json\/wp\/v2\/product"}],"about":[{"href":"https:\/\/npmin.org\/de\/wp-json\/wp\/v2\/types\/product"}],"wp:featuredmedia":[{"embeddable":true,"href":"https:\/\/npmin.org\/de\/wp-json\/wp\/v2\/media\/5526"}],"wp:attachment":[{"href":"https:\/\/npmin.org\/de\/wp-json\/wp\/v2\/media?parent=5525"}],"wp:term":[{"taxonomy":"product_brand","embeddable":true,"href":"https:\/\/npmin.org\/de\/wp-json\/wp\/v2\/product_brand?post=5525"},{"taxonomy":"product_cat","embeddable":true,"href":"https:\/\/npmin.org\/de\/wp-json\/wp\/v2\/product_cat?post=5525"},{"taxonomy":"product_tag","embeddable":true,"href":"https:\/\/npmin.org\/de\/wp-json\/wp\/v2\/product_tag?post=5525"}],"curies":[{"name":"wp","href":"https:\/\/api.w.org\/{rel}","templated":true}]}}