{"id":5520,"date":"2023-05-08T18:15:36","date_gmt":"2023-05-08T18:15:36","guid":{"rendered":"https:\/\/npmin.org\/?post_type=product&#038;p=5520"},"modified":"2026-03-02T05:39:54","modified_gmt":"2026-03-01T23:39:54","slug":"5520","status":"publish","type":"product","link":"https:\/\/npmin.org\/de\/produkt\/5520\/","title":{"rendered":"Lehren aus Covid (Flash-Laufwerk)"},"content":{"rendered":"<p>&nbsp;<\/p>\n<p>\u201eLessons from Covid\u201c ist eine Serie von 11 Videopr\u00e4sentationen (einschlie\u00dflich aller PowerPoint-Folien und PDF-Dateien), die sich mit den folgenden Fragen befasst: Muss man krank werden, nur weil die Menschen um einen herum krank sind? K\u00f6nnen wir inmitten einer Pandemie oder Epidemie frei von Angst sein? Warum werden wir krank? Was braucht es, um gesund zu sein? Liegt die Ursache der Krankheit au\u00dferhalb oder in einem selbst? Welche Absicht steckt hinter den Ereignissen rund um die Covid-Pandemie? Und wohin wird uns das in Zukunft f\u00fchren? Wenn Sie Antworten auf diese und weitere Fragen suchen, dann ist \u201eLessons from Covid\u201c genau das Richtige f\u00fcr Sie.<\/p>","protected":false},"excerpt":{"rendered":"<p>\u201eLessons from Covid\u201c ist eine elfteilige Videopr\u00e4sentation auf einem USB-Stick, die Sie auf Ihrem Computer, Fernseher mit USB-Anschluss oder anderen Medienplattformen mit USB-Anschluss abspielen k\u00f6nnen. Der Flash-Speicher enth\u00e4lt alle elf Videopr\u00e4sentationen sowie alle PowerPoint-Folien und PDF-Dateien, sodass Sie die Pr\u00e4sentationen an Ihrem Standort teilen k\u00f6nnen.<\/p>","protected":false},"featured_media":7699,"template":"","meta":{"_acf_changed":false},"product_brand":[],"product_cat":[39],"product_tag":[40,41,42,43,44,45,46,47],"class_list":{"0":"post-5520","1":"product","2":"type-product","3":"status-publish","4":"has-post-thumbnail","6":"product_cat-videos","7":"product_tag-flash-drive","8":"product_tag-high-definition","9":"product_tag-infection","10":"product_tag-lessons-from-covid","11":"product_tag-pandemic","12":"product_tag-powerpoint","13":"product_tag-sickness","14":"product_tag-video","16":"first","17":"instock","18":"purchasable","19":"product-type-simple"},"acf":[],"_links":{"self":[{"href":"https:\/\/npmin.org\/de\/wp-json\/wp\/v2\/product\/5520","targetHints":{"allow":["GET"]}}],"collection":[{"href":"https:\/\/npmin.org\/de\/wp-json\/wp\/v2\/product"}],"about":[{"href":"https:\/\/npmin.org\/de\/wp-json\/wp\/v2\/types\/product"}],"wp:featuredmedia":[{"embeddable":true,"href":"https:\/\/npmin.org\/de\/wp-json\/wp\/v2\/media\/7699"}],"wp:attachment":[{"href":"https:\/\/npmin.org\/de\/wp-json\/wp\/v2\/media?parent=5520"}],"wp:term":[{"taxonomy":"product_brand","embeddable":true,"href":"https:\/\/npmin.org\/de\/wp-json\/wp\/v2\/product_brand?post=5520"},{"taxonomy":"product_cat","embeddable":true,"href":"https:\/\/npmin.org\/de\/wp-json\/wp\/v2\/product_cat?post=5520"},{"taxonomy":"product_tag","embeddable":true,"href":"https:\/\/npmin.org\/de\/wp-json\/wp\/v2\/product_tag?post=5520"}],"curies":[{"name":"wp","href":"https:\/\/api.w.org\/{rel}","templated":true}]}}