{"id":4351,"date":"2023-01-17T05:01:28","date_gmt":"2023-01-17T05:01:28","guid":{"rendered":"https:\/\/npmin.org\/?post_type=product&#038;p=4351"},"modified":"2025-01-30T23:02:34","modified_gmt":"2025-01-30T23:02:34","slug":"plant-based-for-life-starter-kit","status":"publish","type":"product","link":"https:\/\/npmin.org\/de\/produkt\/plant-based-for-life-starter-kit\/","title":{"rendered":"Pflanzliches Starter-Kit f\u00fcrs Leben"},"content":{"rendered":"<p>Das Plant-Based for Life Starter Kit ist genau das, was sein Name verspricht. Es ist ein Buch speziell f\u00fcr alle, die auf eine pflanzliche Ern\u00e4hrung umsteigen m\u00f6chten, aber nicht wissen, wie und warum. Das Buch beantwortet h\u00e4ufige Fragen wie: \u201eWoher bekomme ich mein Eiwei\u00df?\u201c, \u201eWie ersetze ich Milchprodukte?\u201c, \u201eWas ist mit Kalzium?\u201c und vieles mehr. Es enth\u00e4lt au\u00dferdem einen 2-Wochen-Speiseplan mit allen Rezepten und Zubereitungsanleitungen. Es richtet sich an vielbesch\u00e4ftigte Menschen, die nur am Wochenende und abends Zeit zum Kochen haben.<\/p>","protected":false},"excerpt":{"rendered":"<p>Das Plant-Based for Life Starter Kit ist genau das, was sein Name verspricht. Es ist ein Buch speziell f\u00fcr alle, die auf eine pflanzliche Ern\u00e4hrung umsteigen m\u00f6chten, aber nicht wissen, wie und warum. Das Buch beantwortet h\u00e4ufige Fragen wie: \u201eWoher bekomme ich mein Eiwei\u00df?\u201c, \u201eWie ersetze ich Milchprodukte?\u201c, \u201eWas ist mit Kalzium?\u201c und vieles mehr. Es enth\u00e4lt au\u00dferdem einen 2-Wochen-Speiseplan mit allen Rezepten und Zubereitungsanleitungen. Es richtet sich an vielbesch\u00e4ftigte Menschen, die nur am Wochenende und abends Zeit zum Kochen haben.<\/p>","protected":false},"featured_media":4352,"template":"","meta":{"_acf_changed":false},"product_brand":[],"product_cat":[38],"product_tag":[],"class_list":{"0":"post-4351","1":"product","2":"type-product","3":"status-publish","4":"has-post-thumbnail","6":"product_cat-books","8":"first","9":"instock","10":"purchasable","11":"product-type-simple"},"acf":[],"_links":{"self":[{"href":"https:\/\/npmin.org\/de\/wp-json\/wp\/v2\/product\/4351","targetHints":{"allow":["GET"]}}],"collection":[{"href":"https:\/\/npmin.org\/de\/wp-json\/wp\/v2\/product"}],"about":[{"href":"https:\/\/npmin.org\/de\/wp-json\/wp\/v2\/types\/product"}],"wp:featuredmedia":[{"embeddable":true,"href":"https:\/\/npmin.org\/de\/wp-json\/wp\/v2\/media\/4352"}],"wp:attachment":[{"href":"https:\/\/npmin.org\/de\/wp-json\/wp\/v2\/media?parent=4351"}],"wp:term":[{"taxonomy":"product_brand","embeddable":true,"href":"https:\/\/npmin.org\/de\/wp-json\/wp\/v2\/product_brand?post=4351"},{"taxonomy":"product_cat","embeddable":true,"href":"https:\/\/npmin.org\/de\/wp-json\/wp\/v2\/product_cat?post=4351"},{"taxonomy":"product_tag","embeddable":true,"href":"https:\/\/npmin.org\/de\/wp-json\/wp\/v2\/product_tag?post=4351"}],"curies":[{"name":"wp","href":"https:\/\/api.w.org\/{rel}","templated":true}]}}