{"id":4342,"date":"2023-01-17T04:51:54","date_gmt":"2023-01-17T04:51:54","guid":{"rendered":"https:\/\/npmin.org\/?post_type=product&#038;p=4342"},"modified":"2026-03-02T06:09:34","modified_gmt":"2026-03-02T00:09:34","slug":"the-great-opportunity-department-store","status":"publish","type":"product","link":"https:\/\/npmin.org\/de\/produkt\/the-great-opportunity-department-store\/","title":{"rendered":"Das Kaufhaus \u201eThe Great Opportunity\u201c"},"content":{"rendered":"<p>Was w\u00fcrden Sie tun, wenn Sie eine unbegrenzte Geschenkkarte f\u00fcr ein Gesch\u00e4ft h\u00e4tten, das alles hat, was Sie brauchen? \u201eThe Great Opportunity Department Store\u201c ist die Geschichte eines Paares in genau dieser Situation, das die Freude und den Sinn entdeckt, die es empfindet, wenn es sich alles, was es braucht, aus dem Great Opportunity Department Store holt und es gro\u00dfz\u00fcgig an andere weitergibt.<\/p>","protected":false},"excerpt":{"rendered":"<p>Was w\u00fcrden Sie tun, wenn Sie eine unbegrenzte Geschenkkarte f\u00fcr ein Gesch\u00e4ft h\u00e4tten, das alles hat, was Sie brauchen? \u201eThe Great Opportunity Department Store\u201c ist die Geschichte eines Paares in genau dieser Situation, das die Freude und den Sinn entdeckt, die es empfindet, wenn es sich alles, was es braucht, aus dem Great Opportunity Department Store holt und es gro\u00dfz\u00fcgig an andere weitergibt.<\/p>","protected":false},"featured_media":4343,"template":"","meta":{"_acf_changed":false},"product_brand":[],"product_cat":[38],"product_tag":[],"class_list":{"0":"post-4342","1":"product","2":"type-product","3":"status-publish","4":"has-post-thumbnail","6":"product_cat-books","8":"first","9":"outofstock","10":"purchasable","11":"product-type-simple"},"acf":[],"_links":{"self":[{"href":"https:\/\/npmin.org\/de\/wp-json\/wp\/v2\/product\/4342","targetHints":{"allow":["GET"]}}],"collection":[{"href":"https:\/\/npmin.org\/de\/wp-json\/wp\/v2\/product"}],"about":[{"href":"https:\/\/npmin.org\/de\/wp-json\/wp\/v2\/types\/product"}],"wp:featuredmedia":[{"embeddable":true,"href":"https:\/\/npmin.org\/de\/wp-json\/wp\/v2\/media\/4343"}],"wp:attachment":[{"href":"https:\/\/npmin.org\/de\/wp-json\/wp\/v2\/media?parent=4342"}],"wp:term":[{"taxonomy":"product_brand","embeddable":true,"href":"https:\/\/npmin.org\/de\/wp-json\/wp\/v2\/product_brand?post=4342"},{"taxonomy":"product_cat","embeddable":true,"href":"https:\/\/npmin.org\/de\/wp-json\/wp\/v2\/product_cat?post=4342"},{"taxonomy":"product_tag","embeddable":true,"href":"https:\/\/npmin.org\/de\/wp-json\/wp\/v2\/product_tag?post=4342"}],"curies":[{"name":"wp","href":"https:\/\/api.w.org\/{rel}","templated":true}]}}