{"id":1216,"date":"2024-07-23T13:24:29","date_gmt":"2024-07-23T13:24:29","guid":{"rendered":"https:\/\/npmin.org\/?page_id=1216"},"modified":"2025-06-28T02:33:38","modified_gmt":"2025-06-27T20:33:38","slug":"camp-meeting","status":"publish","type":"page","link":"https:\/\/npmin.org\/de\/camp-meeting\/","title":{"rendered":"Lagertreffen"},"content":{"rendered":"<div data-elementor-type=\"wp-page\" data-elementor-id=\"1216\" class=\"elementor elementor-1216\" data-elementor-post-type=\"page\">\n\t\t\t\t<div class=\"elementor-element elementor-element-38b226f np--main-section e-flex e-con-boxed e-con e-parent\" data-id=\"38b226f\" data-element_type=\"container\" data-e-type=\"container\" data-settings=\"{&quot;background_background&quot;:&quot;classic&quot;}\">\n\t\t\t\t\t<div class=\"e-con-inner\">\n\t\t<div class=\"elementor-element elementor-element-733bc06 e-con-full np--inner-section e-flex e-con e-child\" data-id=\"733bc06\" data-element_type=\"container\" data-e-type=\"container\">\n\t\t<div class=\"elementor-element elementor-element-4821b00 e-con-full e-flex e-con e-child\" data-id=\"4821b00\" data-element_type=\"container\" data-e-type=\"container\">\n\t\t\t\t<div class=\"elementor-element elementor-element-91d4875 elementor-invisible elementor-widget elementor-widget-heading\" data-id=\"91d4875\" data-element_type=\"widget\" data-e-type=\"widget\" data-settings=\"{&quot;_animation&quot;:&quot;fadeInDown&quot;}\" data-widget_type=\"heading.default\">\n\t\t\t\t<div class=\"elementor-widget-container\">\n\t\t\t\t\t<h1 class=\"elementor-heading-title elementor-size-default\">Lagertreffen<\/h1>\t\t\t\t<\/div>\n\t\t\t\t<\/div>\n\t\t\t\t<div class=\"elementor-element elementor-element-1a34718 elementor-widget__width-initial elementor-widget-tablet__width-inherit elementor-invisible elementor-widget elementor-widget-text-editor\" data-id=\"1a34718\" data-element_type=\"widget\" data-e-type=\"widget\" data-settings=\"{&quot;_animation&quot;:&quot;fadeInDown&quot;}\" data-widget_type=\"text-editor.default\">\n\t\t\t\t<div class=\"elementor-widget-container\">\n\t\t\t\t\t\t\t\t\t<p>Unser n\u00e4chstes Camp-Meeting findet vom 17. bis 21. September 2025 statt. Das Thema lautet: Die richtige Vorbereitung. In diesem Camp-Meeting geht es darum, was es bedeutet, sich richtig auf die baldige Wiederkunft Jesu vorzubereiten. Wir werden die n\u00f6tige innere Vorbereitung auf Jesu baldige Wiederkunft studieren und wie sich dies auf unseren Dienst an anderen, unseren Wohnort, unseren Umgang mit unseren Finanzen und vieles mehr auswirkt. \u00a0<\/p>\t\t\t\t\t\t\t\t<\/div>\n\t\t\t\t<\/div>\n\t\t\t\t<\/div>\n\t\t\t\t<\/div>\n\t\t\t\t\t<\/div>\n\t\t\t\t<\/div>\n\t\t<div class=\"elementor-element elementor-element-6c1e9f8 np--main-section e-flex e-con-boxed e-con e-parent\" data-id=\"6c1e9f8\" data-element_type=\"container\" data-e-type=\"container\" data-settings=\"{&quot;background_background&quot;:&quot;classic&quot;}\">\n\t\t\t\t\t<div class=\"e-con-inner\">\n\t\t<div class=\"elementor-element elementor-element-0def7c6 e-con-full np--inner-section np--space-m e-flex e-con e-child\" data-id=\"0def7c6\" data-element_type=\"container\" data-e-type=\"container\">\n\t\t<div class=\"elementor-element elementor-element-9356ad8 e-con-full e-flex elementor-invisible e-con e-child\" data-id=\"9356ad8\" data-element_type=\"container\" data-e-type=\"container\" data-settings=\"{&quot;animation&quot;:&quot;fadeInLeft&quot;}\">\n\t\t\t\t<div class=\"elementor-element elementor-element-6858ae5 elementor-widget elementor-widget-text-editor\" data-id=\"6858ae5\" data-element_type=\"widget\" data-e-type=\"widget\" data-widget_type=\"text-editor.default\">\n\t\t\t\t<div class=\"elementor-widget-container\">\n\t\t\t\t\t\t\t\t\t<p>New Paradigm Ministries l\u00e4dt Sie herzlich zu \u201eThe Right Preparation\u201c ein \u2013 unserem Camp Meeting, das vom 17. bis 21. September 2025 auf unserem Campus in Cabool, Missouri, stattfindet.<\/p><p>Wir hielten dieses Thema aus zwei Gr\u00fcnden f\u00fcr notwendig. Erstens glauben wir fest daran, dass Jesus bald wiederkommt, und wir m\u00fcssen uns jetzt darauf vorbereiten. Und zweitens setzen viele der verf\u00fcgbaren Ratschl\u00e4ge zur Vorbereitung auf seine Wiederkunft falsche Schwerpunkte. Wenn Sie also glauben, dass Jesus bald wiederkommt, und der Meinung sind, dass es notwendig ist, besser zu verstehen, wie wir uns auf seine Wiederkunft vorbereiten k\u00f6nnen, besuchen Sie uns vom 17. bis 21. September 2025 auf unserem Campus in Cabool, Missouri.<\/p><p>Michala Faber aus D\u00e4nemark wird uns begleiten und praktische Wahrheiten dar\u00fcber vermitteln, wie man mit Gott zusammenarbeitet, um den Geist Christi wiederherzustellen und Teil der 144.000 zu werden. Dr. Eric Barton wird die N\u00e4he von Christi Wiederkunft ergr\u00fcnden und die in der Kirche entwickelte Prepper-Mentalit\u00e4t entlarven. Scott Griswold von Reach the World Next Door wird die Morgenandachten leiten und uns dazu auffordern, durch Gebete in Christus zu wachsen. Dr. Sandoval wird sich auf die Gerechtigkeit durch Glauben an die dritte Engelsbotschaft und den lauten Ruf und ihre Rolle in den 144.000 konzentrieren. Wir werden au\u00dferdem Kindertreffen, wunderbares Essen, Kleingruppensitzungen unter der Leitung von Jonathan und Angela Peoples und vieles mehr veranstalten.<\/p>\t\t\t\t\t\t\t\t<\/div>\n\t\t\t\t<\/div>\n\t\t\t\t<\/div>\n\t\t<div class=\"elementor-element elementor-element-a405847 e-con-full e-flex e-con e-child\" data-id=\"a405847\" data-element_type=\"container\" data-e-type=\"container\">\n\t\t\t\t<div class=\"elementor-element elementor-element-fe47fcb elementor-invisible elementor-widget elementor-widget-image\" data-id=\"fe47fcb\" data-element_type=\"widget\" data-e-type=\"widget\" data-settings=\"{&quot;_animation&quot;:&quot;fadeInRight&quot;}\" data-widget_type=\"image.default\">\n\t\t\t\t<div class=\"elementor-widget-container\">\n\t\t\t\t\t\t\t\t\t\t\t\t\t\t\t<img fetchpriority=\"high\" decoding=\"async\" width=\"1600\" height=\"1054\" src=\"https:\/\/npmin.org\/wp-content\/uploads\/2025\/06\/2nd-Coming-Image.jpg\" class=\"attachment-full size-full wp-image-9211\" alt=\"\" srcset=\"https:\/\/npmin.org\/wp-content\/uploads\/2025\/06\/2nd-Coming-Image.jpg 1600w, https:\/\/npmin.org\/wp-content\/uploads\/2025\/06\/2nd-Coming-Image-300x198.jpg 300w, https:\/\/npmin.org\/wp-content\/uploads\/2025\/06\/2nd-Coming-Image-1024x675.jpg 1024w, https:\/\/npmin.org\/wp-content\/uploads\/2025\/06\/2nd-Coming-Image-768x506.jpg 768w, https:\/\/npmin.org\/wp-content\/uploads\/2025\/06\/2nd-Coming-Image-1536x1012.jpg 1536w, https:\/\/npmin.org\/wp-content\/uploads\/2025\/06\/2nd-Coming-Image-600x395.jpg 600w\" sizes=\"(max-width: 1600px) 100vw, 1600px\" \/>\t\t\t\t\t\t\t\t\t\t\t\t\t\t\t<\/div>\n\t\t\t\t<\/div>\n\t\t\t\t<\/div>\n\t\t\t\t<\/div>\n\t\t\t\t\t<\/div>\n\t\t\t\t<\/div>\n\t\t<div class=\"elementor-element elementor-element-faf03c5 e-flex e-con-boxed e-con e-parent\" data-id=\"faf03c5\" data-element_type=\"container\" data-e-type=\"container\" data-settings=\"{&quot;background_background&quot;:&quot;classic&quot;}\">\n\t\t\t\t\t<div class=\"e-con-inner\">\n\t\t\t\t\t<\/div>\n\t\t\t\t<\/div>\n\t\t<div class=\"elementor-element elementor-element-42a13ac np--main-section e-flex e-con-boxed e-con e-parent\" data-id=\"42a13ac\" data-element_type=\"container\" data-e-type=\"container\" data-settings=\"{&quot;background_background&quot;:&quot;classic&quot;}\">\n\t\t\t\t\t<div class=\"e-con-inner\">\n\t\t<div class=\"elementor-element elementor-element-5d04183 e-con-full np--inner-section np--space-m e-flex e-con e-child\" data-id=\"5d04183\" data-element_type=\"container\" data-e-type=\"container\">\n\t\t<div class=\"elementor-element elementor-element-032f884 e-con-full e-flex e-con e-child\" data-id=\"032f884\" data-element_type=\"container\" data-e-type=\"container\">\n\t\t\t\t<div class=\"elementor-element elementor-element-79d35e1 elementor-invisible elementor-widget elementor-widget-image\" data-id=\"79d35e1\" data-element_type=\"widget\" data-e-type=\"widget\" data-settings=\"{&quot;_animation&quot;:&quot;fadeInLeft&quot;}\" data-widget_type=\"image.default\">\n\t\t\t\t<div class=\"elementor-widget-container\">\n\t\t\t\t\t\t\t\t\t\t\t\t\t\t\t\t<a href=\"https:\/\/npmin.org\/wp-content\/uploads\/2025\/06\/Fall-Camp-Meeting-2025-Flyer-scaled.jpg\" data-elementor-open-lightbox=\"yes\" data-elementor-lightbox-title=\"Fall Camp Meeting 2025 Flyer\" data-e-action-hash=\"#elementor-action%3Aaction%3Dlightbox%26settings%3DeyJpZCI6OTIxMiwidXJsIjoiaHR0cHM6XC9cL25wbWluLm9yZ1wvd3AtY29udGVudFwvdXBsb2Fkc1wvMjAyNVwvMDZcL0ZhbGwtQ2FtcC1NZWV0aW5nLTIwMjUtRmx5ZXItc2NhbGVkLmpwZyJ9\">\n\t\t\t\t\t\t\t<img decoding=\"async\" width=\"1656\" height=\"2560\" src=\"https:\/\/npmin.org\/wp-content\/uploads\/2025\/06\/Fall-Camp-Meeting-2025-Flyer-scaled.jpg\" class=\"attachment-full size-full wp-image-9212\" alt=\"\" srcset=\"https:\/\/npmin.org\/wp-content\/uploads\/2025\/06\/Fall-Camp-Meeting-2025-Flyer-scaled.jpg 1656w, https:\/\/npmin.org\/wp-content\/uploads\/2025\/06\/Fall-Camp-Meeting-2025-Flyer-194x300.jpg 194w, https:\/\/npmin.org\/wp-content\/uploads\/2025\/06\/Fall-Camp-Meeting-2025-Flyer-663x1024.jpg 663w, https:\/\/npmin.org\/wp-content\/uploads\/2025\/06\/Fall-Camp-Meeting-2025-Flyer-768x1187.jpg 768w, https:\/\/npmin.org\/wp-content\/uploads\/2025\/06\/Fall-Camp-Meeting-2025-Flyer-994x1536.jpg 994w, https:\/\/npmin.org\/wp-content\/uploads\/2025\/06\/Fall-Camp-Meeting-2025-Flyer-1325x2048.jpg 1325w, https:\/\/npmin.org\/wp-content\/uploads\/2025\/06\/Fall-Camp-Meeting-2025-Flyer-600x927.jpg 600w\" sizes=\"(max-width: 1656px) 100vw, 1656px\" \/>\t\t\t\t\t\t\t\t<\/a>\n\t\t\t\t\t\t\t\t\t\t\t\t\t\t\t<\/div>\n\t\t\t\t<\/div>\n\t\t\t\t<\/div>\n\t\t<div class=\"elementor-element elementor-element-4fa31ea e-con-full e-flex e-con e-child\" data-id=\"4fa31ea\" data-element_type=\"container\" data-e-type=\"container\">\n\t\t\t\t<div class=\"elementor-element elementor-element-536815f elementor-invisible elementor-widget elementor-widget-text-editor\" data-id=\"536815f\" data-element_type=\"widget\" data-e-type=\"widget\" data-settings=\"{&quot;_animation&quot;:&quot;fadeInRight&quot;}\" data-widget_type=\"text-editor.default\">\n\t\t\t\t<div class=\"elementor-widget-container\">\n\t\t\t\t\t\t\t\t\t<p><strong>Weitere Details zum Camp Meeting<\/strong><\/p><p><strong>Das Camp-Treffen findet auf unserem Grundst\u00fcck unter dieser Adresse statt:<\/strong><br \/>14527 Berry Rd<br \/>Cabool, MO 65689<\/p><p><strong>Flugh\u00e4fen<\/strong><br \/>Der n\u00e4chstgelegene Flughafen ist der Springfield-Branson National Airport (90 Minuten entfernt). Der n\u00e4chstgelegene Flughafen ist der St. Louis-Lambert International Airport (3 Stunden entfernt). In unserer Gegend gibt es keine \u00f6ffentlichen Verkehrsmittel, daher ben\u00f6tigen Sie einen Mietwagen, um zum Camp-Treffen und zur\u00fcck zu gelangen.<\/p><p><strong>Wohnen au\u00dferhalb des Campus<\/strong><br \/>Airbnbs sind in unserer Gegend begrenzt, ebenso wie VRBOs. Die n\u00e4chstgelegenen Hotels sind<br \/>Comfort Inn and Suites \u2013 https:\/\/www.choicehotels.com\/missouri\/mountain-grove\/comfort-inn-hotels\/mo478 (ca. 25 Minuten entfernt)<br \/>Highland Inn &amp; Suites \u2013 https:\/\/www.highlandinnandsuites.com (ca. 10 Minuten entfernt)<br \/>Royal Inn \u2013 https:\/\/royalinnmo.com (ca. 25 Minuten entfernt)<\/p><p><strong>Wohnen auf dem Campus<\/strong><\/p><p>Wenn Sie einen Wohnmobilstellplatz reserviert haben, ist dieser mit Stromanschluss (30 Ampere oder 50 Ampere) und Wasser ausgestattet. Es gibt keine Kl\u00e4rgrube auf Ihrem Stellplatz, aber f\u00fcr alle, die eine Entsorgungsstation ben\u00f6tigen, gibt es in der N\u00e4he der Stellpl\u00e4tze eine Entsorgungsstation.<\/p><p>Wenn Sie auf dem Gel\u00e4nde zelten, beachten Sie bitte, dass der Boden in Missouri sehr steinig ist. Erwarten Sie daher keinen weichen Grasteppich. Bringen Sie eine Unterlage zum Schlafen in Ihrem Zelt mit. Die Zeltpl\u00e4tze werden nach dem Prinzip \u201eWer zuerst kommt, mahlt zuerst\u201c vergeben. Wir haben keine markierten Pl\u00e4tze, aber bei Ihrer Ankunft weisen wir Ihnen die Stellen zu, an denen Sie Ihr Zelt aufstellen k\u00f6nnen. Einige Zeltpl\u00e4tze sind nahe genug, um mit einem 15- oder 30-Meter-Verl\u00e4ngerungskabel Strom in Ihr Zelt zu bekommen, aber diese Pl\u00e4tze sind begrenzt. Die meisten Zelte haben keinen Stromanschluss.<\/p><p><em><strong>Weitere Informationen werden Ihnen nach der Anmeldung zugesandt.<\/strong><\/em><\/p>\t\t\t\t\t\t\t\t<\/div>\n\t\t\t\t<\/div>\n\t\t\t\t<div class=\"elementor-element elementor-element-7788f78 btn--teal full-btn elementor-invisible elementor-widget elementor-widget-button\" data-id=\"7788f78\" data-element_type=\"widget\" data-e-type=\"widget\" data-settings=\"{&quot;_animation&quot;:&quot;fadeInUp&quot;}\" data-widget_type=\"button.default\">\n\t\t\t\t<div class=\"elementor-widget-container\">\n\t\t\t\t\t\t\t\t\t<div class=\"elementor-button-wrapper\">\n\t\t\t\t\t<a class=\"elementor-button elementor-button-link elementor-size-sm\" href=\"https:\/\/npmin.org\/de\/camp-meeting\/registration\/\">\n\t\t\t\t\t\t<span class=\"elementor-button-content-wrapper\">\n\t\t\t\t\t\t\t\t\t<span class=\"elementor-button-text\">JETZT REGISTRIEREN<\/span>\n\t\t\t\t\t<\/span>\n\t\t\t\t\t<\/a>\n\t\t\t\t<\/div>\n\t\t\t\t\t\t\t\t<\/div>\n\t\t\t\t<\/div>\n\t\t\t\t<\/div>\n\t\t\t\t<\/div>\n\t\t\t\t\t<\/div>\n\t\t\t\t<\/div>\n\t\t\t\t<\/div>","protected":false},"excerpt":{"rendered":"<p>Our next camp meeting will be September 17-21, 2025. The theme is The Right Preparation. This camp meeting will look at what it means to prepare correctly for the soon return of Jesus. We will study the heart preparation needed to be ready for Jesus&#8217; soon return, and how that reflects in our ministry to [&hellip;]<\/p>\n","protected":false},"author":3,"featured_media":0,"parent":0,"menu_order":0,"comment_status":"closed","ping_status":"closed","template":"","meta":{"_acf_changed":false,"footnotes":""},"class_list":["post-1216","page","type-page","status-publish","hentry"],"acf":[],"_links":{"self":[{"href":"https:\/\/npmin.org\/de\/wp-json\/wp\/v2\/pages\/1216","targetHints":{"allow":["GET"]}}],"collection":[{"href":"https:\/\/npmin.org\/de\/wp-json\/wp\/v2\/pages"}],"about":[{"href":"https:\/\/npmin.org\/de\/wp-json\/wp\/v2\/types\/page"}],"author":[{"embeddable":true,"href":"https:\/\/npmin.org\/de\/wp-json\/wp\/v2\/users\/3"}],"replies":[{"embeddable":true,"href":"https:\/\/npmin.org\/de\/wp-json\/wp\/v2\/comments?post=1216"}],"version-history":[{"count":25,"href":"https:\/\/npmin.org\/de\/wp-json\/wp\/v2\/pages\/1216\/revisions"}],"predecessor-version":[{"id":9221,"href":"https:\/\/npmin.org\/de\/wp-json\/wp\/v2\/pages\/1216\/revisions\/9221"}],"wp:attachment":[{"href":"https:\/\/npmin.org\/de\/wp-json\/wp\/v2\/media?parent=1216"}],"curies":[{"name":"wp","href":"https:\/\/api.w.org\/{rel}","templated":true}]}}